{"id":34,"date":"2024-11-14T18:30:35","date_gmt":"2024-11-14T18:30:35","guid":{"rendered":"https:\/\/visualstressclinic.ca\/?page_id=34"},"modified":"2026-03-24T17:51:09","modified_gmt":"2026-03-24T17:51:09","slug":"about-opticalm","status":"publish","type":"page","link":"https:\/\/opticalm.ca\/fr\/about-opticalm\/","title":{"rendered":"\u00c0 propos d'Opticalm"},"content":{"rendered":"<div class=\"et_pb_section_0 et_pb_section et_section_regular et_block_section section_has_divider et_pb_bottom_divider\">\n<div class=\"et_pb_row_0 et_pb_row et_block_row\">\n<div class=\"et_pb_column_0 et_pb_column et_pb_column_4_4 et-last-child et_block_column et_pb_css_mix_blend_mode_passthrough\">\n<div class=\"et_pb_text_0 et_pb_text et_pb_bg_layout_dark et_pb_module et_block_module preset--module--divi-text--2848bfa0-b1d8-4be4-b846-47aeb1ab88b5\"><div class=\"et_pb_text_inner\"><h3><span style=\"color: #000000;\">\u00c0 propos d'Opticalm<\/span><\/h3>\n<p><span style=\"color: #000000;\">Depuis 2012, nous avons aid\u00e9 plus de mille clients ayant des troubles de vision post-commotion, de difficult\u00e9s d'apprentissage, de migraines et d'autres difficult\u00e9s neurologiques. Tous souffraient d'une sensibilit\u00e9 \u00e0 la lumi\u00e8re et aux motifs, de difficult\u00e9s de lecture, de probl\u00e8mes vestibulaires, d'anxi\u00e9t\u00e9 et\/ou de distorsions perceptives. En utilisant nos solutions de filtres color\u00e9s de pr\u00e9cision sur mesure, les clients ont fait \u00e9tat d'une meilleure tol\u00e9rance de leur environnement visuel, d'une plus grande capacit\u00e9 \u00e0 lire, d'une r\u00e9duction des troubles vestibulaires et\/ou d'une am\u00e9lioration de la perception visuelle conduisant \u00e0 une r\u00e9duction de l'anxi\u00e9t\u00e9 dans les espaces publics ou en conduisant.<\/span><\/p>\n<\/div><\/div>\n\n<div class=\"et_pb_module et_pb_button_module_wrapper et_pb_button_0_wrapper\"><a class=\"et_pb_button_0 et_pb_button et_pb_bg_layout_light et_pb_module et_block_module\" href=\"\">Book an appointment<\/a><\/div>\n<\/div>\n<\/div>\n\n<div class=\"et_pb_row_1 et_pb_row et_pb_equal_columns et_pb_gutters2 et_block_row\">\n<div class=\"et_pb_column_1 et_pb_column et_pb_column_1_2 et_block_column et_pb_css_mix_blend_mode_passthrough\">\n<div class=\"et_pb_blurb_0 et_pb_blurb et_pb_bg_layout_light et_pb_blurb_position_top et_animated et_pb_module et_block_module preset--group--divi-blurb--divi-font-body--h19rs5u--default\"><div class=\"et_pb_blurb_content\"><div class=\"et_pb_blurb_container\"><h2 class=\"et_pb_module_header\"><a href=\"#top\">Vision<\/a><\/h2><div class=\"et_pb_blurb_description\"><p><span style=\"color: #000000;\">Les \u00e9valuations et les solutions en mati\u00e8re de stress visuel sont largement disponibles et accessibles pour aider les Canadiens \u00e0 identifier, g\u00e9rer et r\u00e9duire leurs sympt\u00f4mes.<\/span><\/p>\n<\/div><\/div><\/div><\/div>\n<\/div>\n\n<div class=\"et_pb_column_2 et_pb_column et_pb_column_1_2 et-last-child et_block_column et_pb_css_mix_blend_mode_passthrough\">\n<div class=\"et_pb_blurb_1 et_pb_blurb et_pb_bg_layout_light et_pb_blurb_position_top et_animated et_pb_module et_block_module preset--group--divi-blurb--divi-font-body--h19rs5u--default\"><div class=\"et_pb_blurb_content\"><div class=\"et_pb_blurb_container\"><h2 class=\"et_pb_module_header\"><a href=\"#top\">Mission<\/a><\/h2><div class=\"et_pb_blurb_description\"><p><span style=\"color: #000000;\">Maximiser les soins et l'exp\u00e9rience des patients gr\u00e2ce \u00e0 notre r\u00e9seau de professionnels de l'\u00e9ducation, des soins de la vue et de la sant\u00e9.<\/span><\/p>\n<\/div><\/div><\/div><\/div>\n<\/div>\n<\/div>\n\n<div class=\"et_pb_row_2 et_pb_row et_pb_gutters2 et_block_row\">\n<div class=\"et_pb_column_3 et_pb_column et_pb_column_4_4 et-last-child et_block_column et_pb_css_mix_blend_mode_passthrough\">\n<div class=\"et_pb_blurb_2 et_pb_blurb et_pb_bg_layout_light et_pb_blurb_position_top et_animated et_pb_module et_block_module preset--group--divi-blurb--divi-font-body--h19rs5u--default\"><div class=\"et_pb_blurb_content\"><div class=\"et_pb_blurb_container\"><h2 class=\"et_pb_module_header\"><a href=\"#top\">Goals<\/a><\/h2><div class=\"et_pb_blurb_description\"><ul class=\"font_8 wixui-rich-text__text\">\n<li class=\"wixui-rich-text__text\">\n<p class=\"font_8 wixui-rich-text__text\"><span style=\"color: #000000;\">Sensibiliser les Canadiens au stress visuel.<\/span><\/p>\n<\/li>\n<li class=\"wixui-rich-text__text\">\n<p class=\"font_8 wixui-rich-text__text\"><span style=\"color: #000000;\">Build a strong nationwide network of Intuitive Colorimeter&#x2122; Providers and assessment specialist.<\/span><\/p>\n<\/li>\n<li class=\"wixui-rich-text__text\">\n<p class=\"font_8 wixui-rich-text__text\"><span style=\"color: #000000;\">D\u00e9velopper une communaut\u00e9 de sp\u00e9cialistes de la sant\u00e9 et de l'\u00e9ducation pour aider \u00e0 l'identification et au traitement du stress visuel.<\/span><\/p>\n<\/li>\n<li class=\"wixui-rich-text__text\">\n<p class=\"font_8 wixui-rich-text__text\"><span style=\"color: #000000;\">Fournir une large gamme d'outils et de technologies d'assistance fond\u00e9s sur des donn\u00e9es probantes.<\/span><\/p>\n<\/li>\n<li class=\"wixui-rich-text__text\">\n<p class=\"font_8 wixui-rich-text__text\"><span style=\"color: #000000;\">Cr\u00e9er et proposer des solutions technologiques innovantes pour soutenir les services d'\u00e9valuation et la recherche.<\/span><\/p>\n<\/li>\n<\/ul>\n<\/div><\/div><\/div><\/div>\n<\/div>\n<\/div>\n<div class=\"et_pb_bottom_inside_divider et-no-transition\"><\/div><\/div>\n\n<div class=\"et_pb_section_1 et_pb_section et_section_regular et_block_section\">\n<div class=\"et_pb_row_3 et_pb_row et_block_row\">\n<div class=\"et_pb_column_4 et_pb_column et_pb_column_4_4 et-last-child et_block_column et_pb_css_mix_blend_mode_passthrough\">\n<div class=\"et_pb_text_1 et_pb_text et_pb_bg_layout_light et_pb_module et_block_module preset--module--divi-text--2848bfa0-b1d8-4be4-b846-47aeb1ab88b5\"><div class=\"et_pb_text_inner\"><h4><span style=\"color: #000000;\">Clinique de stress visuel Opticalm<\/span><\/h4>\n<p><span style=\"color: #000000;\">Opticalm op\u00e8re \u00e9galement une clinique de stress visuel \u00e0 Ottawa (Ontario). Il s'agit d'un \u00e9tablissement de soins de sant\u00e9 approuv\u00e9 par le HCAI et autoris\u00e9 par la Commission des services financiers de l'Ontario (CSFO) \u00e0 fournir des services aux demandeurs d'indemnit\u00e9s d'accident de la route. Nous avons conclu des accords avec le gouvernement du Canada, les conseils scolaires locaux et la Commission de la s\u00e9curit\u00e9 professionnelle et de l'assurance contre les accidents du travail (CSPAAT).<\/span><\/p>\n<\/div><\/div>\n<\/div>\n<\/div>\n<\/div>\n\n<div class=\"et_pb_section_2 et_pb_section et_section_regular et_block_section\" id=\"step-1\">\n<div class=\"et_pb_row_4 et_pb_row et_block_row\">\n<div class=\"et_pb_column_5 et_pb_column et_pb_column_1_2 et_block_column et_pb_css_mix_blend_mode_passthrough\">\n<div class=\"et_pb_image_0 et_pb_image et_animated et_pb_module et_block_module\"><span class=\"et_pb_image_wrap\"><img loading=\"lazy\" decoding=\"async\" src=\"https:\/\/visualstressclinic.ca\/wp-content\/uploads\/2025\/12\/Scientists-in-a-Laboratory.png\" alt=\"Scientists in a Laboratory\" title=\"Scientists in a Laboratory\" width=\"1080\" height=\"720\" srcset=\"https:\/\/visualstressclinic.ca\/wp-content\/uploads\/2025\/12\/Scientists-in-a-Laboratory.png 1080w, https:\/\/visualstressclinic.ca\/wp-content\/uploads\/2025\/12\/Scientists-in-a-Laboratory-980x653.png 980w, https:\/\/visualstressclinic.ca\/wp-content\/uploads\/2025\/12\/Scientists-in-a-Laboratory-480x320.png 480w\" sizes=\"(min-width: 0px) and (max-width: 480px) 480px, (min-width: 481px) and (max-width: 980px) 980px, (min-width: 981px) 1080px, 100vw\" class=\"wp-image-971\" \/><\/span><\/div>\n<\/div>\n\n<div class=\"et_pb_column_6 et_pb_column et_pb_column_1_2 et-last-child et_block_column et_pb_css_mix_blend_mode_passthrough\">\n<div class=\"et_pb_divider_0 et_pb_divider et_pb_space et_pb_divider_position_top et_pb_module\"><div class=\"et_pb_divider_internal\"><\/div><\/div>\n\n<div class=\"et_pb_text_2 et_pb_text et_pb_bg_layout_light et_pb_module et_block_module preset--group--divi-text--divi-font-header--h1y3ko5--default preset--group--divi-text--divi-font-body--h19rs5u--default preset--group--divi-text--divi-font-body--h1yjkjr--default preset--module--divi-text--default\"><div class=\"et_pb_text_inner\"><h2>Chercheur principaux<\/h2>\n<\/div><\/div>\n\n<div class=\"et_pb_row_5 et_pb_row et_pb_row_nested et_flex_row\">\n<div class=\"et_pb_column_7 et_pb_column et-last-child et_flex_column et_pb_css_mix_blend_mode_passthrough et_flex_column_24_24 et_flex_column_24_24_tablet et_flex_column_24_24_phone\">\n<div class=\"et_pb_module et_pb_button_module_wrapper et_pb_button_1_wrapper preset--group--divi-button--divi-button--h1c8vfa--iy33fxtfem_wrapper\"><a class=\"et_pb_button_1 et_pb_button et_pb_bg_layout_light et_pb_module et_block_module preset--group--divi-button--divi-button--h1c8vfa--iy33fxtfem\" href=\"https:\/\/opticalm.ca\/fr\/key-researchers\/\" data-icon=\"&amp;\">En savoir plus<\/a><\/div>\n<\/div>\n<\/div>\n<\/div>\n<\/div>\n<\/div>\n\n\n\n<div class=\"et_pb_section_4 et_pb_section et_section_regular et_block_section\">\n<div class=\"et_pb_row_7 et_pb_row et_block_row\">\n<div class=\"et_pb_column_9 et_pb_column et_pb_column_4_4 et-last-child et_block_column et_pb_css_mix_blend_mode_passthrough\">\n<div class=\"et_pb_text_3 et_pb_text et_pb_bg_layout_dark et_pb_module et_block_module preset--module--divi-text--2848bfa0-b1d8-4be4-b846-47aeb1ab88b5\"><div class=\"et_pb_text_inner\"><h2>Rejoindre le r\u00e9seau ou les fournisseurs de colorim\u00e9trie.<\/h2>\n<p>\u00cates-vous un professionnel de la vue ? \u00cates-vous en qu\u00eate d'une nouvelle fa\u00e7on de diff\u00e9rencier votre pratique et d'augmenter votre client\u00e8le ? Opticalm a ce qu'il vous faut!<\/p>\n<\/div><\/div>\n\n<div class=\"et_pb_module et_pb_button_module_wrapper et_pb_button_2_wrapper\"><a class=\"et_pb_button_2 et_pb_button et_pb_bg_layout_light et_pb_module et_block_module\" href=\"\">En savoir plus<\/a><\/div>\n<\/div>\n<\/div>\n<\/div>","protected":false},"excerpt":{"rendered":"","protected":false},"author":1,"featured_media":0,"parent":0,"menu_order":3,"comment_status":"closed","ping_status":"closed","template":"","meta":{"footnotes":""},"class_list":["post-34","page","type-page","status-publish","hentry"],"_links":{"self":[{"href":"https:\/\/opticalm.ca\/fr\/wp-json\/wp\/v2\/pages\/34","targetHints":{"allow":["GET"]}}],"collection":[{"href":"https:\/\/opticalm.ca\/fr\/wp-json\/wp\/v2\/pages"}],"about":[{"href":"https:\/\/opticalm.ca\/fr\/wp-json\/wp\/v2\/types\/page"}],"author":[{"embeddable":true,"href":"https:\/\/opticalm.ca\/fr\/wp-json\/wp\/v2\/users\/1"}],"replies":[{"embeddable":true,"href":"https:\/\/opticalm.ca\/fr\/wp-json\/wp\/v2\/comments?post=34"}],"version-history":[{"count":18,"href":"https:\/\/opticalm.ca\/fr\/wp-json\/wp\/v2\/pages\/34\/revisions"}],"predecessor-version":[{"id":974,"href":"https:\/\/opticalm.ca\/fr\/wp-json\/wp\/v2\/pages\/34\/revisions\/974"}],"wp:attachment":[{"href":"https:\/\/opticalm.ca\/fr\/wp-json\/wp\/v2\/media?parent=34"}],"curies":[{"name":"wp","href":"https:\/\/api.w.org\/{rel}","templated":true}]}}