{"id":38,"date":"2024-11-14T18:30:35","date_gmt":"2024-11-14T18:30:35","guid":{"rendered":"https:\/\/visualstressclinic.ca\/?page_id=38"},"modified":"2026-01-21T01:34:12","modified_gmt":"2026-01-21T01:34:12","slug":"tint-update","status":"publish","type":"page","link":"https:\/\/opticalm.ca\/fr\/tint-update\/","title":{"rendered":"Mise \u00e0 jour de la teinte"},"content":{"rendered":"<div class=\"et_pb_section_0 et_pb_section et_section_specialty et_pb_equal_columns et_pb_gutters3 et_block_section section_has_divider et_pb_bottom_divider\"><div class=\"et_pb_row et_block_row\">\n<div class=\"et_pb_column_0 et_pb_column et_pb_column_single et_pb_column_1_2 et_block_column et_pb_css_mix_blend_mode_passthrough\">\n<div class=\"et_pb_text_0 et_pb_text et_pb_bg_layout_dark et_pb_module et_block_module preset--module--divi-text--5f8326b9-6dff-4aaa-8d72-3eb64a3377f2\"><div class=\"et_pb_text_inner\"><h1>Mise \u00e0 jour de la teinte<\/h1>\n<\/div><\/div>\n\n<div class=\"et_pb_divider_0 et_pb_divider et_pb_space et_pb_divider_position_center et_pb_module\"><div class=\"et_pb_divider_internal\"><\/div><\/div>\n\n<div class=\"et_pb_text_1 et_pb_text et_pb_bg_layout_dark et_pb_module et_block_module preset--module--divi-text--5f8326b9-6dff-4aaa-8d72-3eb64a3377f2\"><div class=\"et_pb_text_inner\"><p>Au fil du temps, vous pourriez remarquer une diminution de l\u2019efficacit\u00e9 des verres teint\u00e9s de pr\u00e9cision. Pour cette raison, vous pourriez cesser de les porter, mais ce n\u2019est pas la solution. Votre syst\u00e8me visuel change avec le temps, tout comme vos yeux. La plupart des gens devront faire corriger leur ordonnance de lunettes apr\u00e8s quelques ann\u00e9es. C\u2019est la m\u00eame chose pour les teintes de pr\u00e9cision.<\/p>\n<p>Peu importe la raison que vous aviez de porter des verres teint\u00e9s (att\u00e9nuer les sensibilit\u00e9s post-traumatiques, l\u2019anxi\u00e9t\u00e9, les maux de t\u00eate ou am\u00e9liorer votre capacit\u00e9 de lecture et de concentration), votre cerveau n\u2019est pas \u00e0 l\u2019abri de changements qui peuvent diminuer l\u2019efficacit\u00e9 de votre teinte actuelle.<\/p>\n<\/div><\/div>\n<\/div>\n\n<div class=\"et_pb_column_1 et_pb_column et_pb_specialty_column et_pb_column_1_2 et-last-child et_block_column et_pb_css_mix_blend_mode_passthrough\">\n<div class=\"et_pb_row_inner_0 et_pb_row_inner et_block_row\">\n<div class=\"et_pb_column_inner_0 et_pb_column_inner et_pb_column et_pb_column_4_4 et-last-child et_block_column et_pb_css_mix_blend_mode_passthrough\">\n<div class=\"et_pb_image_0 et_pb_image et_pb_module et_block_module\"><span class=\"et_pb_image_wrap\"><img loading=\"lazy\" decoding=\"async\" src=\"https:\/\/visualstressclinic.ca\/wp-content\/uploads\/2025\/12\/temp-de-changer_Business-concept-FR.png\" alt=\"Time for change with alarm clock\" title=\"Time for change_Business concept\" width=\"720\" height=\"480\" srcset=\"\" sizes=\"(min-width: 0px) and (max-width: 480px) 480px, (min-width: 481px) 720px, 100vw\" class=\"wp-image-953\" data-srcset=\"\" \/><\/span><\/div>\n<\/div>\n<\/div>\n<\/div>\n<\/div><div class=\"et_pb_bottom_inside_divider et-no-transition\"><\/div><\/div>\n\n<div class=\"et_pb_section_1 et_pb_section et_section_regular et_block_section\">\n<div class=\"et_pb_row_0 et_pb_row et_pb_gutters4 et_block_row\">\n<div class=\"et_pb_column_2 et_pb_column et_pb_column_1_2 et_block_column et_pb_css_mix_blend_mode_passthrough\">\n<div class=\"et_pb_text_2 et_pb_text et_pb_bg_layout_light et_pb_module et_block_module preset--module--divi-text--5f8326b9-6dff-4aaa-8d72-3eb64a3377f2\"><div class=\"et_pb_text_inner\"><h4>Votre cerveau<\/h4>\n<h3>d\u00e9compresse<\/h3>\n<\/div><\/div>\n\n<div class=\"et_pb_divider_1 et_pb_divider et_pb_space et_pb_divider_position_top et_pb_module\"><div class=\"et_pb_divider_internal\"><\/div><\/div>\n\n<div class=\"et_pb_text_3 et_pb_text et_pb_bg_layout_light et_pb_module et_block_module preset--module--divi-text--5f8326b9-6dff-4aaa-8d72-3eb64a3377f2\"><div class=\"et_pb_text_inner\"><p>Les filtres de pr\u00e9cision diminuent l\u2019hyperactivit\u00e9, ce qui permet au cerveau de d\u00e9compresser. Au fil du temps, il apprend \u00e0 tol\u00e9rer les d\u00e9clencheurs visuels dans l\u2019environnement. Le syst\u00e8me visuel se d\u00e9tend et requiert une teinte diff\u00e9rente.<\/p>\n<\/div><\/div>\n\n<div class=\"et_pb_text_4 et_pb_text et_pb_bg_layout_light et_pb_module et_block_module preset--module--divi-text--5f8326b9-6dff-4aaa-8d72-3eb64a3377f2\"><div class=\"et_pb_text_inner\"><h4>Votre cerveau<\/h4>\n<h3>se d\u00e9veloppe<\/h3>\n<\/div><\/div>\n\n<div class=\"et_pb_divider_2 et_pb_divider et_pb_space et_pb_divider_position_top et_pb_module\"><div class=\"et_pb_divider_internal\"><\/div><\/div>\n\n<div class=\"et_pb_text_5 et_pb_text et_pb_bg_layout_light et_pb_module et_block_module preset--module--divi-text--5f8326b9-6dff-4aaa-8d72-3eb64a3377f2\"><div class=\"et_pb_text_inner\"><p>De nouvelles voies optiques de traitement de l\u2019information visuelle se d\u00e9veloppent au fur et \u00e0 mesure que le cerveau grandit et arrive \u00e0 maturit\u00e9. Cette maturit\u00e9 fait en sorte que la couleur optimale d\u2019hier n\u2019est plus la couleur optimale d\u2019aujourd\u2019hui.<\/p>\n<\/div><\/div>\n\n<div class=\"et_pb_text_6 et_pb_text et_pb_bg_layout_light et_pb_module et_block_module preset--module--divi-text--5f8326b9-6dff-4aaa-8d72-3eb64a3377f2\"><div class=\"et_pb_text_inner\"><h4>Votre cerveau<\/h4>\n<h3>est bless\u00e9<\/h3>\n<\/div><\/div>\n\n<div class=\"et_pb_divider_3 et_pb_divider et_pb_space et_pb_divider_position_top et_pb_module\"><div class=\"et_pb_divider_internal\"><\/div><\/div>\n\n<div class=\"et_pb_text_7 et_pb_text et_pb_bg_layout_light et_pb_module et_block_module preset--module--divi-text--5f8326b9-6dff-4aaa-8d72-3eb64a3377f2\"><div class=\"et_pb_text_inner\"><p>Une commotion c\u00e9r\u00e9brale, une infection virale, un AVC ou toute autre blessure au cerveau peut entra\u00eener des changements aux fonctions c\u00e9r\u00e9brales. La teinte qui fonctionnait avant la blessure pourrait ne plus fonctionner.<\/p>\n<\/div><\/div>\n\n<div class=\"et_pb_text_8 et_pb_text et_pb_bg_layout_light et_pb_module et_block_module preset--module--divi-text--5f8326b9-6dff-4aaa-8d72-3eb64a3377f2\"><div class=\"et_pb_text_inner\"><h4>Votre cerveau<\/h4>\n<h3>a une chimie diff\u00e9rente<\/h3>\n<\/div><\/div>\n\n<div class=\"et_pb_divider_4 et_pb_divider et_pb_space et_pb_divider_position_top et_pb_module\"><div class=\"et_pb_divider_internal\"><\/div><\/div>\n\n<div class=\"et_pb_text_9 et_pb_text et_pb_bg_layout_light et_pb_module et_block_module preset--module--divi-text--5f8326b9-6dff-4aaa-8d72-3eb64a3377f2\"><div class=\"et_pb_text_inner\"><p>Les hormones, les m\u00e9dicaments et d\u2019autres changements neurochimiques peuvent influencer la couleur optimale du filtre. La pubert\u00e9, les grossesses, la m\u00e9nopause, les m\u00e9dicaments li\u00e9s au TDAH, les antid\u00e9presseurs, l\u2019alimentation et le stress modifient la chimie du cerveau. Ils changent la fa\u00e7on dont le cerveau r\u00e9agit aux stimuli, y compris les stimuli visuels.<\/p>\n<p>Par exemple, une couleur qui fonctionnait avant que des changements chimiques surviennent devra probablement faire l\u2019objet d\u2019une correction.<\/p>\n<\/div><\/div>\n\n<div class=\"et_pb_text_10 et_pb_text et_pb_bg_layout_light et_pb_module et_block_module preset--module--divi-text--5f8326b9-6dff-4aaa-8d72-3eb64a3377f2\"><div class=\"et_pb_text_inner\"><h3>\u00c9tude r\u00e9cente<\/h3>\n<\/div><\/div>\n\n<div class=\"et_pb_divider_5 et_pb_divider et_pb_space et_pb_divider_position_top et_pb_module\"><div class=\"et_pb_divider_internal\"><\/div><\/div>\n\n<div class=\"et_pb_text_11 et_pb_text et_pb_bg_layout_light et_pb_module et_block_module preset--module--divi-text--5f8326b9-6dff-4aaa-8d72-3eb64a3377f2\"><div class=\"et_pb_text_inner\"><div id=\"comp-lcfc67ky\" class=\"HcOXKn SxM0TO QxJLC3 lq2cno comp-lcfc67ky wixui-rich-text\" data-testid=\"richTextElement\">\n<p class=\"font_8 wixui-rich-text__text\">Une \u00e9tude r\u00e9cente sur 88 patients d\u2019une clinique de stress visuel a conclu que la mise \u00e0 jour ou correction de la teinte des patients se produisait surtout sur le plan de la saturation et de l\u2019\u00e9limination ou de la r\u00e9duction du filtre gris plut\u00f4t que de la couleur du filtre (la teinte).<\/p>\n<\/div>\n<\/div><\/div>\n<\/div>\n\n<div class=\"et_pb_column_3 et_pb_column et_pb_column_1_2 et-last-child et_block_column et_pb_css_mix_blend_mode_passthrough\">\n<div class=\"et_pb_text_12 et_pb_text et_pb_bg_layout_light et_pb_module et_block_module preset--module--divi-text--5f8326b9-6dff-4aaa-8d72-3eb64a3377f2\"><div class=\"et_pb_text_inner\"><h4>Votre ordonnance<\/h4>\n<h3>de lunettes change<\/h3>\n<\/div><\/div>\n\n<div class=\"et_pb_divider_6 et_pb_divider et_pb_space et_pb_divider_position_top et_pb_module\"><div class=\"et_pb_divider_internal\"><\/div><\/div>\n\n<div class=\"et_pb_text_13 et_pb_text et_pb_bg_layout_light et_pb_module et_block_module preset--module--divi-text--5f8326b9-6dff-4aaa-8d72-3eb64a3377f2\"><div class=\"et_pb_text_inner\"><p>Prescription lenses change the way light enters the visual system. People with brain injuries are often very sensitive to even slight changes in prescription. For example, adding a prism can change the optimal filter colour enough to change the lens's effectiveness.<\/p>\n<p>When your vision prescription changes, if you feel your lenses are not working as well as they did before, it's time for a tint update.<\/p>\n<p>Au fil du temps, en raison de l\u2019exposition \u00e0 la lumi\u00e8re UV ou du nettoyage des verres, la teinte peut d\u00e9colorer. C\u2019est un processus naturel qui passe souvent inaper\u00e7u, \u00e9tant donn\u00e9 que la teinte d\u00e9colore au fur et \u00e0 mesure que cro\u00eet la tol\u00e9rance aux d\u00e9clencheurs visuels.<\/p>\n<\/div><\/div>\n\n<div class=\"et_pb_text_14 et_pb_text et_pb_bg_layout_light et_pb_module et_block_module preset--module--divi-text--5f8326b9-6dff-4aaa-8d72-3eb64a3377f2\"><div class=\"et_pb_text_inner\"><h4>Votre ordonnance<\/h4>\n<h3>visuel change<\/h3>\n<\/div><\/div>\n\n<div class=\"et_pb_divider_7 et_pb_divider et_pb_space et_pb_divider_position_top et_pb_module\"><div class=\"et_pb_divider_internal\"><\/div><\/div>\n\n<div class=\"et_pb_text_15 et_pb_text et_pb_bg_layout_light et_pb_module et_block_module preset--module--divi-text--5f8326b9-6dff-4aaa-8d72-3eb64a3377f2\"><div class=\"et_pb_text_inner\"><p>L\u2019\u00e9valuation est g\u00e9n\u00e9ralement effectu\u00e9e sous un \u00e9clairage fluorescent qui imite les environnements \u00e0 fort \u00e9clairage fluorescent que la plupart des gens ont de la difficult\u00e9 \u00e0 tol\u00e9rer. Les verres teint\u00e9s de pr\u00e9cision filtrent l\u2019environnement visuel dans son entier, ce qui renforce la tol\u00e9rance \u00e0 ces environnements des personnes souffrant de stress visuel.<\/p>\n<p>S\u2019il est possible de r\u00e9duire l\u2019\u00e9clairage ou d\u2019utiliser un \u00e9clairage naturel, il se peut que les teintes doivent \u00eatre moins satur\u00e9es.<\/p>\n<p>Certains clients portent des teintes moins satur\u00e9es dans ces environnements et ajoutent des verres fum\u00e9s au besoin.<\/p>\n<\/div><\/div>\n\n<div class=\"et_pb_image_1 et_pb_image et_pb_module et_block_module\"><span class=\"et_pb_image_wrap\"><img decoding=\"async\" src=\"data:image\/svg+xml;base64,PHN2ZyB3aWR0aD0iMTA4MCIgaGVpZ2h0PSI1NDAiIHZpZXdCb3g9IjAgMCAxMDgwIDU0MCIgeG1sbnM9Imh0dHA6Ly93d3cudzMub3JnLzIwMDAvc3ZnIj4KICAgIDxnIGZpbGw9Im5vbmUiIGZpbGwtcnVsZT0iZXZlbm9kZCI+CiAgICAgICAgPHBhdGggZmlsbD0iI0VCRUJFQiIgZD0iTTAgMGgxMDgwdjU0MEgweiIvPgogICAgICAgIDxwYXRoIGQ9Ik00NDUuNjQ5IDU0MGgtOTguOTk1TDE0NC42NDkgMzM3Ljk5NSAwIDQ4Mi42NDR2LTk4Ljk5NWwxMTYuMzY1LTExNi4zNjVjMTUuNjItMTUuNjIgNDAuOTQ3LTE1LjYyIDU2LjU2OCAwTDQ0NS42NSA1NDB6IiBmaWxsLW9wYWNpdHk9Ii4xIiBmaWxsPSIjMDAwIiBmaWxsLXJ1bGU9Im5vbnplcm8iLz4KICAgICAgICA8Y2lyY2xlIGZpbGwtb3BhY2l0eT0iLjA1IiBmaWxsPSIjMDAwIiBjeD0iMzMxIiBjeT0iMTQ4IiByPSI3MCIvPgogICAgICAgIDxwYXRoIGQ9Ik0xMDgwIDM3OXYxMTMuMTM3TDcyOC4xNjIgMTQwLjMgMzI4LjQ2MiA1NDBIMjE1LjMyNEw2OTkuODc4IDU1LjQ0NmMxNS42Mi0xNS42MiA0MC45NDgtMTUuNjIgNTYuNTY4IDBMMTA4MCAzNzl6IiBmaWxsLW9wYWNpdHk9Ii4yIiBmaWxsPSIjMDAwIiBmaWxsLXJ1bGU9Im5vbnplcm8iLz4KICAgIDwvZz4KPC9zdmc+Cg==\" \/><\/span><\/div>\n<\/div>\n<\/div>\n<\/div>","protected":false},"excerpt":{"rendered":"","protected":false},"author":1,"featured_media":0,"parent":0,"menu_order":68,"comment_status":"closed","ping_status":"closed","template":"","meta":{"footnotes":""},"class_list":["post-38","page","type-page","status-publish","hentry"],"_links":{"self":[{"href":"https:\/\/opticalm.ca\/fr\/wp-json\/wp\/v2\/pages\/38","targetHints":{"allow":["GET"]}}],"collection":[{"href":"https:\/\/opticalm.ca\/fr\/wp-json\/wp\/v2\/pages"}],"about":[{"href":"https:\/\/opticalm.ca\/fr\/wp-json\/wp\/v2\/types\/page"}],"author":[{"embeddable":true,"href":"https:\/\/opticalm.ca\/fr\/wp-json\/wp\/v2\/users\/1"}],"replies":[{"embeddable":true,"href":"https:\/\/opticalm.ca\/fr\/wp-json\/wp\/v2\/comments?post=38"}],"version-history":[{"count":6,"href":"https:\/\/opticalm.ca\/fr\/wp-json\/wp\/v2\/pages\/38\/revisions"}],"predecessor-version":[{"id":954,"href":"https:\/\/opticalm.ca\/fr\/wp-json\/wp\/v2\/pages\/38\/revisions\/954"}],"wp:attachment":[{"href":"https:\/\/opticalm.ca\/fr\/wp-json\/wp\/v2\/media?parent=38"}],"curies":[{"name":"wp","href":"https:\/\/api.w.org\/{rel}","templated":true}]}}