{"id":441,"date":"2025-11-21T19:49:16","date_gmt":"2025-11-21T19:49:16","guid":{"rendered":"https:\/\/visualstressclinic.ca\/?page_id=441"},"modified":"2026-03-24T17:51:09","modified_gmt":"2026-03-24T17:51:09","slug":"home","status":"publish","type":"page","link":"https:\/\/opticalm.ca\/fr\/","title":{"rendered":"Home"},"content":{"rendered":"<div class=\"et_pb_section_0 et_pb_section et_section_regular et_block_section\">\n<div class=\"et_pb_row_0 et_pb_row et_flex_row\">\n<div class=\"et_pb_column_0 et_pb_column et-last-child et_flex_column et_pb_css_mix_blend_mode_passthrough et_flex_column_24_24 et_flex_column_24_24_tablet et_flex_column_24_24_phone\">\n<div class=\"et_pb_heading_0 et_pb_heading et_pb_module et_block_module preset--module--divi-heading--default\"><div class=\"et_pb_heading_container\"><h1 class=\"et_pb_module_header\">Opticalm Visual Stress Clinic!<\/h1><\/div><\/div>\n<\/div>\n<\/div>\n\n<div class=\"et_pb_row_1 et_pb_row et_flex_row\">\n<div class=\"et_pb_column_1 et_pb_column et_block_column et_pb_css_mix_blend_mode_passthrough et_flex_column_24_24 et_flex_column_24_24_tablet et_flex_column_24_24_phone\">\n<div class=\"et_pb_blurb_0 et_pb_blurb et_pb_bg_layout_light et_pb_blurb_position_left et_animated et_pb_module et_block_module preset--group--divi-blurb--divi-font-body--default\"><div class=\"et_pb_blurb_content\"><div class=\"et_pb_blurb_container\"><h4 class=\"et_pb_module_header\"><a href=\"#top\">Soulagez votre stress visuel!<\/a><\/h4><div class=\"et_pb_blurb_description\"><p><span style=\"color: #000000;\">Depuis 2012, on a aid\u00e9 des milliers de personnes \u00e0 surmonter la fatigue visuelle, am\u00e9liorant ainsi leur confort, leur concentration et leur qualit\u00e9 de vie. <\/span><\/p>\n<p><span style=\"color: #000000;\"><\/span><span style=\"color: #000000;\">Nous adoptons une approche multidisciplinaire, en collaborant avec des professionnels de la sant\u00e9 oculaire, des ergoth\u00e9rapeutes, des \u00e9ducateurs, des sp\u00e9cialistes du retour au travail et des professionnels param\u00e9dicaux pour soutenir les personnes confront\u00e9es \u00e0:<br \/><\/span><\/p>\n<p><span style=\"color: #000000;\"><\/span><\/p>\n<ul>\n<li><span style=\"color: #000000;\">Maux de t\u00eate, migraines et troubles de la concentration<\/span><\/li>\n<li><span style=\"color: #000000;\">Commotion c\u00e9r\u00e9brale ou traumatisme cr\u00e2nien<\/span><span style=\"color: #000000; font-size: 17px;\"><\/span><\/li>\n<li><span style=\"color: #000000; font-size: 17px;\">Difficult\u00e9s \u00e0 lire et \u00e0 se concentrer<\/span><\/li>\n<li><span style=\"color: #000000;\">Sensibilit\u00e9 \u00e0 la lumi\u00e8re (photophobie)<span style=\"font-size: 17px;\"><\/span><\/span><\/li>\n<li><span style=\"color: #000000;\">Troubles vestibulaires et perceptifs<\/span><\/li>\n<\/ul>\n<\/div><\/div><\/div><\/div>\n<\/div>\n\n<div class=\"et_pb_column_2 et_pb_column et-last-child et_block_column et_pb_css_mix_blend_mode_passthrough et_flex_column_24_24 et_flex_column_24_24_tablet et_flex_column_24_24_phone\">\n<div class=\"et_pb_image_0 et_pb_image et_pb_module et_flex_module\"><span class=\"et_pb_image_wrap\"><img decoding=\"async\" src=\"https:\/\/visualstressclinic.ca\/wp-content\/uploads\/2025\/01\/happy-women-with-tinted-glasses-scaled.jpg\" title=\"happy women with tinted glasses\" alt=\"Image of happy woman wearing purple precision tinted lenses\" \/><\/span><\/div>\n\n<div class=\"et_pb_text_0 et_pb_text et_pb_bg_layout_light et_pb_module et_block_module preset--group--divi-text--divi-font-header--default preset--group--divi-text--divi-font-body--default preset--module--divi-text--default\"><div class=\"et_pb_text_inner\"><p style=\"text-align: center;\"><span>Solutions fond\u00e9es sur des donn\u00e9es probantes pour les migraines, la r\u00e9\u00e9ducation c\u00e9r\u00e9brale, la vision et les difficult\u00e9s d'apprentissage.<\/span><\/p>\n<\/div><\/div>\n<\/div>\n<\/div>\n\n<div class=\"et_pb_row_2 et_pb_row et_pb_gutters2 et_block_row pa-inline-buttons\">\n<div class=\"et_pb_column_3 et_pb_column et_pb_column_4_4 et-last-child et_block_column et_pb_css_mix_blend_mode_passthrough\">\n<div class=\"et_pb_module et_pb_button_module_wrapper et_pb_button_0_wrapper\"><a class=\"et_pb_button_0 et_pb_button et_pb_bg_layout_light et_animated et_pb_module et_block_module\" href=\"https:\/\/www.visualstress.app\/pre-screening-test\/\" target=\"_blank\">Faire le test gratuit<\/a><\/div>\n\n<div class=\"et_pb_module et_pb_button_module_wrapper et_pb_button_1_wrapper\"><a class=\"et_pb_button_1 et_pb_button et_pb_bg_layout_light et_animated et_pb_module et_block_module\" href=\"https:\/\/opticalm.ca\/fr\/contact\/\">Communiquez avec nous<\/a><\/div>\n<\/div>\n<\/div>\n<\/div>\n\n<div class=\"et_pb_section_1 et_pb_section et_section_regular et_block_section\">\n<div class=\"et_pb_row_3 et_pb_row et_flex_row pa-inline-buttons\">\n<div class=\"et_pb_column_4 et_pb_column et_block_column et_pb_css_mix_blend_mode_passthrough et_flex_column_24_24 et_flex_column_24_24_tablet et_flex_column_24_24_phone\">\n<div class=\"et_pb_image_1 et_pb_image et_pb_module et_block_module\"><span class=\"et_pb_image_wrap\"><img decoding=\"async\" src=\"https:\/\/visualstressclinic.ca\/wp-content\/uploads\/2025\/01\/Assessment-image-013-1080x1080-1.png\" title=\"Assessment image 013 1080x1080\" alt=\"Young woman looking into the Intuitive Colorimeter&#x2122;\" \/><\/span><\/div>\n\n<div class=\"et_pb_text_1 et_pb_text et_pb_bg_layout_light et_pb_module et_block_module preset--group--divi-text--divi-font-header--default preset--group--divi-text--divi-font-body--default preset--module--divi-text--default\"><div class=\"et_pb_text_inner\"><p style=\"text-align: center;\"><span style=\"color: #000000;\">Personne subissant une \u00e9valuation du stress visuel avec le Intuitive Colorimeter\u2122<\/span><\/p>\n<\/div><\/div>\n<\/div>\n\n<div class=\"et_pb_column_5 et_pb_column et-last-child et_block_column et_pb_css_mix_blend_mode_passthrough et_flex_column_24_24 et_flex_column_24_24_tablet et_flex_column_24_24_phone\">\n<div class=\"et_pb_heading_1 et_pb_heading et_pb_module et_block_module preset--module--divi-heading--default\"><div class=\"et_pb_heading_container\"><h2 class=\"et_pb_module_header\">Did you know...<\/h2><\/div><\/div>\n\n<div class=\"et_pb_blurb_1 et_pb_blurb et_pb_bg_layout_light et_pb_blurb_position_left et_animated et_pb_module et_block_module preset--group--divi-blurb--divi-font-body--default\"><div class=\"et_pb_blurb_content\"><div class=\"et_pb_blurb_container\"><h4 class=\"et_pb_module_header\"><a href=\"#top\">Au Canada et dans le monde, on estime que 15% \u00e0 20% de la population est neurodivergente.<\/a><\/h4><div class=\"et_pb_blurb_description\"><p><span style=\"color: #000000;\">The term \u201cneurodivergent\u201d describes people whose brain differences affect how their brain works. That means they have different strengths and challenges from people whose brains don't have those differences. The possible differences include medical disorders, learning disabilities and other conditions. <a href=\"https:\/\/visualstressclinic.ca\/related-conditions\/\">Voir les affections connexes<\/a><\/span><\/p>\n<\/div><\/div><\/div><\/div>\n\n<div class=\"et_pb_module et_pb_button_module_wrapper et_pb_button_2_wrapper\"><a class=\"et_pb_button_2 et_pb_button et_pb_bg_layout_dark et_animated et_pb_module et_block_module\" href=\"https:\/\/www.visualstress.app\/pre-screening-test\/\" target=\"_blank\">Faire le test gratuit<\/a><\/div>\n<\/div>\n<\/div>\n\n<div class=\"et_pb_row_4 et_pb_row et_flex_row pa-inline-buttons\">\n<div class=\"et_pb_column_6 et_pb_column et-last-child et_block_column et_pb_css_mix_blend_mode_passthrough et_flex_column_24_24 et_flex_column_24_24_tablet et_flex_column_24_24_phone\">\n<div class=\"et_pb_text_2 et_pb_text et_pb_bg_layout_light et_pb_module et_flex_module preset--group--divi-text--divi-font-header--default preset--group--divi-text--divi-font-body--default preset--module--divi-text--default\"><div class=\"et_pb_text_inner\"><p><span style=\"color: #000000;\">Gr\u00e2ce \u00e0 nos \u00e9valuations sp\u00e9cialis\u00e9es du stress visuel et du Intuitive Colorimeter\u2122, nos sp\u00e9cialistes confirmeront la pr\u00e9sence d'un stress visuel et identifieront le filtre de couleur pr\u00e9cis pour am\u00e9liorer votre confort visuel et votre qualit\u00e9 de vie.<\/span><\/p>\n<p><span style=\"color: #000000;\">Les verres teint\u00e9s de pr\u00e9cision peuvent am\u00e9liorer la nettet\u00e9 de la lecture et la concentration, et r\u00e9duire les maux de t\u00eate, les migraines et la fatigue. Ils sont particuli\u00e8rement b\u00e9n\u00e9fiques aux personnes souffrant de migraines, de troubles vestibulaires, de l\u00e9sions c\u00e9r\u00e9brales et aux enfants ayant des difficult\u00e9s de lecture.<\/span><\/p>\n<p><span style=\"color: #000000;\">Les personnes ayant une acuit\u00e9 visuelle de 20\/20 peuvent \u00e9galement ressentir une fatigue visuelle lors du traitement de textes ou de formes. Une acuit\u00e9 visuelle de 20\/20 ne garantit pas l'absence de troubles du traitement visuel.\u00a0<\/span><\/p>\n<p><span style=\"color: #000000;\">Les verres teint\u00e9s de pr\u00e9cision ciblent des aspects de la perception visuelle et du traitement sensoriel qui vont au-del\u00e0 de l'acuit\u00e9 standard, ce qui profite aux personnes pr\u00e9sentant des sensibilit\u00e9s ou des difficult\u00e9s sp\u00e9cifiques.<\/span><\/p>\n<\/div><\/div>\n<\/div>\n<\/div>\n<\/div>\n\n<div class=\"et_pb_section_2 et_pb_section et_section_regular et_block_section\">\n<div class=\"et_pb_row_5 et_pb_row et_pb_equal_columns et_pb_gutters1 et_block_row\">\n<div class=\"et_pb_column_7 et_pb_column et_pb_column_2_3 et_block_column et_pb_css_mix_blend_mode_passthrough\">\n<div class=\"et_pb_text_3 et_pb_text et_pb_bg_layout_light et_pb_module et_block_module preset--group--divi-text--divi-font-header--default preset--group--divi-text--divi-font-body--default preset--module--divi-text--default\"><div class=\"et_pb_text_inner\"><h4>Explorer et comprendre<\/h4>\n<h2>Qu'est-ce que le Stress Visuel?<\/h2>\n<p>Le stress visuel survient lorsque certaines images ou certains types de stimuli visuels d\u00e9clenchent une r\u00e9action excessive du cerveau. Il en r\u00e9sulte des sympt\u00f4mes tels qu'une g\u00eane physique et visuelle, ainsi que des difficult\u00e9s perceptives.<\/p>\n<p>La fatigue visuelle survient lorsque des sources lumineuses, des reflets, des mat\u00e9riaux \u00e0 fort contraste, des motifs, des mouvements, des scintillements ou des couleurs provoquent une r\u00e9action excessive des zones visuelles du cerveau. Cette r\u00e9action peut entra\u00eener de nombreux signes et sympt\u00f4mes, tels que naus\u00e9es, maux de t\u00eate, fatigue ou sensibilit\u00e9 \u00e0 la lumi\u00e8re et aux motifs, ainsi que des difficult\u00e9s de lecture, d'attention, de comportement et de traitement sensoriel.<\/p>\n<\/div><\/div>\n\n\n\n<div class=\"et_pb_text_4 et_pb_text et_pb_bg_layout_light et_pb_module et_block_module preset--group--divi-text--divi-font-header--default preset--group--divi-text--divi-font-body--default preset--module--divi-text--default\"><div class=\"et_pb_text_inner\"><p>De nombreuses affections neurologiques pr\u00e9sentent des sympt\u00f4mes semblables \u00e0 ceux de la fatigue visuelle, ce qui complique l'identification de la cause premi\u00e8re. Dans bien des cas, la fatigue visuelle coexiste avec ces troubles neurologiques ou des difficult\u00e9s d'apprentissage. Comme les d\u00e9clencheurs visuels sont souvent n\u00e9glig\u00e9s, de nombreuses personnes ne b\u00e9n\u00e9ficient pas du soulagement qu'elles pourraient obtenir.<\/p>\n<p>Voici quelques exemples de pathologies o\u00f9 la fatigue visuelle est fr\u00e9quemment observ\u00e9e:<\/p>\n<ul>\n<li>ADHD<\/li>\n<li>Dyslexie<\/li>\n<li>La migraine<\/li>\n<li>Post-concussion, whiplash and other traumatic brain injury<\/li>\n<li>Troubles vestibulaires<\/li>\n<li>Neige visuelle<\/li>\n<li>Autism Spectrum Disorders (ASD)<\/li>\n<li>\u00c9pilepsie<\/li>\n<li>Scl\u00e9rose en plaques<\/li>\n<li>Anxi\u00e9t\u00e9<\/li>\n<\/ul>\n<\/div><\/div>\n<\/div>\n\n<div class=\"et_pb_column_8 et_pb_column et_pb_column_1_3 et-last-child et_block_column et_pb_css_mix_blend_mode_passthrough\">\n<div class=\"et_pb_image_2 et_pb_image et_pb_module et_block_module\"><span class=\"et_pb_image_wrap\"><img decoding=\"async\" src=\"https:\/\/visualstressclinic.ca\/wp-content\/uploads\/2025\/01\/Girl-in-Eyeglasses-green-1920x1080-1.png\" title=\"Girl in Eyeglasses green 1920x1080\" alt=\"Girl wearing green glasses with he dog and holding her cellular phone\" \/><\/span><\/div>\n\n<div class=\"et_pb_text_5 et_pb_text et_pb_bg_layout_light et_pb_module et_block_module preset--group--divi-text--divi-font-header--default preset--group--divi-text--divi-font-body--default preset--module--divi-text--default\"><div class=\"et_pb_text_inner\"><h4>Lentilles teint\u00e9es de pr\u00e9cision<\/h4>\n<\/div><\/div>\n\n<div class=\"et_pb_text_6 et_pb_text et_pb_bg_layout_light et_pb_module et_block_module preset--group--divi-text--divi-font-header--default preset--group--divi-text--divi-font-body--default preset--module--divi-text--default\"><div class=\"et_pb_text_inner\"><h3>Lancez votre \u00e9valuation gratuitement!<\/h3>\n<\/div><\/div>\n\n<div class=\"et_pb_text_7 et_pb_text et_pb_bg_layout_light et_pb_module et_block_module preset--group--divi-text--divi-font-header--default preset--group--divi-text--divi-font-body--default preset--module--divi-text--default\"><div class=\"et_pb_text_inner\"><p>Les personnes pr\u00e9sentant des sympt\u00f4mes de fatigue visuelle devraient envisager une \u00e9valuation de leur fatigue visuelle et de leur colorim\u00e9trie intuitive. Pour d\u00e9terminer si vous \u00eates un bon candidat pour cette \u00e9valuation, utilisez notre outil de pr\u00e9d\u00e9pistage gratuit. Vous pouvez \u00e9galement contacter notre cabinet\u00a0: notre \u00e9quipe d\u2019experts se fera un plaisir de r\u00e9pondre \u00e0 vos questions.<\/p>\n<\/div><\/div>\n\n<div class=\"et_pb_module et_pb_button_module_wrapper et_pb_button_4_wrapper\"><a class=\"et_pb_button_4 et_pb_button et_pb_bg_layout_light et_pb_module et_block_module\" href=\"https:\/\/www.visualstress.app\/\" target=\"_blank\" data-icon=\"&amp;\">Commencer le test gratut<\/a><\/div>\n<\/div>\n<\/div>\n\n<div class=\"et_pb_row_6 et_pb_row et_pb_equal_columns et_pb_gutters1 et_block_row\">\n<div class=\"et_pb_column_9 et_pb_column et_pb_column_1_3 et_block_column et_pb_css_mix_blend_mode_passthrough\">\n<div class=\"et_pb_image_3 et_pb_image et_pb_module et_block_module\"><span class=\"et_pb_image_wrap\"><img decoding=\"async\" src=\"https:\/\/visualstressclinic.ca\/wp-content\/uploads\/2025\/01\/231122-colorimetry-provider-and-patient-blue-tint-HD.jpg\" title=\"Untitled design - 1\" alt=\"In Canada 15% to 20% of the population is estimated to be neurodivergent. If you fall in this group, we may be able to help!\" \/><\/span><\/div>\n<\/div>\n\n<div class=\"et_pb_column_10 et_pb_column et_pb_column_2_3 et-last-child et_block_column et_pb_css_mix_blend_mode_passthrough\">\n<div class=\"et_pb_text_8 et_pb_text et_pb_bg_layout_light et_pb_module et_block_module preset--group--divi-text--divi-font-header--default preset--group--divi-text--divi-font-body--default preset--module--divi-text--default\"><div class=\"et_pb_text_inner\"><h2>What is precision colorimetry?<\/h2>\n<p>Opticalm is proud to be Canada's center of excellence for precision colorimetry and the exclusive distributor of the Cerium Intuitive Colorimeter&#x2122;.<\/p>\n<p>We use this FDA-approved and Health Canada-registered medical device and follow a strict protocol approved by the UK college of Optometry to identify the specific wavelengths of light that provide the most comfortable and accurate visual experience for an individual.<\/p>\n<p>This process helps to reduce eye strain, reduce light sensitivity, improve reading abilities, increase screen tolerance, and enhance overall visual comfort.\u00a0<\/p>\n<\/div><\/div>\n\n<div class=\"et_pb_module et_pb_button_module_wrapper et_pb_button_5_wrapper\"><a class=\"et_pb_button_5 et_pb_button et_pb_bg_layout_light et_pb_module et_block_module\" href=\"https:\/\/opticalm.ca\/fr\/colorimetry\/\">En savoir plus<\/a><\/div>\n<\/div>\n<\/div>\n<\/div>\n\n<div class=\"et_pb_section_3 et_pb_section et_section_regular et_block_section\" id=\"step-1\">\n<div class=\"et_pb_row_7 et_pb_row et_flex_row\">\n<div class=\"et_pb_column_11 et_pb_column et_block_column et_pb_css_mix_blend_mode_passthrough et_flex_column_24_24 et_flex_column_24_24_tablet et_flex_column_24_24_phone\">\n<div class=\"et_pb_divider_0 et_pb_divider et_pb_space et_pb_divider_position_top et_pb_module\"><div class=\"et_pb_divider_internal\"><\/div><\/div>\n\n<div class=\"et_pb_text_9 et_pb_text et_pb_bg_layout_light et_pb_module et_block_module preset--group--divi-text--divi-font-header--default preset--group--divi-text--divi-font-body--default preset--module--divi-text--default\"><div class=\"et_pb_text_inner\"><h2><span style=\"color: #000000;\">Qui aidons-nous et avec qui travaillons-nous<\/span><\/h2>\n<p><span style=\"color: #000000;\">Opticalm et son r\u00e9seau de prestataires aident les individus \u00e0 identifier et \u00e0 g\u00e9rer le stress visuel afin d'am\u00e9liorer leur sant\u00e9 au travail, \u00e0 l'\u00e9cole et dans leurs activit\u00e9s quotidiennes. Nous collaborons avec diff\u00e9rentes organisations et entreprises afin d'accro\u00eetre la sensibilisation et la compr\u00e9hension du stress visuel. <\/span><\/p>\n<p><span style=\"color: #000000;\">Ensemble, nous facilitons l'acc\u00e8s aux outils d'assistance, aux technologies et aux services d'\u00e9valuation du stress visuel et de la colorim\u00e9trie!<\/span><\/p>\n<\/div><\/div>\n\n<div class=\"et_pb_row_8 et_pb_row et_pb_row_nested et_flex_row\">\n<div class=\"et_pb_column_12 et_pb_column et-last-child et_flex_column et_pb_css_mix_blend_mode_passthrough et_flex_column_24_24 et_flex_column_24_24_tablet et_flex_column_24_24_phone\">\n<div class=\"et_pb_module et_pb_button_module_wrapper et_pb_button_6_wrapper preset--group--divi-button--divi-button--iy33fxtfem_wrapper\"><a class=\"et_pb_button_6 et_pb_button et_pb_bg_layout_light et_pb_module et_block_module preset--group--divi-button--divi-button--iy33fxtfem\" href=\"https:\/\/opticalm.ca\/fr\/who-we-help\/\" data-icon=\"&amp;\">En savoir plus<\/a><\/div>\n<\/div>\n<\/div>\n<\/div>\n\n<div class=\"et_pb_column_13 et_pb_column et-last-child et_block_column et_pb_css_mix_blend_mode_passthrough et_flex_column_24_24 et_flex_column_24_24_tablet et_flex_column_24_24_phone\">\n<div class=\"et_pb_slider_0 et_pb_slider et_pb_slider_fullwidth_off et_slider_auto et_slider_auto_ignore_hover et_slider_speed_7000 et_pb_module et_flex_module preset--group--divi-slider--divi-font-body--default\"><div class=\"et_pb_slides\">\n<div class=\"et_pb_slide_0 et_pb_slide et_pb_media_alignment_center et_pb_bg_layout_dark preset--group--divi-slide--divi-font-body--default\" data-slide-id=\"divi\/slide-0\"><div class=\"et_pb_container\"><div class=\"et_pb_slider_container_inner\"><div class=\"et_pb_slide_description et_flex_module\"><\/div><\/div><\/div><\/div>\n\n<div class=\"et_pb_slide_1 et_pb_slide et_pb_media_alignment_center et_pb_bg_layout_dark preset--group--divi-slide--divi-font-body--default\" data-slide-id=\"divi\/slide-1\"><div class=\"et_pb_container\"><div class=\"et_pb_slider_container_inner\"><div class=\"et_pb_slide_description et_flex_module\"><\/div><\/div><\/div><\/div>\n\n<div class=\"et_pb_slide_2 et_pb_slide et_pb_media_alignment_center et_pb_bg_layout_dark preset--group--divi-slide--divi-font-body--default\" data-slide-id=\"divi\/slide-2\"><div class=\"et_pb_container\"><div class=\"et_pb_slider_container_inner\"><div class=\"et_pb_slide_description et_flex_module\"><\/div><\/div><\/div><\/div>\n\n<div class=\"et_pb_slide_3 et_pb_slide et_pb_media_alignment_center et_pb_bg_layout_dark preset--group--divi-slide--divi-font-body--default\" data-slide-id=\"divi\/slide-3\"><div class=\"et_pb_container\"><div class=\"et_pb_slider_container_inner\"><div class=\"et_pb_slide_description et_flex_module\"><\/div><\/div><\/div><\/div>\n\n<div class=\"et_pb_slide_4 et_pb_slide et_pb_media_alignment_center et_pb_bg_layout_dark preset--group--divi-slide--divi-font-body--default\" data-slide-id=\"divi\/slide-4\"><div class=\"et_pb_container\"><div class=\"et_pb_slider_container_inner\"><div class=\"et_pb_slide_description et_flex_module\"><\/div><\/div><\/div><\/div>\n<\/div><\/div>\n<\/div>\n<\/div>\n<\/div>","protected":false},"excerpt":{"rendered":"","protected":false},"author":1,"featured_media":0,"parent":0,"menu_order":1,"comment_status":"closed","ping_status":"closed","template":"","meta":{"footnotes":""},"class_list":["post-441","page","type-page","status-publish","hentry"],"_links":{"self":[{"href":"https:\/\/opticalm.ca\/fr\/wp-json\/wp\/v2\/pages\/441","targetHints":{"allow":["GET"]}}],"collection":[{"href":"https:\/\/opticalm.ca\/fr\/wp-json\/wp\/v2\/pages"}],"about":[{"href":"https:\/\/opticalm.ca\/fr\/wp-json\/wp\/v2\/types\/page"}],"author":[{"embeddable":true,"href":"https:\/\/opticalm.ca\/fr\/wp-json\/wp\/v2\/users\/1"}],"replies":[{"embeddable":true,"href":"https:\/\/opticalm.ca\/fr\/wp-json\/wp\/v2\/comments?post=441"}],"version-history":[{"count":41,"href":"https:\/\/opticalm.ca\/fr\/wp-json\/wp\/v2\/pages\/441\/revisions"}],"predecessor-version":[{"id":1140,"href":"https:\/\/opticalm.ca\/fr\/wp-json\/wp\/v2\/pages\/441\/revisions\/1140"}],"wp:attachment":[{"href":"https:\/\/opticalm.ca\/fr\/wp-json\/wp\/v2\/media?parent=441"}],"curies":[{"name":"wp","href":"https:\/\/api.w.org\/{rel}","templated":true}]}}