{"id":513,"date":"2025-11-23T00:38:55","date_gmt":"2025-11-23T00:38:55","guid":{"rendered":"https:\/\/visualstressclinic.ca\/?page_id=513"},"modified":"2026-01-21T01:34:13","modified_gmt":"2026-01-21T01:34:13","slug":"who-we-help","status":"publish","type":"page","link":"https:\/\/opticalm.ca\/fr\/who-we-help\/","title":{"rendered":"Who we help"},"content":{"rendered":"<div class=\"et_pb_section_0 et_pb_section et_section_regular et_flex_section\">\n<div class=\"et_pb_row_0 et_pb_row et_flex_row\">\n<div class=\"et_pb_column_0 et_pb_column et_flex_column et_pb_css_mix_blend_mode_passthrough et_flex_column_8_24 et_flex_column_8_24_tablet et_flex_column_24_24_phone\">\n<div class=\"et_pb_heading_0 et_pb_heading et_pb_module et_flex_module preset--module--divi-heading--default\"><div class=\"et_pb_heading_container\"><h3 class=\"et_pb_module_header\"> Individuals & Families<\/h3><\/div><\/div>\n\n<div class=\"et_pb_image_0 et_pb_image et_pb_module et_flex_module\"><span class=\"et_pb_image_wrap\"><img loading=\"lazy\" decoding=\"async\" src=\"https:\/\/visualstressclinic.ca\/wp-content\/uploads\/2025\/12\/web-ppi72-Family-wearing-glasses.png\" alt=\"Family wearing glasses\" title=\"web-ppi72 Family wearing glasses\" width=\"1080\" height=\"722\" srcset=\"https:\/\/visualstressclinic.ca\/wp-content\/uploads\/2025\/12\/web-ppi72-Family-wearing-glasses.png 1080w, https:\/\/visualstressclinic.ca\/wp-content\/uploads\/2025\/12\/web-ppi72-Family-wearing-glasses-980x655.png 980w, https:\/\/visualstressclinic.ca\/wp-content\/uploads\/2025\/12\/web-ppi72-Family-wearing-glasses-480x321.png 480w\" sizes=\"(min-width: 0px) and (max-width: 480px) 480px, (min-width: 481px) and (max-width: 980px) 980px, (min-width: 981px) 1080px, 100vw\" class=\"wp-image-993\" \/><\/span><\/div>\n\n<div class=\"et_pb_text_0 et_pb_text et_pb_bg_layout_light et_pb_module et_flex_module preset--group--divi-text--divi-font-header--default preset--group--divi-text--divi-font-body--default preset--module--divi-text--default\"><div class=\"et_pb_text_inner\"><p>Find out how Opticalm can help you or a family member improve reading, learning, attention, or get relief from a migraine, concussion or head injury...<\/p>\n<\/div><\/div>\n\n<div class=\"et_pb_module et_pb_button_module_wrapper et_pb_button_0_wrapper preset--group--divi-button--divi-button--s0nijmrp08_wrapper\"><a class=\"et_pb_button_0 et_pb_button et_pb_bg_layout_light et_pb_module et_flex_module preset--group--divi-button--divi-button--s0nijmrp08\" href=\"https:\/\/opticalm.ca\/fr\/individuals\/\" data-icon=\"&amp;\">En savoir plus<\/a><\/div>\n<\/div>\n\n<div class=\"et_pb_column_1 et_pb_column et_flex_column et_pb_css_mix_blend_mode_passthrough et_flex_column_8_24 et_flex_column_8_24_tablet et_flex_column_24_24_phone\">\n<div class=\"et_pb_heading_1 et_pb_heading et_pb_module et_flex_module preset--module--divi-heading--default\"><div class=\"et_pb_heading_container\"><h3 class=\"et_pb_module_header\"> Fournisseurs de soins de sant\u00e9<\/h3><\/div><\/div>\n\n<div class=\"et_pb_image_1 et_pb_image et_pb_module et_flex_module\"><span class=\"et_pb_image_wrap\"><img loading=\"lazy\" decoding=\"async\" src=\"https:\/\/visualstressclinic.ca\/wp-content\/uploads\/2025\/12\/tl447mekwuq.jpg\" alt=\"woman in white scrub suit holding gray laptop computer\" title=\"Professionnels de la sant\u00e9\" width=\"1600\" height=\"1043\" srcset=\"https:\/\/opticalm.ca\/wp-content\/uploads\/2025\/12\/tl447mekwuq.jpg 1600w, https:\/\/opticalm.ca\/wp-content\/uploads\/2025\/12\/tl447mekwuq-600x391.jpg 600w, https:\/\/opticalm.ca\/wp-content\/uploads\/2025\/12\/tl447mekwuq-300x196.jpg 300w, https:\/\/opticalm.ca\/wp-content\/uploads\/2025\/12\/tl447mekwuq-1024x668.jpg 1024w, https:\/\/opticalm.ca\/wp-content\/uploads\/2025\/12\/tl447mekwuq-768x501.jpg 768w, https:\/\/opticalm.ca\/wp-content\/uploads\/2025\/12\/tl447mekwuq-1536x1001.jpg 1536w, https:\/\/opticalm.ca\/wp-content\/uploads\/2025\/12\/tl447mekwuq-18x12.jpg 18w, https:\/\/opticalm.ca\/wp-content\/uploads\/2025\/12\/tl447mekwuq-1080x704.jpg 1080w, https:\/\/opticalm.ca\/wp-content\/uploads\/2025\/12\/tl447mekwuq-1280x834.jpg 1280w, https:\/\/opticalm.ca\/wp-content\/uploads\/2025\/12\/tl447mekwuq-980x639.jpg 980w, https:\/\/opticalm.ca\/wp-content\/uploads\/2025\/12\/tl447mekwuq-480x313.jpg 480w\" sizes=\"(max-width: 1600px) 100vw, 1600px\" class=\"wp-image-994\" \/><\/span><\/div>\n\n<div class=\"et_pb_text_1 et_pb_text et_pb_bg_layout_light et_pb_module et_flex_module preset--group--divi-text--divi-font-header--default preset--group--divi-text--divi-font-body--default preset--module--divi-text--default\"><div class=\"et_pb_text_inner\"><p>Visual Stress is found alongside many neurological conditions. Learn how to identify Visual Stress in your patients and provide treatment solutions...<\/p>\n<\/div><\/div>\n\n<div class=\"et_pb_module et_pb_button_module_wrapper et_pb_button_1_wrapper preset--group--divi-button--divi-button--s0nijmrp08_wrapper\"><a class=\"et_pb_button_1 et_pb_button et_pb_bg_layout_light et_pb_module et_flex_module preset--group--divi-button--divi-button--s0nijmrp08\" href=\"https:\/\/opticalm.ca\/fr\/health-care\/\" data-icon=\"&amp;\">En savoir plus<\/a><\/div>\n<\/div>\n\n<div class=\"et_pb_column_2 et_pb_column et_flex_column et_pb_css_mix_blend_mode_passthrough et_flex_column_8_24 et_flex_column_8_24_tablet et_flex_column_24_24_phone\">\n<div class=\"et_pb_heading_2 et_pb_heading et_pb_module et_flex_module preset--module--divi-heading--default\"><div class=\"et_pb_heading_container\"><h3 class=\"et_pb_module_header\"> Professionnels de la vue<\/h3><\/div><\/div>\n\n<div class=\"et_pb_image_2 et_pb_image et_pb_module et_flex_module\"><span class=\"et_pb_image_wrap\"><img loading=\"lazy\" decoding=\"async\" src=\"https:\/\/visualstressclinic.ca\/wp-content\/uploads\/2025\/12\/5091177.jpg\" alt=\"eye check optometry\" title=\"eye check optometry\" width=\"1280\" height=\"854\" srcset=\"https:\/\/opticalm.ca\/wp-content\/uploads\/2025\/12\/5091177.jpg 1280w, https:\/\/opticalm.ca\/wp-content\/uploads\/2025\/12\/5091177-600x400.jpg 600w, https:\/\/opticalm.ca\/wp-content\/uploads\/2025\/12\/5091177-300x200.jpg 300w, https:\/\/opticalm.ca\/wp-content\/uploads\/2025\/12\/5091177-1024x683.jpg 1024w, https:\/\/opticalm.ca\/wp-content\/uploads\/2025\/12\/5091177-768x512.jpg 768w, https:\/\/opticalm.ca\/wp-content\/uploads\/2025\/12\/5091177-18x12.jpg 18w, https:\/\/opticalm.ca\/wp-content\/uploads\/2025\/12\/5091177-1080x721.jpg 1080w, https:\/\/opticalm.ca\/wp-content\/uploads\/2025\/12\/5091177-980x654.jpg 980w, https:\/\/opticalm.ca\/wp-content\/uploads\/2025\/12\/5091177-480x320.jpg 480w\" sizes=\"(max-width: 1280px) 100vw, 1280px\" class=\"wp-image-995\" \/><\/span><\/div>\n\n<div class=\"et_pb_text_2 et_pb_text et_pb_bg_layout_light et_pb_module et_flex_module preset--group--divi-text--divi-font-header--default preset--group--divi-text--divi-font-body--default preset--module--divi-text--default\"><div class=\"et_pb_text_inner\"><p>Differentiate your practice and improve patient outcomes by screening for Visual Stress. Find out more about the Intuitive Colorimeter...<\/p>\n<\/div><\/div>\n\n<div class=\"et_pb_module et_pb_button_module_wrapper et_pb_button_2_wrapper preset--group--divi-button--divi-button--s0nijmrp08_wrapper\"><a class=\"et_pb_button_2 et_pb_button et_pb_bg_layout_light et_pb_module et_flex_module preset--group--divi-button--divi-button--s0nijmrp08\" href=\"https:\/\/opticalm.ca\/fr\/optometry\/\" data-icon=\"&amp;\">En savoir plus<\/a><\/div>\n<\/div>\n\n<div class=\"et_pb_column_3 et_pb_column et_flex_column et_pb_css_mix_blend_mode_passthrough et_flex_column_8_24 et_flex_column_8_24_tablet et_flex_column_24_24_phone\">\n<div class=\"et_pb_heading_3 et_pb_heading et_pb_module et_flex_module preset--module--divi-heading--default\"><div class=\"et_pb_heading_container\"><h3 class=\"et_pb_module_header\"> Educators & Schools<\/h3><\/div><\/div>\n\n<div class=\"et_pb_image_3 et_pb_image et_pb_module et_flex_module\"><span class=\"et_pb_image_wrap\"><img loading=\"lazy\" decoding=\"async\" src=\"https:\/\/visualstressclinic.ca\/wp-content\/uploads\/2025\/12\/n_aihp118p8.jpg\" alt=\"Teacher standing in front of children\" width=\"1600\" height=\"1067\" srcset=\"https:\/\/opticalm.ca\/wp-content\/uploads\/2025\/12\/n_aihp118p8.jpg 1600w, https:\/\/opticalm.ca\/wp-content\/uploads\/2025\/12\/n_aihp118p8-600x400.jpg 600w, https:\/\/opticalm.ca\/wp-content\/uploads\/2025\/12\/n_aihp118p8-300x200.jpg 300w, https:\/\/opticalm.ca\/wp-content\/uploads\/2025\/12\/n_aihp118p8-1024x683.jpg 1024w, https:\/\/opticalm.ca\/wp-content\/uploads\/2025\/12\/n_aihp118p8-768x512.jpg 768w, https:\/\/opticalm.ca\/wp-content\/uploads\/2025\/12\/n_aihp118p8-1536x1024.jpg 1536w, https:\/\/opticalm.ca\/wp-content\/uploads\/2025\/12\/n_aihp118p8-18x12.jpg 18w, https:\/\/opticalm.ca\/wp-content\/uploads\/2025\/12\/n_aihp118p8-1080x720.jpg 1080w, https:\/\/opticalm.ca\/wp-content\/uploads\/2025\/12\/n_aihp118p8-1280x854.jpg 1280w, https:\/\/opticalm.ca\/wp-content\/uploads\/2025\/12\/n_aihp118p8-980x654.jpg 980w, https:\/\/opticalm.ca\/wp-content\/uploads\/2025\/12\/n_aihp118p8-480x320.jpg 480w\" sizes=\"(max-width: 1600px) 100vw, 1600px\" class=\"wp-image-997\" \/><\/span><\/div>\n\n<div class=\"et_pb_text_3 et_pb_text et_pb_bg_layout_light et_pb_module et_flex_module preset--group--divi-text--divi-font-header--default preset--group--divi-text--divi-font-body--default preset--module--divi-text--default\"><div class=\"et_pb_text_inner\"><p>Learning, attention and sensory processing can be negatively impacted by Visual Stress. Learn how to address this with students and in classrooms...<\/p>\n<\/div><\/div>\n\n<div class=\"et_pb_module et_pb_button_module_wrapper et_pb_button_3_wrapper preset--group--divi-button--divi-button--s0nijmrp08_wrapper\"><a class=\"et_pb_button_3 et_pb_button et_pb_bg_layout_light et_pb_module et_flex_module preset--group--divi-button--divi-button--s0nijmrp08\" href=\"https:\/\/opticalm.ca\/fr\/education\/\" data-icon=\"&amp;\">En savoir plus<\/a><\/div>\n<\/div>\n\n<div class=\"et_pb_column_4 et_pb_column et_flex_column et_pb_css_mix_blend_mode_passthrough et_flex_column_8_24 et_flex_column_8_24_tablet et_flex_column_24_24_phone\">\n<div class=\"et_pb_heading_4 et_pb_heading et_pb_module et_flex_module preset--module--divi-heading--default\"><div class=\"et_pb_heading_container\"><h3 class=\"et_pb_module_header\"> Employers & Businesses<\/h3><\/div><\/div>\n\n<div class=\"et_pb_image_4 et_pb_image et_pb_module et_flex_module\"><span class=\"et_pb_image_wrap\"><img loading=\"lazy\" decoding=\"async\" src=\"https:\/\/visualstressclinic.ca\/wp-content\/uploads\/2025\/12\/r10-3wyggee.jpg\" alt=\"a man giving a presentation to a group of people\" title=\"presentation to a group\" width=\"1600\" height=\"1067\" srcset=\"https:\/\/opticalm.ca\/wp-content\/uploads\/2025\/12\/r10-3wyggee.jpg 1600w, https:\/\/opticalm.ca\/wp-content\/uploads\/2025\/12\/r10-3wyggee-600x400.jpg 600w, https:\/\/opticalm.ca\/wp-content\/uploads\/2025\/12\/r10-3wyggee-300x200.jpg 300w, https:\/\/opticalm.ca\/wp-content\/uploads\/2025\/12\/r10-3wyggee-1024x683.jpg 1024w, https:\/\/opticalm.ca\/wp-content\/uploads\/2025\/12\/r10-3wyggee-768x512.jpg 768w, https:\/\/opticalm.ca\/wp-content\/uploads\/2025\/12\/r10-3wyggee-1536x1024.jpg 1536w, https:\/\/opticalm.ca\/wp-content\/uploads\/2025\/12\/r10-3wyggee-18x12.jpg 18w, https:\/\/opticalm.ca\/wp-content\/uploads\/2025\/12\/r10-3wyggee-1080x720.jpg 1080w, https:\/\/opticalm.ca\/wp-content\/uploads\/2025\/12\/r10-3wyggee-1280x854.jpg 1280w, https:\/\/opticalm.ca\/wp-content\/uploads\/2025\/12\/r10-3wyggee-980x654.jpg 980w, https:\/\/opticalm.ca\/wp-content\/uploads\/2025\/12\/r10-3wyggee-480x320.jpg 480w\" sizes=\"(max-width: 1600px) 100vw, 1600px\" class=\"wp-image-1001\" \/><\/span><\/div>\n\n<div class=\"et_pb_text_4 et_pb_text et_pb_bg_layout_light et_pb_module et_flex_module preset--group--divi-text--divi-font-header--default preset--group--divi-text--divi-font-body--default preset--module--divi-text--default\"><div class=\"et_pb_text_inner\"><p>Get help for reducing migraines and accommodating your employees\u2019 light sensitivities and screen intolerance with Opticalm products...<\/p>\n<\/div><\/div>\n\n<div class=\"et_pb_module et_pb_button_module_wrapper et_pb_button_4_wrapper preset--group--divi-button--divi-button--s0nijmrp08_wrapper\"><a class=\"et_pb_button_4 et_pb_button et_pb_bg_layout_light et_pb_module et_flex_module preset--group--divi-button--divi-button--s0nijmrp08\" href=\"https:\/\/opticalm.ca\/fr\/employers\/\" data-icon=\"&amp;\">En savoir plus<\/a><\/div>\n<\/div>\n\n<div class=\"et_pb_column_5 et_pb_column et-last-child et_flex_column et_pb_css_mix_blend_mode_passthrough et_flex_column_8_24 et_flex_column_8_24_tablet et_flex_column_24_24_phone\">\n<div class=\"et_pb_heading_5 et_pb_heading et_pb_module et_flex_module preset--module--divi-heading--default\"><div class=\"et_pb_heading_container\"><h3 class=\"et_pb_module_header\"> Insurers & Lawyers<\/h3><\/div><\/div>\n\n<div class=\"et_pb_image_5 et_pb_image et_pb_module et_flex_module\"><span class=\"et_pb_image_wrap\"><img loading=\"lazy\" decoding=\"async\" src=\"https:\/\/visualstressclinic.ca\/wp-content\/uploads\/2025\/12\/iphegw7_uai-e1765095689720.jpg\" alt=\"Business people signing a contract at a table.\" title=\"people with a contract\" width=\"1365\" height=\"900\" srcset=\"https:\/\/opticalm.ca\/wp-content\/uploads\/2025\/12\/iphegw7_uai-e1765095689720.jpg 1365w, https:\/\/opticalm.ca\/wp-content\/uploads\/2025\/12\/iphegw7_uai-e1765095689720-600x396.jpg 600w, https:\/\/opticalm.ca\/wp-content\/uploads\/2025\/12\/iphegw7_uai-e1765095689720-300x198.jpg 300w, https:\/\/opticalm.ca\/wp-content\/uploads\/2025\/12\/iphegw7_uai-e1765095689720-1024x675.jpg 1024w, https:\/\/opticalm.ca\/wp-content\/uploads\/2025\/12\/iphegw7_uai-e1765095689720-768x506.jpg 768w, https:\/\/opticalm.ca\/wp-content\/uploads\/2025\/12\/iphegw7_uai-e1765095689720-18x12.jpg 18w, https:\/\/opticalm.ca\/wp-content\/uploads\/2025\/12\/iphegw7_uai-e1765095689720-1080x712.jpg 1080w\" sizes=\"(max-width: 1365px) 100vw, 1365px\" class=\"wp-image-1002\" \/><\/span><\/div>\n\n<div class=\"et_pb_text_5 et_pb_text et_pb_bg_layout_light et_pb_module et_flex_module preset--group--divi-text--divi-font-header--default preset--group--divi-text--divi-font-body--default preset--module--divi-text--default\"><div class=\"et_pb_text_inner\"><p>Help your clients find life-changing Visual Stress solutions for their rehabilitation from automobile and workplace accidents...<\/p>\n<\/div><\/div>\n\n<div class=\"et_pb_module et_pb_button_module_wrapper et_pb_button_5_wrapper preset--group--divi-button--divi-button--s0nijmrp08_wrapper\"><a class=\"et_pb_button_5 et_pb_button et_pb_bg_layout_light et_pb_module et_flex_module preset--group--divi-button--divi-button--s0nijmrp08\" href=\"https:\/\/opticalm.ca\/fr\/insurance\/\" data-icon=\"&amp;\">En savoir plus<\/a><\/div>\n<\/div>\n<\/div>\n<\/div>\n\n<div class=\"et_pb_section_1 et_pb_section et_section_regular et_block_section section_has_divider et_pb_top_divider et_pb_bottom_divider\"><div class=\"et_pb_top_inside_divider et-no-transition\"><\/div>\n<div class=\"et_pb_row_1 et_pb_row et_block_row\">\n<div class=\"et_pb_column_6 et_pb_column et_pb_column_4_4 et-last-child et_block_column et_pb_css_mix_blend_mode_passthrough\">\n<div class=\"et_pb_text_6 et_pb_text et_pb_bg_layout_light et_pb_module et_block_module preset--group--divi-text--divi-font-header--default preset--group--divi-text--divi-font-body--default preset--module--divi-text--default\"><div class=\"et_pb_text_inner\"><h2>Consultez un optom\u00e9triste<\/h2>\n<p><span style=\"color: #000000;\">Il est essentiel de consulter un optom\u00e9triste pour une \u00e9valuation de la vue compl\u00e8te et de faire traiter toute anomalie de mani\u00e8re conventionnelle avant d'envisager un traitement avec des filtres color\u00e9s.<\/span><\/p>\n<\/div><\/div>\n<\/div>\n<\/div>\n<div class=\"et_pb_bottom_inside_divider et-no-transition\"><\/div><\/div>\n\n<div class=\"et_pb_section_2 et_pb_section et_section_regular et_block_section section_has_divider et_pb_bottom_divider\">\n<div class=\"et_pb_row_2 et_pb_row et_block_row et_animated\">\n<div class=\"et_pb_column_7 et_pb_column et_pb_column_4_4 et-last-child et_block_column et_pb_css_mix_blend_mode_passthrough\">\n<div class=\"et_pb_text_7 et_pb_text et_pb_bg_layout_light et_pb_module et_block_module preset--group--divi-text--divi-font-header--default preset--group--divi-text--divi-font-body--default preset--module--divi-text--default\"><div class=\"et_pb_text_inner\"><h2>Nous joindre<\/h2>\n<div id=\"comp-l01ckxkn\" class=\"Z_l5lU MMl86N zQ9jDz qvSjx3 Vq6kJx comp-l01ckxkn wixui-rich-text\" data-testid=\"richTextElement\">\n<p class=\"font_8 wixui-rich-text__text\">Nous sommes l\u00e0 pour vous! Comment pouvons-nous vous aider?<\/p>\n<\/div>\n<\/div><\/div>\n\n<div class=\"et_pb_contact_form_0 et_pb_contact_form_container clearfix et_pb_module et_flex_module preset--group--divi-contact-form--divi-button--iy33fxtfem\" data-form_unique_num=\"0\" data-form_unique_id=\"f6d10794-58e6-4c33-8ad5-c98f5c27ab01\" id=\"et_pb_contact_form_f6d10794-58e6-4c33-8ad5-c98f5c27ab01\"><div class=\"et-pb-contact-message\"><\/div><div class=\"et_pb_contact\"><form class=\"et_pb_contact_form et_flex_module\" method=\"post\" action=\"https:\/\/opticalm.ca\/fr\/wp-json\/wp\/v2\/pages\/513\" data-trp-original-action=\"https:\/\/opticalm.ca\/fr\/wp-json\/wp\/v2\/pages\/513\">\n<div class=\"et_pb_contact_field_0 et_pb_contact_field et_pb_module et_flex_module et_flex_column_24_24 et_flex_column_24_24_tablet et_flex_column_24_24_phone\" data-id=\"name\" data-type=\"input\"><label class=\"et_pb_contact_form_label\" for=\"et_pb_contact_0_name_0\">Pr\u00e9nom*<\/label><input type=\"text\" name=\"et_pb_contact_0_name_0\" id=\"et_pb_contact_0_name_0\" class=\"input\" data-required_mark=\"required\" data-field_type=\"input\" data-original_id=\"name\" placeholder=\"Pr\u00e9nom*\" title=\"\" value=\"\" \/><\/div>\n\n<div class=\"et_pb_contact_field_1 et_pb_contact_field et_pb_module et_flex_module et_flex_column_24_24 et_flex_column_24_24_tablet et_flex_column_24_24_phone\" data-id=\"email\" data-type=\"email\"><label class=\"et_pb_contact_form_label\" for=\"et_pb_contact_0_email_1\">Courriel*<\/label><input type=\"text\" name=\"et_pb_contact_0_email_1\" id=\"et_pb_contact_0_email_1\" class=\"input\" data-required_mark=\"required\" data-field_type=\"email\" data-original_id=\"email\" placeholder=\"Courriel*\" title=\"\" value=\"\" \/><\/div>\n\n<div class=\"et_pb_contact_field_2 et_pb_contact_field et_pb_module et_flex_module et_flex_column_24_24 et_flex_column_24_24_tablet et_flex_column_24_24_phone\" data-id=\"message\" data-type=\"text\"><label class=\"et_pb_contact_form_label\" for=\"et_pb_contact_0_message_2\">Veuillez entrer votre message ici. Ne pas fournir d'informations confidentielles ou personnelles sur votre sant\u00e9.<\/label><textarea name=\"et_pb_contact_0_message_2\" id=\"et_pb_contact_0_message_2\" class=\"et_pb_contact_message input\" data-required_mark=\"required\" data-field_type=\"text\" data-original_id=\"message\" placeholder=\"Veuillez entrer votre message ici. Ne pas fournir d&#039;informations confidentielles ou personnelles sur votre sant\u00e9.\"><\/textarea><\/div>\n<input type=\"hidden\" name=\"et_pb_contactform_submit_f6d10794-58e6-4c33-8ad5-c98f5c27ab01\" value=\"et_contact_proccess\" \/><div class=\"et_contact_bottom_container\"><div class=\"et_pb_button_wrapper\"><button type=\"submit\" name=\"et_builder_submit_button\" class=\"et_pb_button et_pb_contact_submit\" data-icon=\"v\">Soumettre<\/button><\/div><\/div><input type=\"hidden\" id=\"_wpnonce-et-pb-contact-form-submitted-f6d10794-58e6-4c33-8ad5-c98f5c27ab01\" name=\"_wpnonce-et-pb-contact-form-submitted-f6d10794-58e6-4c33-8ad5-c98f5c27ab01\" value=\"63b405188a\" \/><input type=\"hidden\" name=\"_wp_http_referer\" value=\"\/fr\/wp-json\/wp\/v2\/pages\/513\" \/><input type=\"hidden\" name=\"trp-form-language\" value=\"fr\"\/><\/form><\/div><\/div>\n<\/div>\n<\/div>\n<div class=\"et_pb_bottom_inside_divider et-no-transition\"><\/div><\/div>","protected":false},"excerpt":{"rendered":"","protected":false},"author":1,"featured_media":0,"parent":0,"menu_order":94,"comment_status":"closed","ping_status":"closed","template":"","meta":{"footnotes":""},"class_list":["post-513","page","type-page","status-publish","hentry"],"_links":{"self":[{"href":"https:\/\/opticalm.ca\/fr\/wp-json\/wp\/v2\/pages\/513","targetHints":{"allow":["GET"]}}],"collection":[{"href":"https:\/\/opticalm.ca\/fr\/wp-json\/wp\/v2\/pages"}],"about":[{"href":"https:\/\/opticalm.ca\/fr\/wp-json\/wp\/v2\/types\/page"}],"author":[{"embeddable":true,"href":"https:\/\/opticalm.ca\/fr\/wp-json\/wp\/v2\/users\/1"}],"replies":[{"embeddable":true,"href":"https:\/\/opticalm.ca\/fr\/wp-json\/wp\/v2\/comments?post=513"}],"version-history":[{"count":13,"href":"https:\/\/opticalm.ca\/fr\/wp-json\/wp\/v2\/pages\/513\/revisions"}],"predecessor-version":[{"id":1019,"href":"https:\/\/opticalm.ca\/fr\/wp-json\/wp\/v2\/pages\/513\/revisions\/1019"}],"wp:attachment":[{"href":"https:\/\/opticalm.ca\/fr\/wp-json\/wp\/v2\/media?parent=513"}],"curies":[{"name":"wp","href":"https:\/\/api.w.org\/{rel}","templated":true}]}}