{"id":525,"date":"2025-11-23T05:05:43","date_gmt":"2025-11-23T05:05:43","guid":{"rendered":"https:\/\/visualstressclinic.ca\/?page_id=525"},"modified":"2026-01-21T01:34:13","modified_gmt":"2026-01-21T01:34:13","slug":"individuals","status":"publish","type":"page","link":"https:\/\/opticalm.ca\/fr\/individuals\/","title":{"rendered":"Individuals"},"content":{"rendered":"<div class=\"et_pb_section_0 et_pb_section et_section_regular et_flex_section\">\n<div class=\"et_pb_row_0 et_pb_row et_flex_row\">\n<div class=\"et_pb_column_0 et_pb_column et_flex_column et_pb_css_mix_blend_mode_passthrough et_flex_column_12_24 et_flex_column_12_24_tablet et_flex_column_24_24_phone\">\n<div class=\"et_pb_heading_0 et_pb_heading et_pb_module et_flex_module preset--module--divi-heading--default\"><div class=\"et_pb_heading_container\"><h1 class=\"et_pb_module_header\">Particuliers et familles\r\n<\/h1><\/div><\/div>\n\n<div class=\"et_pb_text_0 et_pb_text et_pb_bg_layout_light et_pb_module et_flex_module preset--group--divi-text--divi-font-header--default preset--group--divi-text--divi-font-body--default preset--module--divi-text--default\"><div class=\"et_pb_text_inner\"><p>Est-ce que vous ou un de vos proches \u00eates aux prises avec :<\/p>\n<ul>\n<li>des difficult\u00e9s d\u2019attention, d\u2019apprentissage ou de lecture?<\/li>\n<li>de la sensibilit\u00e9 \u00e0 la lumi\u00e8re \u00e0 la maison, \u00e0 l\u2019\u00e9cole ou au bureau?<\/li>\n<li>des maux de t\u00eate ou des migraines?<\/li>\n<li>une d\u00e9ficience de la vision des couleurs (DVC)?<\/li>\n<\/ul>\n<p>Opticalm peut vous aider!<\/p>\n<p><a href=\"\/fr\/contact\/\"><span style=\"text-decoration: underline;\">Communiquez avec nous<\/span><\/a>\u00a0pour obtenir une consultation et consultez la mine de renseignements pr\u00e9sent\u00e9s sur notre site Web. Mieux vous comprendrez le stress visuel et la d\u00e9ficience de la vision des couleurs, plus rapidement vous pourrez prendre les choses en main.<\/p>\n<\/div><\/div>\n<\/div>\n\n<div class=\"et_pb_column_1 et_pb_column et-last-child et_flex_column et_pb_css_mix_blend_mode_passthrough et_flex_column_12_24 et_flex_column_12_24_tablet et_flex_column_24_24_phone\">\n<div class=\"et_pb_image_0 et_pb_image et_pb_module et_flex_module\"><span class=\"et_pb_image_wrap\"><img decoding=\"async\" src=\"data:image\/svg+xml;base64,PHN2ZyB3aWR0aD0iMTA4MCIgaGVpZ2h0PSI1NDAiIHZpZXdCb3g9IjAgMCAxMDgwIDU0MCIgeG1sbnM9Imh0dHA6Ly93d3cudzMub3JnLzIwMDAvc3ZnIj4KICAgIDxnIGZpbGw9Im5vbmUiIGZpbGwtcnVsZT0iZXZlbm9kZCI+CiAgICAgICAgPHBhdGggZmlsbD0iI0VCRUJFQiIgZD0iTTAgMGgxMDgwdjU0MEgweiIvPgogICAgICAgIDxwYXRoIGQ9Ik00NDUuNjQ5IDU0MGgtOTguOTk1TDE0NC42NDkgMzM3Ljk5NSAwIDQ4Mi42NDR2LTk4Ljk5NWwxMTYuMzY1LTExNi4zNjVjMTUuNjItMTUuNjIgNDAuOTQ3LTE1LjYyIDU2LjU2OCAwTDQ0NS42NSA1NDB6IiBmaWxsLW9wYWNpdHk9Ii4xIiBmaWxsPSIjMDAwIiBmaWxsLXJ1bGU9Im5vbnplcm8iLz4KICAgICAgICA8Y2lyY2xlIGZpbGwtb3BhY2l0eT0iLjA1IiBmaWxsPSIjMDAwIiBjeD0iMzMxIiBjeT0iMTQ4IiByPSI3MCIvPgogICAgICAgIDxwYXRoIGQ9Ik0xMDgwIDM3OXYxMTMuMTM3TDcyOC4xNjIgMTQwLjMgMzI4LjQ2MiA1NDBIMjE1LjMyNEw2OTkuODc4IDU1LjQ0NmMxNS42Mi0xNS42MiA0MC45NDgtMTUuNjIgNTYuNTY4IDBMMTA4MCAzNzl6IiBmaWxsLW9wYWNpdHk9Ii4yIiBmaWxsPSIjMDAwIiBmaWxsLXJ1bGU9Im5vbnplcm8iLz4KICAgIDwvZz4KPC9zdmc+Cg==\" \/><\/span><\/div>\n<\/div>\n<\/div>\n\n<div class=\"et_pb_row_1 et_pb_row et_flex_row\">\n<div class=\"et_pb_column_2 et_pb_column et-last-child et_flex_column et_pb_css_mix_blend_mode_passthrough et_flex_column_24_24 et_flex_column_24_24_tablet et_flex_column_24_24_phone\">\n<div class=\"et_pb_heading_1 et_pb_heading et_pb_module et_flex_module preset--module--divi-heading--default\"><div class=\"et_pb_heading_container\"><h2 class=\"et_pb_module_header\">Comment nous aidons\r\n\r\n<\/h2><\/div><\/div>\n\n<div class=\"et_pb_text_1 et_pb_text et_pb_bg_layout_light et_pb_module et_flex_module preset--group--divi-text--divi-font-header--default preset--group--divi-text--divi-font-body--default preset--module--divi-text--default\"><div class=\"et_pb_text_inner\"><p>Opticalm offre une grande vari\u00e9t\u00e9 d\u2019outils, de technologies et de services d\u2019aide\u202f:<\/p>\n<ul>\n<li>\u00c9valuation du stress visuel<\/li>\n<li>Verres sp\u00e9cialis\u00e9s et filtres color\u00e9s<\/li>\n<li>Transparents et papier color\u00e9s et stylos de couleur<\/li>\n<li>Verres pour la d\u00e9ficience de la vision des couleurs<\/li>\n<li>Encre \u00e9lectronique (papier \u00e9lectronique), \u00e9crans d\u2019ordinateur et tablettes non ACL<\/li>\n<li>Logiciel de coloration d\u2019\u00e9cran<\/li>\n<li>Solutions d\u2019\u00e9clairage pour la maison ou le bureau<\/li>\n<\/ul>\n<p>Bien qu\u2019il puisse sembler \u00e9trange qu\u2019un simple article color\u00e9 puisse aider, tout devient clair une fois que l\u2019on comprend qu\u2019il n\u2019est pas question de couleur, mais de filtration de la lumi\u00e8re.<\/p>\n<\/div><\/div>\n\n<div class=\"et_pb_heading_2 et_pb_heading et_pb_module et_flex_module preset--module--divi-heading--default\"><div class=\"et_pb_heading_container\"><h2 class=\"et_pb_module_header\">Aiguillage\r\n\r\n<\/h2><\/div><\/div>\n\n<div class=\"et_pb_text_2 et_pb_text et_pb_bg_layout_light et_pb_module et_flex_module preset--group--divi-text--divi-font-header--default preset--group--divi-text--divi-font-body--default preset--module--divi-text--default\"><div class=\"et_pb_text_inner\"><p>La plupart de nos clients nous sont renvoy\u00e9s par leur m\u00e9decin, leur optom\u00e9triste, leur professionnel de l\u2019\u00e9ducation ou leur sp\u00e9cialiste en r\u00e9adaptation. De nombreux de ces sp\u00e9cialistes se servent d\u2019outils sp\u00e9cifiques con\u00e7us par Opticalm afin d\u2019identifier le stress visuel et de nous renvoyer des personnes qui b\u00e9n\u00e9ficieraient vraisemblablement de nos outils d\u2019aide et de nos services d\u2019\u00e9valuation. \u00c9videmment, nous recevons \u00e9galement des renvois par voie de bouche-\u00e0-oreille de la part de clients qui ont vu d\u2019excellents r\u00e9sultats et ont pu am\u00e9liorer leur lecture ou retourner au travail.<\/p>\n<\/div><\/div>\n\n<div class=\"et_pb_heading_3 et_pb_heading et_pb_module et_flex_module preset--module--divi-heading--default\"><div class=\"et_pb_heading_container\"><h2 class=\"et_pb_module_header\">Remarque\u202f\r\n\r\n<\/h2><\/div><\/div>\n\n<div class=\"et_pb_text_3 et_pb_text et_pb_bg_layout_light et_pb_module et_flex_module preset--group--divi-text--divi-font-header--default preset--group--divi-text--divi-font-body--default preset--module--divi-text--default\"><div class=\"et_pb_text_inner\"><p>Si votre sp\u00e9cialiste en optom\u00e9trie, en soins de sant\u00e9 ou en \u00e9ducation ne conna\u00eet pas le stress visuel, les filtres sp\u00e9cialis\u00e9s ou les services offerts par Opticalm, nous vous encourageons \u00e0 communiquer avec nous. Nous serons heureux de vous communiquer de l\u2019information ou de les renseigner.<\/p>\n<p>Pour de plus amples renseignements sur le stress visuel, il est possible de consulter le site\u00a0<a href=\"https:\/\/www.ementalhealth.ca\/Ottawa-Carleton\/Visual-Stress-Information-for-Patients-and-Families\/index.php?m=article&amp;ID=51818\"><span style=\"text-decoration: underline;\">eMentalHealth.ca<\/span><\/a>une initiative sans but lucratif du\u00a0<strong>Children's Hospital of Eastern Ontario (CHEO)<\/strong>\u00a0consacr\u00e9e \u00e0 l\u2019am\u00e9lioration de la sant\u00e9 mentale des enfants, des jeunes et des familles.<\/p>\n<p><strong>Communiquez avec nous d\u00e8s aujourd\u2019hui<\/strong>\u00a0pour discuter de vos d\u00e9fis et d\u00e9couvrir quelles sont les options qui peuvent vous convenir.<\/p>\n<\/div><\/div>\n<\/div>\n<\/div>\n<\/div>","protected":false},"excerpt":{"rendered":"","protected":false},"author":1,"featured_media":0,"parent":0,"menu_order":95,"comment_status":"closed","ping_status":"closed","template":"","meta":{"footnotes":""},"class_list":["post-525","page","type-page","status-publish","hentry"],"_links":{"self":[{"href":"https:\/\/opticalm.ca\/fr\/wp-json\/wp\/v2\/pages\/525","targetHints":{"allow":["GET"]}}],"collection":[{"href":"https:\/\/opticalm.ca\/fr\/wp-json\/wp\/v2\/pages"}],"about":[{"href":"https:\/\/opticalm.ca\/fr\/wp-json\/wp\/v2\/types\/page"}],"author":[{"embeddable":true,"href":"https:\/\/opticalm.ca\/fr\/wp-json\/wp\/v2\/users\/1"}],"replies":[{"embeddable":true,"href":"https:\/\/opticalm.ca\/fr\/wp-json\/wp\/v2\/comments?post=525"}],"version-history":[{"count":5,"href":"https:\/\/opticalm.ca\/fr\/wp-json\/wp\/v2\/pages\/525\/revisions"}],"predecessor-version":[{"id":1010,"href":"https:\/\/opticalm.ca\/fr\/wp-json\/wp\/v2\/pages\/525\/revisions\/1010"}],"wp:attachment":[{"href":"https:\/\/opticalm.ca\/fr\/wp-json\/wp\/v2\/media?parent=525"}],"curies":[{"name":"wp","href":"https:\/\/api.w.org\/{rel}","templated":true}]}}