{"id":533,"date":"2025-11-23T05:05:43","date_gmt":"2025-11-23T05:05:43","guid":{"rendered":"https:\/\/visualstressclinic.ca\/?page_id=533"},"modified":"2026-01-21T01:34:13","modified_gmt":"2026-01-21T01:34:13","slug":"health-care","status":"publish","type":"page","link":"https:\/\/opticalm.ca\/fr\/health-care\/","title":{"rendered":"Health care"},"content":{"rendered":"<div class=\"et_pb_section_0 et_pb_section et_section_regular et_flex_section\">\n<div class=\"et_pb_row_0 et_pb_row et_flex_row\">\n<div class=\"et_pb_column_0 et_pb_column et_flex_column et_pb_css_mix_blend_mode_passthrough et_flex_column_12_24 et_flex_column_12_24_tablet et_flex_column_24_24_phone\">\n<div class=\"et_pb_image_0 et_pb_image et_pb_module et_flex_module\"><span class=\"et_pb_image_wrap\"><img loading=\"lazy\" decoding=\"async\" src=\"https:\/\/visualstressclinic.ca\/wp-content\/uploads\/2025\/12\/Woman-and-Doctor.jpg\" alt=\"Woman and Doctor\" title=\"Woman and Doctor\" width=\"1080\" height=\"1080\" srcset=\"https:\/\/visualstressclinic.ca\/wp-content\/uploads\/2025\/12\/Woman-and-Doctor.jpg 1080w, https:\/\/visualstressclinic.ca\/wp-content\/uploads\/2025\/12\/Woman-and-Doctor-980x980.jpg 980w, https:\/\/visualstressclinic.ca\/wp-content\/uploads\/2025\/12\/Woman-and-Doctor-480x480.jpg 480w\" sizes=\"(min-width: 0px) and (max-width: 480px) 480px, (min-width: 481px) and (max-width: 980px) 980px, (min-width: 981px) 1080px, 100vw\" class=\"wp-image-1013\" \/><\/span><\/div>\n<\/div>\n\n<div class=\"et_pb_column_1 et_pb_column et-last-child et_flex_column et_pb_css_mix_blend_mode_passthrough et_flex_column_12_24 et_flex_column_12_24_tablet et_flex_column_24_24_phone\">\n<div class=\"et_pb_heading_0 et_pb_heading et_pb_module et_flex_module preset--module--divi-heading--default\"><div class=\"et_pb_heading_container\"><h1 class=\"et_pb_module_header\">Professionnels de la sant\u00e9<\/h1><\/div><\/div>\n\n<div class=\"et_pb_text_0 et_pb_text et_pb_bg_layout_light et_pb_module et_flex_module preset--group--divi-text--divi-font-header--default preset--group--divi-text--divi-font-body--default preset--module--divi-text--default\"><div class=\"et_pb_text_inner\"><p><span style=\"color: #000000;\">Des neurologues, des psychologues, des m\u00e9decins de famille, des ergoth\u00e9rapeutes, des physioth\u00e9rapeutes et d\u2019autres sp\u00e9cialistes de la r\u00e9adaptation et des soins de sant\u00e9 sont impliqu\u00e9s dans la d\u00e9tection, la pr\u00e9vention et le traitement des troubles neurologiques pour lesquels le syst\u00e8me visuel est affect\u00e9. De nombreux patients desquels ils prennent soin souffrent de maladies ou troubles neurologiques qui, comme le stress visuel, sont associ\u00e9s \u00e0 une hyperexcitabilit\u00e9 du cortex visuel.<\/span><\/p>\n<p><span style=\"color: #000000;\">Opticalm est d\u00e9termin\u00e9 \u00e0 aider les professionnels de la sant\u00e9 \u00e0 cerner et \u00e0 proposer des solutions \u00e0 leurs clients souffrant de stress visuel.<\/span><\/p>\n<p><span style=\"color: #000000;\">Pour ce faire, nous offrons du contenu d\u00e9taill\u00e9 sur ce site Web, des occasions d\u2019apprentissage, des outils de d\u00e9pistage et des solutions que vous pouvez proposer directement \u00e0 vos patients ou que nous pouvons leur offrir si vous nous les renvoyez.<\/span><\/p>\n<p><span style=\"color: #000000;\">Nous avons \u00e9galement de l\u2019information sur la fa\u00e7on dont vous pouvez modifier l\u2019environnement visuel dans votre clinique afin de vous adapter aux personnes souffrant de stress visuel et de troubles visuels et perceptifs.<\/span><\/p>\n<\/div><\/div>\n<\/div>\n<\/div>\n\n<div class=\"et_pb_row_1 et_pb_row et_flex_row\">\n<div class=\"et_pb_column_2 et_pb_column et-last-child et_flex_column et_pb_css_mix_blend_mode_passthrough et_flex_column_24_24 et_flex_column_24_24_tablet et_flex_column_24_24_phone\">\n<div class=\"et_pb_heading_1 et_pb_heading et_pb_module et_flex_module preset--module--divi-heading--default\"><div class=\"et_pb_heading_container\"><h2 class=\"et_pb_module_header\">Pour vos cliniques\r\n<\/h2><\/div><\/div>\n\n<div class=\"et_pb_text_1 et_pb_text et_pb_bg_layout_light et_pb_module et_flex_module preset--group--divi-text--divi-font-header--default preset--group--divi-text--divi-font-body--default preset--module--divi-text--default\"><div class=\"et_pb_text_inner\"><p><span style=\"color: #000000;\">Le fait de comprendre la sensibilit\u00e9 \u00e0 la lumi\u00e8re et aux motifs que ressentent les personnes souffrant de stress visuel facilite la compr\u00e9hension de la difficult\u00e9 qu\u2019\u00e9prouvent certains clients dans l\u2019environnement visuel\u202f:<\/span><\/p>\n<ul>\n<li><span style=\"color: #000000;\">L\u2019\u00e9blouissement de la lumi\u00e8re, des miroirs, des planchers cir\u00e9s et de l\u2019\u00e9quipement peut \u00eatre \u00e9crasant pour certains clients. Ce sentiment peut entra\u00eener des difficult\u00e9s pour vos clients \u00e0 se concentrer sur la t\u00e2che de suivre vos recommandations ou \u00e0 se pr\u00e9senter \u00e0 leur rendez-vous.<\/span><\/li>\n<li><span style=\"color: #000000;\">Il est important de cr\u00e9er un espace calme et invitant dans votre clinique, en particulier pour les clients ayant des l\u00e9sions c\u00e9r\u00e9brales, des difficult\u00e9s d\u2019apprentissage ou d\u2019autres maladies ou troubles qui coexistent avec le stress visuel.<\/span><\/li>\n<li><span style=\"color: #000000;\">Il est essentiel d\u2019\u00e9liminer les d\u00e9clencheurs cl\u00e9s du stress visuel, comme les rayures, les motifs, l\u2019\u00e9blouissement et l\u2019\u00e9clairage fluorescent.<\/span><\/li>\n<\/ul>\n<p><span style=\"color: #000000;\">Opticalm offre des solutions d\u2019\u00e9clairage de pointe aux fins r\u00e9sidentielles ou commerciales.<br \/><\/span><span style=\"color: #000000;\"><a href=\"https:\/\/opticalm.ca\/fr\/contact\/\">Communiquez avec nous<\/a> pour obtenir une consultation ou <a href=\"https:\/\/opticalm.ca\/fr\/shop\/\">visitez notre magasin<\/a>.<\/span><\/p>\n<\/div><\/div>\n\n<div class=\"et_pb_heading_2 et_pb_heading et_pb_module et_flex_module preset--module--divi-heading--default\"><div class=\"et_pb_heading_container\"><h2 class=\"et_pb_module_header\">Pour vos employ\u00e9s\r\n<\/h2><\/div><\/div>\n\n<div class=\"et_pb_text_2 et_pb_text et_pb_bg_layout_light et_pb_module et_flex_module preset--group--divi-text--divi-font-header--default preset--group--divi-text--divi-font-body--default preset--module--divi-text--default\"><div class=\"et_pb_text_inner\"><p><span style=\"color: #000000;\">La plupart du temps, les patients pr\u00e9sentent des sympt\u00f4mes pouvant \u00eatre trait\u00e9s par des traitements traditionnels. Toutefois, de nombreux patients pr\u00e9sentent une collection de troubles ou de maladies pour lesquels un traitement n\u2019am\u00e9liore qu\u2019en partie les sympt\u00f4mes. Trop souvent, le stress visuel est n\u00e9glig\u00e9 en tant que facteur contribuant aux sympt\u00f4mes, m\u00eame s\u2019il est pr\u00e9sent \u00e0 divers degr\u00e9s chez presque 20\u202f% de la population et qu\u2019il est plus concentr\u00e9 dans la population de personnes ayant des difficult\u00e9s d\u2019apprentissage et des maladies et troubles neurologiques affectant le syst\u00e8me visuel.<\/span><\/p>\n<p><span style=\"color: #000000;\"><a href=\"https:\/\/opticalm.ca\/fr\/contact\/\">Communiquez avec nous<\/a> pour r\u00e9server une s\u00e9ance de formation pour vos employ\u00e9s et vous ou visitez notre page d\u2019 <a href=\"https:\/\/opticalm.ca\/fr\/events\/\">\u00e9v\u00e9nements<\/a> pour les s\u00e9ances \u00e0 venir. La formation peut \u00eatre offerte \u00e0 votre clinique ou \u00e0 la clinique de stress visuel d\u2019Opticalm \u00e0 Kanata, en Ontario.<\/span><\/p>\n<\/div><\/div>\n\n<div class=\"et_pb_heading_3 et_pb_heading et_pb_module et_flex_module preset--module--divi-heading--default\"><div class=\"et_pb_heading_container\"><h2 class=\"et_pb_module_header\">D\u2019autres ressources pour les professionnels de la sant\u00e9\u202f:\r\n\r\n<\/h2><\/div><\/div>\n\n<div class=\"et_pb_text_3 et_pb_text et_pb_bg_layout_light et_pb_module et_flex_module preset--group--divi-text--divi-font-header--default preset--group--divi-text--divi-font-body--default preset--module--divi-text--default\"><div class=\"et_pb_text_inner\"><p><span style=\"color: #000000;\">Le mat\u00e9riel de formation continue suivant est publi\u00e9 par des organismes d\u2019\u00e9ducation du Royaume-Uni et sert des fins \u00e9ducatives pr\u00e9cieuses. <br \/><a href=\"https:\/\/opticalm.ca\/fr\/contact\/\">Communiquez avec nous<\/a> pour acc\u00e9der \u00e0 ces mat\u00e9riels de formation et <a href=\"https:\/\/opticalm.ca\/fr\/shop\/\">visitez notre magasin<\/a> afin de consulter nos ouvrages de r\u00e9f\u00e9rence.<\/span><\/p>\n<p><span style=\"color: #000000;\">CET publi\u00e9 par Optometry Today\u202f:<\/span><\/p>\n<ul>\n<li><span style=\"color: #000000;\">Vision and Reading Difficulties, une s\u00e9rie en 5\u202fparties sur les troubles sp\u00e9cifiques des apprentissages et la vision, les facteurs de corr\u00e9lation entre l\u2019optom\u00e9trie et les difficult\u00e9s de lecture, le fonctionnement des filtres color\u00e9s, les raisons pour lesquelles les filtres color\u00e9s fonctionnent et le protocole th\u00e9rapeutique pour r\u00e9aliser les essais;<\/span><\/li>\n<li><span style=\"color: #000000;\">Visual Factors in Specific Learning Difficulties;<\/span><\/li>\n<li><span style=\"color: #000000;\">Visual Factors in Autism Spectrum Disorders;<\/span><\/li>\n<li><span style=\"color: #000000;\">Pattern Glare, its impact, and how practitioners can assist\u202ftheir patients.<\/span><\/li>\n<\/ul>\n<p><span style=\"color: #000000;\">Autres publications du CET approuv\u00e9es par le General Optical Council\u202f:<\/span><\/p>\n<ul>\n<li><span style=\"color: #000000;\">Reading and Dyslexia, une s\u00e9rie en 5\u202fparties publi\u00e9e par Optician Magazine;<\/span><\/li>\n<li><span style=\"color: #000000;\">Visual Stress and dyslexia for the practicing optometrist publi\u00e9 par Optometry in Practice.<\/span><\/li>\n<\/ul>\n<\/div><\/div>\n\n<div class=\"et_pb_heading_4 et_pb_heading et_pb_module et_flex_module preset--module--divi-heading--default\"><div class=\"et_pb_heading_container\"><h2 class=\"et_pb_module_header\">Pour vos patients et clients \r\n\r\n\r\n<\/h2><\/div><\/div>\n\n<div class=\"et_pb_text_4 et_pb_text et_pb_bg_layout_light et_pb_module et_flex_module preset--group--divi-text--divi-font-header--default preset--group--divi-text--divi-font-body--default preset--module--divi-text--default\"><div class=\"et_pb_text_inner\"><p><strong><span style=\"color: #000000;\">Sympt\u00f4mes de vision courants caus\u00e9s par le stress visuel\u202f:<\/span><\/strong><\/p>\n<ul>\n<li><span style=\"color: #000000;\">Sensibilit\u00e9 \u00e0 l\u2019\u00e9clairage fluorescent, aux \u00e9crans d\u2019ordinateur et \u00e0 l\u2019\u00e9blouissement du papier blanc ou des tableaux blancs, qui entra\u00eene une pr\u00e9f\u00e9rence pour une faible luminosit\u00e9 et des lunettes de soleil \u00e0 l\u2019int\u00e9rieur, un \u00e9vitement de la lecture et de la difficult\u00e9 en classe et en travaillant \u00e0 l\u2019\u00e9cran.<\/span><\/li>\n<li><span style=\"color: #000000;\">Sensibilit\u00e9 aux motifs dans le texte et dans l\u2019environnement, qui cr\u00e9e des probl\u00e8mes de perception\u202f: mouvement des lettres ou des mots, clignotement, vision floue ou tremblotante rendant difficiles la lecture, le suivi, l\u2019attention et l\u2019\u00e9quilibre.<\/span><\/li>\n<\/ul>\n<p><strong><span style=\"color: #000000;\">\u00c9valuation du stress visuel\u202f:<\/span><\/strong><\/p>\n<ul>\n<li><span style=\"color: #000000;\">Lorsque des patients signalent de l\u2019inconfort visuel, des difficult\u00e9s de lecture, des d\u00e9formations perceptives ou des troubles visuels qui ne sont pas r\u00e9gl\u00e9s par une intervention d\u00e9taill\u00e9e en optom\u00e9trie, il est essentiel d\u2019\u00e9valuer s\u2019il y a du stress visuel.<\/span><\/li>\n<\/ul>\n<p><span style=\"color: #000000;\"><a href=\"https:\/\/opticalm.ca\/fr\/contact\/\">Communiquez avec nous<\/a><\/span><strong><span style=\"color: #000000;\"> pour\u202f:<\/span><\/strong><\/p>\n<ul>\n<li><span style=\"color: #000000;\">en apprendre plus sur le stress visuel et renvoyer vos patients aux bons services.<\/span><\/li>\n<li><span style=\"color: #000000;\">mettre en place une \u00e9valuation du stress visuel dans votre pratique et devenir un sp\u00e9cialiste.<\/span><\/li>\n<li><span style=\"color: #000000;\">former votre \u00e9quipe sur le stress visuel, ses sympt\u00f4mes et ses solutions.<\/span><\/li>\n<li><span style=\"color: #000000;\">See below for more information...<\/span><\/li>\n<\/ul>\n<p><strong><span style=\"color: #000000;\">Prescription des outils et technologies d\u2019assistance\u202f:<\/span><\/strong><\/p>\n<p><span style=\"color: #000000;\">Une fois que les couleurs sont choisies, de nombreux outils et technologies d'aide peuvent \u00eatre offerts sur place aux patients et aux clients ou, si vous ne souhaitez pas conserver des stocks de produits, dirigez vos patients vers le magasin en ligne d'Opticalm. Bien que certains outils de couleur puissent am\u00e9liorer la lecture sur le papier ou \u00e0 l'\u00e9cran d'un ordinateur, la couleur optimale de ces outils ne peut pas \u00eatre utilis\u00e9e comme r\u00e9f\u00e9rence pour la couleur des verres, car elle ne sera pas optimale. Des \u00e9tudes formelles par des chercheurs en optom\u00e9trie et la vaste exp\u00e9rience acquise \u00e0 la clinique d'Opticalm ont syst\u00e9matiquement montr\u00e9 que la couleur des transparents ne correspond pas \u00e0 la couleur des verres. La teinte de pr\u00e9cision est essentielle pour obtenir un effet optimal, et elle doit \u00eatre d\u00e9termin\u00e9e au moyen d\u2019un bien plus grand nombre d\u2019options que celles qui sont disponibles pour le papier ou les transparents. La raison est que le syst\u00e8me visuel est adapt\u00e9 \u00e0 la lumi\u00e8re blanche en utilisant du papier ou des transparents, mais qu\u2019il est adapt\u00e9 \u00e0 la lumi\u00e8re color\u00e9e lors des essais au moyen de l\u2019Intuitive Colorimeter et, subs\u00e9quemment, en portant des verres teint\u00e9s. Il est recommand\u00e9 de mener les essais pour des verres filtrant color\u00e9 de pr\u00e9cision en utilisant un tr\u00e8s grand nombre d'options.<\/span><\/p>\n<p><strong><span style=\"color: #000000;\">Renvoi pour des verres teint\u00e9s de pr\u00e9cision\u202f:<\/span><\/strong><\/p>\n<ul>\n<li><span style=\"color: #000000;\">Opticalm travaille avec des sp\u00e9cialistes et re\u00e7oit les renvois de sp\u00e9cialistes en\u202f:<\/span><\/li>\n<li><span style=\"color: #000000;\">Optom\u00e9trie<\/span><\/li>\n<li><span style=\"color: #000000;\">Neurologie<\/span><\/li>\n<li><span style=\"color: #000000;\">R\u00e9adaptation<\/span><\/li>\n<li><span style=\"color: #000000;\">Psychologie<\/span><\/li>\n<li><span style=\"color: #000000;\">M\u00e9decine interne<\/span><\/li>\n<\/ul>\n<p><span style=\"color: #000000;\">Ces sp\u00e9cialistes voient des patients ayant des maladies et troubles qui se trouvent souvent en comorbidit\u00e9 avec le stress visuel\u202f:<\/span><\/p>\n<ul>\n<li><span style=\"color: #000000;\">Migraines<\/span><\/li>\n<li><span style=\"color: #000000;\">\u00c9pilepsie<\/span><\/li>\n<li><span style=\"color: #000000;\">Autisme<\/span><\/li>\n<li><span style=\"color: #000000;\">Syndrome post-commotionnel<\/span><\/li>\n<li><span style=\"color: #000000;\">Trouble d\u00e9ficitaire de l\u2019attention avec hyperactivit\u00e9<\/span><\/li>\n<li><span style=\"color: #000000;\">Dyslexie<\/span><\/li>\n<li><span style=\"color: #000000;\">Troubles vestibulaires<\/span><\/li>\n<li><span style=\"color: #000000;\">Difficult\u00e9s dans les t\u00e2ches de suivi visuel, etc.<\/span><\/li>\n<\/ul>\n<p><span style=\"color: #000000;\">Ces patients pr\u00e9sentent des sympt\u00f4mes typiques de leur trouble principal, mais qui pourraient \u00e9galement \u00eatre attribu\u00e9s au stress visuel. Si on soup\u00e7onne la pr\u00e9sence de stress visuel et si le <a href=\"https:\/\/www.visualstress.app\/\">test de d\u00e9pistage gratuit<\/a> indiquent une grande probabilit\u00e9 que des filtres color\u00e9s puissent aider, vous pouvez utiliser le <a href=\"https:\/\/www.visualstress.app\/referral\/\">formulaire d'aigullage<\/a>.<\/span><\/p>\n<p><span style=\"color: #000000;\">Les \u00e9valuations sont effectu\u00e9es \u00e0 l'aide du Intuitive Colorimeter, un dispositif m\u00e9dical qui utilise une gamme compl\u00e8te de couleurs (100 000) pour obtenir un soulagement optimal des sympt\u00f4mes.<\/span><\/p>\n<p><em><span style=\"color: #000000;\">Bien que nous acceptions les clients qui ne nous sont pas renvoy\u00e9s par des sp\u00e9cialistes, nous communiquons toujours avec leur professionnel de la vue principal afin de nous assurer que les clients ont re\u00e7u un examen de la vue appropri\u00e9 et qu\u2019ils portent leur prescription la plus r\u00e9cente.<\/span><\/em><\/p>\n<\/div><\/div>\n<\/div>\n<\/div>\n<\/div>","protected":false},"excerpt":{"rendered":"","protected":false},"author":1,"featured_media":0,"parent":0,"menu_order":96,"comment_status":"closed","ping_status":"closed","template":"","meta":{"footnotes":""},"class_list":["post-533","page","type-page","status-publish","hentry"],"_links":{"self":[{"href":"https:\/\/opticalm.ca\/fr\/wp-json\/wp\/v2\/pages\/533","targetHints":{"allow":["GET"]}}],"collection":[{"href":"https:\/\/opticalm.ca\/fr\/wp-json\/wp\/v2\/pages"}],"about":[{"href":"https:\/\/opticalm.ca\/fr\/wp-json\/wp\/v2\/types\/page"}],"author":[{"embeddable":true,"href":"https:\/\/opticalm.ca\/fr\/wp-json\/wp\/v2\/users\/1"}],"replies":[{"embeddable":true,"href":"https:\/\/opticalm.ca\/fr\/wp-json\/wp\/v2\/comments?post=533"}],"version-history":[{"count":4,"href":"https:\/\/opticalm.ca\/fr\/wp-json\/wp\/v2\/pages\/533\/revisions"}],"predecessor-version":[{"id":1014,"href":"https:\/\/opticalm.ca\/fr\/wp-json\/wp\/v2\/pages\/533\/revisions\/1014"}],"wp:attachment":[{"href":"https:\/\/opticalm.ca\/fr\/wp-json\/wp\/v2\/media?parent=533"}],"curies":[{"name":"wp","href":"https:\/\/api.w.org\/{rel}","templated":true}]}}