{"id":537,"date":"2025-11-23T05:05:43","date_gmt":"2025-11-23T05:05:43","guid":{"rendered":"https:\/\/visualstressclinic.ca\/?page_id=537"},"modified":"2026-01-21T01:34:13","modified_gmt":"2026-01-21T01:34:13","slug":"education","status":"publish","type":"page","link":"https:\/\/opticalm.ca\/fr\/education\/","title":{"rendered":"\u00c9ducation"},"content":{"rendered":"<div class=\"et_pb_section_0 et_pb_section et_section_regular et_flex_section\">\n<div class=\"et_pb_row_0 et_pb_row et_flex_row\">\n<div class=\"et_pb_column_0 et_pb_column et_flex_column et_pb_css_mix_blend_mode_passthrough et_flex_column_12_24 et_flex_column_12_24_tablet et_flex_column_24_24_phone\">\n<div class=\"et_pb_image_0 et_pb_image et_pb_module et_flex_module\"><span class=\"et_pb_image_wrap\"><img loading=\"lazy\" decoding=\"async\" src=\"https:\/\/visualstressclinic.ca\/wp-content\/uploads\/2025\/12\/7ff0iei80aq.jpg\" alt=\"Teacher in gray sweater helping boy in a white plaid shirt\" title=\"Teacher helping student\" width=\"1471\" height=\"1200\" srcset=\"https:\/\/opticalm.ca\/wp-content\/uploads\/2025\/12\/7ff0iei80aq.jpg 1471w, https:\/\/opticalm.ca\/wp-content\/uploads\/2025\/12\/7ff0iei80aq-600x489.jpg 600w, https:\/\/opticalm.ca\/wp-content\/uploads\/2025\/12\/7ff0iei80aq-300x245.jpg 300w, https:\/\/opticalm.ca\/wp-content\/uploads\/2025\/12\/7ff0iei80aq-1024x835.jpg 1024w, https:\/\/opticalm.ca\/wp-content\/uploads\/2025\/12\/7ff0iei80aq-768x627.jpg 768w, https:\/\/opticalm.ca\/wp-content\/uploads\/2025\/12\/7ff0iei80aq-15x12.jpg 15w, https:\/\/opticalm.ca\/wp-content\/uploads\/2025\/12\/7ff0iei80aq-1080x881.jpg 1080w, https:\/\/opticalm.ca\/wp-content\/uploads\/2025\/12\/7ff0iei80aq-1280x1044.jpg 1280w, https:\/\/opticalm.ca\/wp-content\/uploads\/2025\/12\/7ff0iei80aq-980x799.jpg 980w, https:\/\/opticalm.ca\/wp-content\/uploads\/2025\/12\/7ff0iei80aq-480x392.jpg 480w\" sizes=\"(max-width: 1471px) 100vw, 1471px\" class=\"wp-image-1022\" \/><\/span><\/div>\n<\/div>\n\n<div class=\"et_pb_column_1 et_pb_column et-last-child et_flex_column et_pb_css_mix_blend_mode_passthrough et_flex_column_12_24 et_flex_column_12_24_tablet et_flex_column_24_24_phone\">\n<div class=\"et_pb_row_1 et_pb_row et_pb_row_nested et_flex_row\">\n<div class=\"et_pb_column_2 et_pb_column et_flex_column et_pb_css_mix_blend_mode_passthrough et_flex_column_2_5 et_flex_column_2_5_tablet et_flex_column_24_24_phone\">\n<div class=\"et_pb_heading_0 et_pb_heading et_pb_module et_flex_module preset--module--divi-heading--default\"><div class=\"et_pb_heading_container\"><h1 class=\"et_pb_module_header\">\u00c9ducation<\/h1><\/div><\/div>\n<\/div>\n\n<div class=\"et_pb_column_3 et_pb_column et-last-child et_flex_column et_pb_css_mix_blend_mode_passthrough et_flex_column_3_5 et_flex_column_3_5_tablet et_flex_column_24_24_phone\">\n<div class=\"et_pb_heading_1 et_pb_heading et_pb_module et_flex_module preset--module--divi-heading--default\"><div class=\"et_pb_heading_container\"><h2 class=\"et_pb_module_header\">\u00c9liminer les obstacles \u00e0 l\u2019apprentissage<\/h2><\/div><\/div>\n<\/div>\n<\/div>\n\n<div class=\"et_pb_text_0 et_pb_text et_pb_bg_layout_light et_pb_module et_flex_module preset--group--divi-text--divi-font-header--default preset--group--divi-text--divi-font-body--default preset--module--divi-text--default\"><div class=\"et_pb_text_inner\"><p>Les professionnels de l\u2019\u00e9ducation de tous les niveaux jouent un r\u00f4le essentiel dans la vie de leurs \u00e9l\u00e8ves. Dans le cadre de votre r\u00f4le en vue d\u2019\u00e9duquer vos \u00e9l\u00e8ves, vous donnez \u00e9galement le ton \u00e0 l\u2019environnement d\u2019apprentissage et identifiez les besoins en apprentissage et difficult\u00e9s d\u2019apprentissage des \u00e9l\u00e8ves. Lorsque des \u00e9l\u00e8ves ont besoin d\u2019aide, ils sont g\u00e9n\u00e9ralement renvoy\u00e9s vers un sp\u00e9cialiste en apprentissage afin d\u2019examiner davantage le probl\u00e8me.<\/p>\n<p>Opticalm travaille avec les conseils scolaires, les enseignants, les sp\u00e9cialistes en apprentissage, les psychop\u00e9dagogues, les tuteurs et les parents afin d\u2019aider les \u00e9l\u00e8ves qui \u00e9prouvent des difficult\u00e9s de lecture, d\u2019apprentissage, d\u2019attention, de traitement sensoriel et de compr\u00e9hension, en plus de la frustration et de l\u2019anxi\u00e9t\u00e9 qui les accompagnent souvent.<\/p>\n<\/div><\/div>\n<\/div>\n<\/div>\n\n<div class=\"et_pb_row_2 et_pb_row et_flex_row\">\n<div class=\"et_pb_column_4 et_pb_column et-last-child et_flex_column et_pb_css_mix_blend_mode_passthrough et_flex_column_24_24 et_flex_column_24_24_tablet et_flex_column_24_24_phone\">\n<div class=\"et_pb_text_1 et_pb_text et_pb_bg_layout_light et_pb_module et_flex_module preset--group--divi-text--divi-font-header--default preset--group--divi-text--divi-font-body--default preset--module--divi-text--default\"><div class=\"et_pb_text_inner\"><p>Ces sympt\u00f4mes sont courants chez les personnes souffrant de stress visuel et peuvent \u00eatre att\u00e9nu\u00e9s au moyen de simples outils et technologies d\u2019assistance, dont nombre d\u2019entre eux peuvent \u00eatre fournis directement aux \u00e9l\u00e8ves par les professionnels de l\u2019\u00e9ducation.<\/p>\n<p>La recherche a d\u00e9termin\u00e9 que le stress visuel est pr\u00e9sent chez presque 20\u202f% de la population, un plus grand pourcentage se trouve chez les populations qui signalent des difficult\u00e9s d\u2019apprentissage, des migraines et des difficult\u00e9s \u00e0 demeurer attentif. Dans une classe de 25\u202f\u00e9l\u00e8ves, cela repr\u00e9sente environ 4\u202f\u00e9l\u00e8ves qui peuvent ressentir divers degr\u00e9s de stress visuel, qui interf\u00e8re avec leur apprentissage.<\/p>\n<\/div><\/div>\n\n<div class=\"et_pb_heading_2 et_pb_heading et_pb_module et_flex_module preset--module--divi-heading--default\"><div class=\"et_pb_heading_container\"><h2 class=\"et_pb_module_header\">Opticalm aide les professionnels de l\u2019\u00e9ducation en offrant\u202f:<\/h2><\/div><\/div>\n\n<div class=\"et_pb_text_2 et_pb_text et_pb_bg_layout_light et_pb_module et_flex_module preset--group--divi-text--divi-font-header--default preset--group--divi-text--divi-font-body--default preset--module--divi-text--default\"><div class=\"et_pb_text_inner\"><ul>\n<li>de la formation sur la mani\u00e8re d\u2019identifier le trouble;<\/li>\n<li>du mat\u00e9riel aux fins de d\u00e9pistage;<\/li>\n<li>des suggestions pour modifier les espaces d\u2019apprentissage afin de r\u00e9duire les d\u00e9clencheurs;<\/li>\n<li>des outils et technologies d\u2019assistance que les \u00e9l\u00e8ves peuvent utiliser et qui peuvent \u00eatre install\u00e9s dans les espaces d\u2019apprentissage.<\/li>\n<\/ul>\n<\/div><\/div>\n\n<div class=\"et_pb_heading_3 et_pb_heading et_pb_module et_flex_module preset--module--divi-heading--default\"><div class=\"et_pb_heading_container\"><h2 class=\"et_pb_module_header\">The first step towards reducing Visual Stress in the classroom - Overlays:<\/h2><\/div><\/div>\n\n<div class=\"et_pb_text_3 et_pb_text et_pb_bg_layout_light et_pb_module et_flex_module preset--group--divi-text--divi-font-header--default preset--group--divi-text--divi-font-body--default preset--module--divi-text--default\"><div class=\"et_pb_text_inner\"><p>Les transparents sont l\u2019un des outils d\u2019assistance les plus couramment utilis\u00e9s en classe. Ces feuilles de plastique teint\u00e9es et transparentes sont plac\u00e9es par-dessus le mat\u00e9riel de lecture afin de r\u00e9duire les d\u00e9formations. Pour qu\u2019elles soient efficaces, ces feuilles doivent avoir la couleur appropri\u00e9e pour chaque \u00e9l\u00e8ve. Opticalm\u202foffre une trousse de d\u00e9pistage pr\u00e9liminaire qui peut vous aider \u00e0 cette \u00e9tape cruciale.<\/p>\n<p>Once distortions are removed, the student's attention will be directed to the processing of continuous text rather than to the identification of individual words. This normally improves reading comprehension and attention, and reduces eye strain and headaches.<\/p>\n<p>De nos jours, environ 75\u202f% des \u00e9coles au Royaume-Uni se servent de transparents, de r\u00e8gles color\u00e9es et d\u2019autres produits de couleur en classe. Au fil des ann\u00e9es, des milliers d\u2019enseignants ont signal\u00e9 des am\u00e9liorations chez les \u00e9l\u00e8ves \u00e9prouvant des difficult\u00e9s \u00e0 lire lorsque des transparents d\u2019une couleur optimale \u00e9taient utilis\u00e9s, notamment sur le plan de la vitesse de lecture, de la pr\u00e9cision, de la compr\u00e9hension et de l\u2019orthographe.<\/p>\n<\/div><\/div>\n<\/div>\n<\/div>\n<\/div>","protected":false},"excerpt":{"rendered":"","protected":false},"author":1,"featured_media":0,"parent":0,"menu_order":98,"comment_status":"closed","ping_status":"closed","template":"","meta":{"footnotes":""},"class_list":["post-537","page","type-page","status-publish","hentry"],"_links":{"self":[{"href":"https:\/\/opticalm.ca\/fr\/wp-json\/wp\/v2\/pages\/537","targetHints":{"allow":["GET"]}}],"collection":[{"href":"https:\/\/opticalm.ca\/fr\/wp-json\/wp\/v2\/pages"}],"about":[{"href":"https:\/\/opticalm.ca\/fr\/wp-json\/wp\/v2\/types\/page"}],"author":[{"embeddable":true,"href":"https:\/\/opticalm.ca\/fr\/wp-json\/wp\/v2\/users\/1"}],"replies":[{"embeddable":true,"href":"https:\/\/opticalm.ca\/fr\/wp-json\/wp\/v2\/comments?post=537"}],"version-history":[{"count":3,"href":"https:\/\/opticalm.ca\/fr\/wp-json\/wp\/v2\/pages\/537\/revisions"}],"predecessor-version":[{"id":1023,"href":"https:\/\/opticalm.ca\/fr\/wp-json\/wp\/v2\/pages\/537\/revisions\/1023"}],"wp:attachment":[{"href":"https:\/\/opticalm.ca\/fr\/wp-json\/wp\/v2\/media?parent=537"}],"curies":[{"name":"wp","href":"https:\/\/api.w.org\/{rel}","templated":true}]}}