{"id":540,"date":"2025-11-23T05:05:43","date_gmt":"2025-11-23T05:05:43","guid":{"rendered":"https:\/\/visualstressclinic.ca\/?page_id=540"},"modified":"2026-01-21T01:34:14","modified_gmt":"2026-01-21T01:34:14","slug":"employers","status":"publish","type":"page","link":"https:\/\/opticalm.ca\/fr\/employers\/","title":{"rendered":"Employeurs"},"content":{"rendered":"<div class=\"et_pb_section_0 et_pb_section et_section_regular et_flex_section\">\n<div class=\"et_pb_row_0 et_pb_row et_flex_row\">\n<div class=\"et_pb_column_0 et_pb_column et_flex_column et_pb_css_mix_blend_mode_passthrough et_flex_column_12_24 et_flex_column_12_24_tablet et_flex_column_24_24_phone\">\n<div class=\"et_pb_image_0 et_pb_image et_pb_module et_flex_module\"><span class=\"et_pb_image_wrap\"><img loading=\"lazy\" decoding=\"async\" src=\"https:\/\/visualstressclinic.ca\/wp-content\/uploads\/2025\/12\/r10-3wyggee.jpg\" alt=\"a man giving a presentation to a group of people\" title=\"presentation to a group\" width=\"1600\" height=\"1067\" srcset=\"https:\/\/opticalm.ca\/wp-content\/uploads\/2025\/12\/r10-3wyggee.jpg 1600w, https:\/\/opticalm.ca\/wp-content\/uploads\/2025\/12\/r10-3wyggee-600x400.jpg 600w, https:\/\/opticalm.ca\/wp-content\/uploads\/2025\/12\/r10-3wyggee-300x200.jpg 300w, https:\/\/opticalm.ca\/wp-content\/uploads\/2025\/12\/r10-3wyggee-1024x683.jpg 1024w, https:\/\/opticalm.ca\/wp-content\/uploads\/2025\/12\/r10-3wyggee-768x512.jpg 768w, https:\/\/opticalm.ca\/wp-content\/uploads\/2025\/12\/r10-3wyggee-1536x1024.jpg 1536w, https:\/\/opticalm.ca\/wp-content\/uploads\/2025\/12\/r10-3wyggee-18x12.jpg 18w, https:\/\/opticalm.ca\/wp-content\/uploads\/2025\/12\/r10-3wyggee-1080x720.jpg 1080w, https:\/\/opticalm.ca\/wp-content\/uploads\/2025\/12\/r10-3wyggee-1280x854.jpg 1280w, https:\/\/opticalm.ca\/wp-content\/uploads\/2025\/12\/r10-3wyggee-980x654.jpg 980w, https:\/\/opticalm.ca\/wp-content\/uploads\/2025\/12\/r10-3wyggee-480x320.jpg 480w\" sizes=\"(max-width: 1600px) 100vw, 1600px\" class=\"wp-image-1001\" \/><\/span><\/div>\n<\/div>\n\n<div class=\"et_pb_column_1 et_pb_column et-last-child et_flex_column et_pb_css_mix_blend_mode_passthrough et_flex_column_12_24 et_flex_column_12_24_tablet et_flex_column_24_24_phone\">\n<div class=\"et_pb_row_1 et_pb_row et_pb_row_nested et_flex_row\">\n<div class=\"et_pb_column_2 et_pb_column et_flex_column et_pb_css_mix_blend_mode_passthrough et_flex_column_2_5 et_flex_column_2_5_tablet et_flex_column_24_24_phone\">\n<div class=\"et_pb_heading_0 et_pb_heading et_pb_module et_flex_module preset--module--divi-heading--default\"><div class=\"et_pb_heading_container\"><h1 class=\"et_pb_module_header\">Employeurs<\/h1><\/div><\/div>\n<\/div>\n\n<div class=\"et_pb_column_3 et_pb_column et-last-child et_flex_column et_pb_css_mix_blend_mode_passthrough et_flex_column_3_5 et_flex_column_3_5_tablet et_flex_column_24_24_phone\">\n<div class=\"et_pb_heading_1 et_pb_heading et_pb_module et_flex_module preset--module--divi-heading--default\"><div class=\"et_pb_heading_container\"><h2 class=\"et_pb_module_header\">Am\u00e9liorer les espaces de travail des employ\u00e9s<\/h2><\/div><\/div>\n<\/div>\n<\/div>\n\n<div class=\"et_pb_text_0 et_pb_text et_pb_bg_layout_light et_pb_module et_flex_module preset--group--divi-text--divi-font-header--default preset--group--divi-text--divi-font-body--default preset--module--divi-text--default\"><div class=\"et_pb_text_inner\"><p>Le stress visuel affecte une personne sur cinq et peut causer des maux de t\u00eate, de la sensibilit\u00e9 \u00e0 la lumi\u00e8re, des difficult\u00e9s de lecture et de concentration et des probl\u00e8mes de vision d\u00e9coulant de commotions c\u00e9r\u00e9brales ou de l\u00e9sions c\u00e9r\u00e9brales acquises (LCA).<\/p>\n<p>Ces sympt\u00f4mes peuvent faire en sorte de forcer des employ\u00e9s \u00e0 s\u2019absenter du travail en raison de migraines ou de rendre difficile le retour au travail \u00e0 la suite d\u2019un traumatisme cr\u00e2nien.<\/p>\n<p>Les employ\u00e9s affect\u00e9s sont extr\u00eamement sensibles \u00e0 l\u2019inconfort visuel et aux d\u00e9formations, et la sensibilit\u00e9 \u00e0 la lumi\u00e8re est la plainte la plus courante.<\/p>\n<p>La sensibilit\u00e9 \u00e0 la lumi\u00e8re, aux \u00e9blouissements, aux contrastes, au scintillement et au mouvement s\u2019appelle le \u00ab\u202fstress visuel\u202f\u00bb et est d\u00e9clench\u00e9e par des stimuli qui se trouvent partout dans l\u2019environnement visuel au travail.<\/p>\n<\/div><\/div>\n<\/div>\n<\/div>\n\n<div class=\"et_pb_row_2 et_pb_row et_flex_row\">\n<div class=\"et_pb_column_4 et_pb_column et-last-child et_flex_column et_pb_css_mix_blend_mode_passthrough et_flex_column_24_24 et_flex_column_24_24_tablet et_flex_column_24_24_phone\">\n<div class=\"et_pb_heading_2 et_pb_heading et_pb_module et_flex_module preset--module--divi-heading--default\"><div class=\"et_pb_heading_container\"><h2 class=\"et_pb_module_header\">Les d\u00e9clencheurs courants qui peuvent avoir un impact sur vos employ\u00e9s et la productivit\u00e9 sont\u202f:<\/h2><\/div><\/div>\n\n<div class=\"et_pb_text_1 et_pb_text et_pb_bg_layout_light et_pb_module et_flex_module preset--group--divi-text--divi-font-header--default preset--group--divi-text--divi-font-body--default preset--module--divi-text--default\"><div class=\"et_pb_text_inner\"><ul>\n<li>l\u2019\u00e9clairage fluorescent (une source de lumi\u00e8re et de scintillement);<\/li>\n<li>les \u00e9crans d\u2019ordinateur (une source de lumi\u00e8re, d\u2019\u00e9blouissement et de contraste \u00e9lev\u00e9);<\/li>\n<li>le travail \u00e0 l\u2019ordinateur, notamment le fait de faire d\u00e9filer et de regarder du texte et des tableaux (une source de contrastes, de motifs et de mouvement);<\/li>\n<li>les contrastes \u00e9lev\u00e9s et les textes en petites polices dans les documents (une source de contrastes et de motifs);<\/li>\n<li>les stores horizontaux et verticaux (une source d\u2019\u00e9blouissement, de contrastes et de motifs);<\/li>\n<li>les bureaux \u00e0 aire ouverte (une source de lumi\u00e8re, de mouvement et de scintillement excessifs.<\/li>\n<\/ul>\n<p>Opticalm\u202ftravaille avec les employeurs, les ergonomes, les sp\u00e9cialistes en formation professionnelle et les \u00e9quipes charg\u00e9es du mieux-\u00eatre et des mesures d\u2019adaptation afin d\u2019aider les employ\u00e9s qui ressentent des sensibilit\u00e9s \u00e0 g\u00e9rer leur stress visuel. Les maux de t\u00eate, la fatigue et les cong\u00e9s de maladie s\u2019en voient r\u00e9duits, tandis que la productivit\u00e9 et le mieux-\u00eatre s\u2019en voient am\u00e9liorer.<\/p>\n<p>En tant qu\u2019employeur, vous avez la responsabilit\u00e9 d\u2019offrir des mesures d\u2019adaptation \u00e0 vos employ\u00e9s, qui peuvent souvent \u00eatre r\u00e9alis\u00e9es au moyen de modifications, d\u2019outils et logiciels d\u2019aide et d\u2019autres options d\u2019\u00e9clairage simples, quoique souvent n\u00e9glig\u00e9s.<\/p>\n<\/div><\/div>\n\n<div class=\"et_pb_heading_3 et_pb_heading et_pb_module et_flex_module preset--module--divi-heading--default\"><div class=\"et_pb_heading_container\"><h2 class=\"et_pb_module_header\">\u00c9tapes menant \u00e0 une r\u00e9duction du stress visuel au bureau\u202f:<\/h2><\/div><\/div>\n\n<div class=\"et_pb_text_2 et_pb_text et_pb_bg_layout_light et_pb_module et_flex_module preset--group--divi-text--divi-font-header--default preset--group--divi-text--divi-font-body--default preset--module--divi-text--default\"><div class=\"et_pb_text_inner\"><ul>\n<li>Logiciel de coloration d\u2019\u00e9cran offrant un filtre d\u2019\u00e9cran d\u2019une couleur personnalis\u00e9e;<\/li>\n<li>\u00c9crans d\u2019ordinateur non ACL pour aider avec l\u2019intol\u00e9rance aux \u00e9crans;<\/li>\n<li>Applications pour ajouter des filtres d\u2019\u00e9cran personnalis\u00e9s sur les t\u00e9l\u00e9phones intelligents et les tablettes;<\/li>\n<li>Transparents pour am\u00e9liorer la perception et le confort en lisant;<\/li>\n<li>Papier et stylos de couleur pour r\u00e9duire le contraste et am\u00e9liorer la perception en lisant ou en prenant des notes;<\/li>\n<li>Ampoules \u00e0 DEL color\u00e9es pour les lampes de bureau et la lumi\u00e8re ambiante;<\/li>\n<li>Lampes \u00e0 DEL commerciales adapt\u00e9es qui remplacent la lumi\u00e8re fluorescente crue.<\/li>\n<\/ul>\n<p>Les verres teint\u00e9s de pr\u00e9cision sont la meilleure solution globale. Tout comme les lunettes de lecture sont une meilleure option que de tra\u00eener une loupe avec soi, le fait de porter des verres teint\u00e9s de pr\u00e9cision r\u00e9duit le besoin d\u2019apporter des modifications \u00e0 l\u2019environnement ou d\u2019utiliser des outils d\u2019aide.<\/p>\n<p>Les employeurs peuvent aider leurs employ\u00e9s au moyen de solutions simples et abordables qui peuvent faire toute la diff\u00e9rence dans la vie au travail.<\/p>\n<\/div><\/div>\n<\/div>\n<\/div>\n<\/div>","protected":false},"excerpt":{"rendered":"","protected":false},"author":1,"featured_media":0,"parent":0,"menu_order":99,"comment_status":"closed","ping_status":"closed","template":"","meta":{"footnotes":""},"class_list":["post-540","page","type-page","status-publish","hentry"],"_links":{"self":[{"href":"https:\/\/opticalm.ca\/fr\/wp-json\/wp\/v2\/pages\/540","targetHints":{"allow":["GET"]}}],"collection":[{"href":"https:\/\/opticalm.ca\/fr\/wp-json\/wp\/v2\/pages"}],"about":[{"href":"https:\/\/opticalm.ca\/fr\/wp-json\/wp\/v2\/types\/page"}],"author":[{"embeddable":true,"href":"https:\/\/opticalm.ca\/fr\/wp-json\/wp\/v2\/users\/1"}],"replies":[{"embeddable":true,"href":"https:\/\/opticalm.ca\/fr\/wp-json\/wp\/v2\/comments?post=540"}],"version-history":[{"count":4,"href":"https:\/\/opticalm.ca\/fr\/wp-json\/wp\/v2\/pages\/540\/revisions"}],"predecessor-version":[{"id":1025,"href":"https:\/\/opticalm.ca\/fr\/wp-json\/wp\/v2\/pages\/540\/revisions\/1025"}],"wp:attachment":[{"href":"https:\/\/opticalm.ca\/fr\/wp-json\/wp\/v2\/media?parent=540"}],"curies":[{"name":"wp","href":"https:\/\/api.w.org\/{rel}","templated":true}]}}