{"id":563,"date":"2024-11-14T18:30:35","date_gmt":"2024-11-14T18:30:35","guid":{"rendered":"https:\/\/visualstressclinic.ca\/?page_id=563"},"modified":"2026-01-21T01:34:13","modified_gmt":"2026-01-21T01:34:13","slug":"anxiety","status":"publish","type":"page","link":"https:\/\/opticalm.ca\/fr\/anxiety\/","title":{"rendered":"Anxi\u00e9t\u00e9"},"content":{"rendered":"<div class=\"et_pb_section_0 et_pb_section et_section_regular et_block_section\">\n<div class=\"et_pb_row_0 et_pb_row et_block_row\">\n<div class=\"et_pb_column_0 et_pb_column et_pb_column_2_3 et_block_column et_pb_css_mix_blend_mode_passthrough\">\n<div class=\"et_pb_accordion_0 et_pb_accordion et_pb_module et_block_module preset--module--divi-accordion--1d4c8462-fda3-45f8-8b7c-cf670041e540\">\n<div class=\"et_pb_text_0 et_pb_text et_pb_bg_layout_light et_pb_module et_block_module preset--module--divi-text--32c4d5c6-ac4d-49d3-9b52-38ab407aae5b\"><div class=\"et_pb_text_inner\"><h2><span style=\"color: #000000;\">Anxi\u00e9t\u00e9<\/span><\/h2>\n<p><span style=\"color: #000000;\">Les troubles anxieux ont un r\u00e9seau complexe de causes. Si du Stress Visuel est pr\u00e9sent, ses sympt\u00f4mes peuvent vraisemblablement contribuer \u00e0 l\u2019anxi\u00e9t\u00e9. Par exemple, le Stress Visuel est d\u00e9clench\u00e9 par des lumi\u00e8res fluorescentes et des mouvements qui peuvent entra\u00eener de l\u2019inconfort physique et des d\u00e9formations perceptives dans l\u2019environnement, faisant en sorte que les endroits ayant des lumi\u00e8res vives et des foules puissent causer du stress si une personne ressent de la douleur et per\u00e7oit des illusions ou des d\u00e9formations inexpliqu\u00e9es couramment. Si une anticipation de la douleur, de la naus\u00e9e, des d\u00e9formations perceptives ou des pr\u00e9occupations quant \u00e0 la perception de la profondeur provoquent de l\u2019anxi\u00e9t\u00e9, le Stress Visuel devrait \u00eatre envisag\u00e9 comme \u00e9ventuel facteur contributif \u00e0 l\u2019anxi\u00e9t\u00e9.<\/span><\/p>\n<p><span style=\"color: #000000;\">Le Stress Visuel n\u2019est pas souvent diagnostiqu\u00e9 comme un facteur contribuant aux difficult\u00e9s d\u2019apprentissage, de lecture, de concentration, d\u2019\u00e9criture ou de r\u00e9solution de probl\u00e8mes math\u00e9matiques. Malheureusement, si le Stress Visuel n\u2019est pas reconnu et qu\u2019on ne s\u2019y adapte pas, les personnes en souffrant peuvent ne pas se sentir \u00e0 la hauteur \u00e0 l\u2019\u00e9cole ou au travail. Les probl\u00e8mes physiques et perceptifs associ\u00e9s au Stress Visuel peuvent rendre difficiles le traitement et l\u2019interpr\u00e9tation de l\u2019information visuelle, faisant en sorte que la r\u00e9alisation de t\u00e2ches prenne plus de temps, que le mat\u00e9riel soit plus difficile \u00e0 comprendre et qu\u2019il soit plus difficile de se concentrer. Le tout peut entra\u00eener de l\u2019anxi\u00e9t\u00e9, une faible estime de soi et de la frustration.<\/span><\/p>\n<p><span style=\"color: #000000;\">Des psychologues cliniciens et des psychiatres nous ont renvoy\u00e9 des clients qui souffrent de sympt\u00f4mes,\u202fencore non diagnostiqu\u00e9s, relatifs \u00e0 de l\u2019inconfort visuel, \u00e0 des d\u00e9formations perceptives et \u00e0 des troubles vestibulaires. Certains clients signalaient \u00e9galement de l\u2019anxi\u00e9t\u00e9 dans les lieux publics et en conduisant. Nous avons \u00e9t\u00e9 en mesure de les aider en offrant des verres filtrants color\u00e9s de pr\u00e9cision sur ordonnance qui alt\u00e8rent les d\u00e9clencheurs visuels dans l\u2019environnement, ce qui a pour effet de neutraliser les effets des images, d\u2019\u00e9liminer les d\u00e9formations perceptives et de diminuer l\u2019anxi\u00e9t\u00e9.<\/span><\/p>\n<p><span style=\"color: #000000;\">Les sympt\u00f4mes de tous nos clients sont \u00e9valu\u00e9s au pr\u00e9alable et divers degr\u00e9s de d\u00e9formations perceptives \u00e9taient signal\u00e9s. Le fait de voir (ou plut\u00f4t de percevoir) des choses qui ne sont pas l\u00e0 ou qui semblent bouger peut \u00eatre d\u00e9stabilisant.<\/span><\/p>\n<p style=\"padding-left: 40px;\"><span style=\"color: #000000;\">\"I can\u2019t drive anymore because I see things coming at me that I avoid, but they aren\u2019t really there.\"<\/span><\/p>\n<p style=\"padding-left: 40px;\"><span style=\"color: #000000;\">\"I have trouble navigating patterned floors in public spaces, they look like they are moving and I\u2019m afraid I\u2019m going to fall.\"<\/span><\/p>\n<p style=\"padding-left: 40px;\"><span style=\"color: #000000;\">\"I avoid malls where there are open stairs and escalators as I start to get overwhelmed by all the movement and lights.\"<\/span><\/p>\n<p><span style=\"color: #000000;\">Il est juste de dire que ces sc\u00e9narios, qui nous sont rapport\u00e9s par nos clients, sont inconfortables et pourraient rapidement mener \u00e0 du stress, \u00e0 de la d\u00e9pression, \u00e0 de l\u2019anxi\u00e9t\u00e9 et \u00e0 d\u2019autres effets ind\u00e9sirables, en particulier si on croit qu\u2019ils sont invent\u00e9s ou simul\u00e9s, comme c\u2019est souvent le cas avec ce type de sympt\u00f4mes qui n\u2019ont pas de causes apparentes.<\/span><\/p>\n<p><span style=\"color: #000000;\">Nous recommandons de passer un examen approfondi aupr\u00e8s d\u2019un optom\u00e9triste sp\u00e9cialiste, plus particuli\u00e8rement un neuro-ophtalmologiste, afin d\u2019\u00e9carter tout probl\u00e8me de sant\u00e9 oculaire, erreur de r\u00e9fraction ou probl\u00e8me binoculaire qui pourrait contribuer aux sympt\u00f4mes visuels. \u00c9tant donn\u00e9 que le Stress Visuel peut \u00e9galement \u00eatre pr\u00e9sent, nous recommandons d\u2019explorer cette piste si des probl\u00e8mes de perception sont d\u00e9tect\u00e9s.<\/span><\/p>\n<\/div><\/div>\n\n<div class=\"et_pb_divider_0 et_pb_divider et_pb_space et_pb_divider_position_center et_pb_module\"><div class=\"et_pb_divider_internal\"><\/div><\/div>\n<\/div>\n\n<div class=\"et_pb_text_1 et_pb_text et_pb_bg_layout_light et_pb_module et_flex_module preset--group--divi-text--divi-font-header--default preset--group--divi-text--divi-font-body--default preset--module--divi-text--default\"><div class=\"et_pb_text_inner\"><p><span style=\"color: #000000;\">1. <\/span><span style=\"text-decoration: underline;\"><span style=\"color: #000000; text-decoration: underline;\"><a href=\"https:\/\/www.ncbi.nlm.nih.gov\/pmc\/articles\/PMC8788433\/\" style=\"color: #000000; text-decoration: underline;\">Trevor J. Hine* and Yolande B. Z. White (2021). Pattern-Induced Visual Discomfort and Anxiety in Migraineurs: Their Relationship and the Effect of Colour. National Library of Medicine, Vision (Basel), 2022 Mar;6(1): 1.<\/a><\/span><\/span><\/p>\n<p><span style=\"color: #000000;\">2. <\/span><span style=\"text-decoration: underline;\"><span style=\"color: #000000; text-decoration: underline;\">Hui, C.LM., Wong, S.MY., Yu, T.YT. et al. Visual-stress-related cortical excitability as a prospective marker for symptoms of depression and anxiety in young people. Eur Arch Psychiatry Clin Neurosci (2022).<\/span><\/span><\/p>\n<\/div><\/div>\n<\/div>\n\n<div class=\"et_pb_column_1 et_pb_column et_pb_column_1_3 et-last-child et_block_column et_pb_css_mix_blend_mode_passthrough\">\n<div class=\"et_pb_module et_pb_button_module_wrapper et_pb_button_0_wrapper\"><a class=\"et_pb_button_0 et_pb_button et_pb_bg_layout_light et_pb_module et_flex_module\" href=\"https:\/\/opticalm.ca\/fr\/related-conditions\/\">Retour aux conditions associ\u00e9es<\/a><\/div>\n\n<div class=\"et_pb_image_0 et_pb_image et_pb_module et_flex_module\"><span class=\"et_pb_image_wrap\"><img loading=\"lazy\" decoding=\"async\" src=\"https:\/\/visualstressclinic.ca\/wp-content\/uploads\/2025\/11\/Recipe_pink_1.2-1080x720-1.png\" width=\"1080\" height=\"720\" srcset=\"https:\/\/visualstressclinic.ca\/wp-content\/uploads\/2025\/11\/Recipe_pink_1.2-1080x720-1.png 1080w, https:\/\/visualstressclinic.ca\/wp-content\/uploads\/2025\/11\/Recipe_pink_1.2-1080x720-1-980x653.png 980w, https:\/\/visualstressclinic.ca\/wp-content\/uploads\/2025\/11\/Recipe_pink_1.2-1080x720-1-480x320.png 480w\" sizes=\"(min-width: 0px) and (max-width: 480px) 480px, (min-width: 481px) and (max-width: 980px) 980px, (min-width: 981px) 1080px, 100vw\" class=\"wp-image-553\" \/><\/span><\/div>\n\n<div class=\"et_pb_text_2 et_pb_text et_pb_bg_layout_light et_pb_module et_block_module preset--module--divi-text--bd47436d-045b-4fb0-9a56-267772c6c167\"><div class=\"et_pb_text_inner\"><h3>Remarque:<\/h3>\n<\/div><\/div>\n\n<div class=\"et_pb_text_3 et_pb_text et_pb_bg_layout_light et_pb_module et_block_module preset--module--divi-text--d03077ac-f3fe-44a5-ac41-8a1221afd4fa\"><div class=\"et_pb_text_inner\"><p>Si des probl\u00e8mes visuels sont signal\u00e9s, un examen complet de la vue est n\u00e9cessaire pour d\u00e9tecter, traiter ou \u00e9carter tout probl\u00e8me de sant\u00e9 oculaire, toute correction de la vue ou tout trouble neuro-ophtalmologique avant d\u2019effectuer une \u00e9valuation du stress visuel. Bien que les troubles neuro-ophtalmologiques et le stress visuel soient des troubles ind\u00e9pendants, ils surviennent souvent simultan\u00e9ment et peuvent \u00eatre r\u00e9gl\u00e9s par des traitements combin\u00e9s.<\/p>\n<\/div><\/div>\n<\/div>\n<\/div>\n\n<div class=\"et_pb_row_1 et_pb_row et_flex_row\">\n<div class=\"et_pb_column_2 et_pb_column et_flex_column et_pb_css_mix_blend_mode_passthrough et_flex_column_8_24 et_flex_column_8_24_tablet et_flex_column_24_24_phone\">\n<div class=\"et_pb_module et_pb_button_module_wrapper et_pb_button_1_wrapper\"><a class=\"et_pb_button_1 et_pb_button et_pb_bg_layout_light et_pb_module et_flex_module\" href=\"https:\/\/opticalm.ca\/fr\/adhd\/\">Condition pr\u00e9c\u00e9dente<\/a><\/div>\n<\/div>\n\n<div class=\"et_pb_column_3 et_pb_column et_flex_column et_pb_css_mix_blend_mode_passthrough et_flex_column_8_24 et_flex_column_8_24_tablet et_flex_column_24_24_phone\">\n<div class=\"et_pb_module et_pb_button_module_wrapper et_pb_button_2_wrapper\"><a class=\"et_pb_button_2 et_pb_button et_pb_bg_layout_light et_pb_module et_flex_module\" href=\"https:\/\/opticalm.ca\/fr\/related-conditions\/\">Toutes conditions associ\u00e9es<\/a><\/div>\n<\/div>\n\n<div class=\"et_pb_column_4 et_pb_column et-last-child et_flex_column et_pb_css_mix_blend_mode_passthrough et_flex_column_8_24 et_flex_column_8_24_tablet et_flex_column_24_24_phone\">\n<div class=\"et_pb_module et_pb_button_module_wrapper et_pb_button_3_wrapper\"><a class=\"et_pb_button_3 et_pb_button et_pb_bg_layout_light et_pb_module et_flex_module\" href=\"https:\/\/opticalm.ca\/fr\/autism\/\">Condition suivante<\/a><\/div>\n<\/div>\n<\/div>\n<\/div>","protected":false},"excerpt":{"rendered":"","protected":false},"author":1,"featured_media":0,"parent":0,"menu_order":78,"comment_status":"closed","ping_status":"closed","template":"","meta":{"footnotes":""},"class_list":["post-563","page","type-page","status-publish","hentry"],"_links":{"self":[{"href":"https:\/\/opticalm.ca\/fr\/wp-json\/wp\/v2\/pages\/563","targetHints":{"allow":["GET"]}}],"collection":[{"href":"https:\/\/opticalm.ca\/fr\/wp-json\/wp\/v2\/pages"}],"about":[{"href":"https:\/\/opticalm.ca\/fr\/wp-json\/wp\/v2\/types\/page"}],"author":[{"embeddable":true,"href":"https:\/\/opticalm.ca\/fr\/wp-json\/wp\/v2\/users\/1"}],"replies":[{"embeddable":true,"href":"https:\/\/opticalm.ca\/fr\/wp-json\/wp\/v2\/comments?post=563"}],"version-history":[{"count":3,"href":"https:\/\/opticalm.ca\/fr\/wp-json\/wp\/v2\/pages\/563\/revisions"}],"predecessor-version":[{"id":901,"href":"https:\/\/opticalm.ca\/fr\/wp-json\/wp\/v2\/pages\/563\/revisions\/901"}],"wp:attachment":[{"href":"https:\/\/opticalm.ca\/fr\/wp-json\/wp\/v2\/media?parent=563"}],"curies":[{"name":"wp","href":"https:\/\/api.w.org\/{rel}","templated":true}]}}