{"id":62,"date":"2024-11-14T18:51:06","date_gmt":"2024-11-14T18:51:06","guid":{"rendered":"https:\/\/visualstressclinic.ca\/?page_id=62"},"modified":"2026-01-21T01:34:15","modified_gmt":"2026-01-21T01:34:15","slug":"accessibility","status":"publish","type":"page","link":"https:\/\/opticalm.ca\/fr\/accessibility\/","title":{"rendered":"Accessibilit\u00e9"},"content":{"rendered":"<div class=\"et_pb_section_0 et_pb_section et_section_regular et_block_section\">\n<div class=\"et_pb_row_0 et_pb_row et_block_row\">\n<div class=\"et_pb_column_0 et_pb_column et_pb_column_2_3 et_block_column et_pb_css_mix_blend_mode_passthrough\">\n<div class=\"et_pb_text_0 et_pb_text et_pb_bg_layout_light et_pb_module et_block_module preset--module--divi-text--ba1003bb-74bd-430b-ba33-8b3b3b314b6b\"><div class=\"et_pb_text_inner\"><section id=\"comp-lbpv0tey3\" data-block-level-container=\"Section\" class=\"xuzjBY comp-lbpv0tey3-container comp-lbpv0tey3 wixui-section undefined\" data-testid=\"section-container\" tabindex=\"-1\">\n<div id=\"comp-lbpv0tf62\" class=\"HcOXKn SxM0TO QxJLC3 lq2cno comp-lbpv0tf62 wixui-rich-text\" data-testid=\"richTextElement\">\n<h1 class=\"font_0 wixui-rich-text__text\">Accessibilit\u00e9<\/h1>\n<\/div>\n<\/section>\n<\/div><\/div>\n\n<div class=\"et_pb_text_1 et_pb_text et_pb_bg_layout_light et_pb_module et_block_module preset--module--divi-text--b6a8a60c-6324-4e0a-b128-30cf69ff050e\"><div class=\"et_pb_text_inner\"><h3>G\u00e9n\u00e9ral<\/h3>\n<p>Nous sommes une entreprise dont l'objectif principal est de r\u00e9duire le stress visuel. Malheureusement, les motifs trouv\u00e9s dans le texte, la lumi\u00e8re et le scintillement des \u00e9crans d'ordinateur, ainsi que le mouvement des images et le d\u00e9filement sont trois des principaux d\u00e9clencheurs du stress visuel. Ces choses sont difficiles \u00e0 \u00e9viter lors du d\u00e9veloppement d'un site Web.<\/p>\n<p>Nous avons con\u00e7u le site pour fournir les informations proprement, en r\u00e9duisant les mouvements ou les longues pages de texte, et avec un contraste appropri\u00e9 et des couleurs douces dans l'espoir qu'il sera quelque peu tol\u00e9rable pour ceux qui luttent avec des informations en ligne charg\u00e9es.<\/p>\n<p>La d\u00e9ficience de la vision des couleurs et la basse vision doivent \u00e9galement \u00eatre prises en compte lors de la cr\u00e9ation de sites Web. Bien que les personnes souffrant de stress visuel soient sensibles aux images et au texte \u00e0 contraste \u00e9lev\u00e9, pour qu'un site Web soit conforme aux directives d'accessibilit\u00e9 du contenu Web, les images et le texte \u00e0 faible contraste ne sont pas admissibles. Nous avons fait tout notre possible pour nous assurer que notre site Web est conforme aux directives WCAG 2.0 tout en tenant compte des sensibilit\u00e9s au contraste de notre client\u00e8le.<\/p>\n<\/div><\/div>\n\n<div class=\"et_pb_text_2 et_pb_text et_pb_bg_layout_light et_pb_module et_block_module preset--module--divi-text--b6a8a60c-6324-4e0a-b128-30cf69ff050e\"><div class=\"et_pb_text_inner\"><h3>Images<\/h3>\n<p>La plupart des images que nous avons s\u00e9lectionn\u00e9es montrent des sc\u00e8nes naturelles avec des collines fluides et des courbes douces de rochers pour garder l'imagerie visuelle calme. D'autres images ont \u00e9t\u00e9 utilis\u00e9es pour illustrer des situations qui peuvent \u00eatre un d\u00e9clencheur pour les personnes souffrant de stress visuel.<\/p>\n<\/div><\/div>\n\n<div class=\"et_pb_text_3 et_pb_text et_pb_bg_layout_light et_pb_module et_block_module preset--module--divi-text--b6a8a60c-6324-4e0a-b128-30cf69ff050e\"><div class=\"et_pb_text_inner\"><h3>Couleurs<\/h3>\n<p>Toujours dans le th\u00e8me de la nature, nous avons utilis\u00e9 des nuances de vert, de bleu et de violet, les couleurs les plus courantes trouv\u00e9es dans la nature et les couleurs les plus courantes s\u00e9lectionn\u00e9es par nos clients apr\u00e8s une commotion c\u00e9r\u00e9brale.<\/p>\n<\/div><\/div>\n\n<div class=\"et_pb_text_4 et_pb_text et_pb_bg_layout_light et_pb_module et_block_module preset--module--divi-text--b6a8a60c-6324-4e0a-b128-30cf69ff050e\"><div class=\"et_pb_text_inner\"><h3>Police de caract\u00e8re<\/h3>\n<p>A recent study into fonts and the uncomfortable patterns some of them produce has identified Google's Open Sans as the best font for visual comfort. The similarity between neighbouring letter strokes is low, and it does not produce an uncomfortable pattern easily.<\/p>\n<\/div><\/div>\n\n<div class=\"et_pb_text_5 et_pb_text et_pb_bg_layout_light et_pb_module et_block_module preset--module--divi-text--b6a8a60c-6324-4e0a-b128-30cf69ff050e\"><div class=\"et_pb_text_inner\"><h3>Mat\u00e9riel vid\u00e9o et audio<\/h3>\n<p>Nous avons l'intention de fournir des informations en format vid\u00e9o et audio afin qu'elles puissent \u00eatre \u00e9cout\u00e9es ou visionn\u00e9es.<\/p>\n<\/div><\/div>\n\n\n<\/div>\n\n\n<\/div>\n<\/div>","protected":false},"excerpt":{"rendered":"","protected":false},"author":1,"featured_media":0,"parent":0,"menu_order":117,"comment_status":"closed","ping_status":"closed","template":"","meta":{"footnotes":""},"class_list":["post-62","page","type-page","status-publish","hentry"],"_links":{"self":[{"href":"https:\/\/opticalm.ca\/fr\/wp-json\/wp\/v2\/pages\/62","targetHints":{"allow":["GET"]}}],"collection":[{"href":"https:\/\/opticalm.ca\/fr\/wp-json\/wp\/v2\/pages"}],"about":[{"href":"https:\/\/opticalm.ca\/fr\/wp-json\/wp\/v2\/types\/page"}],"author":[{"embeddable":true,"href":"https:\/\/opticalm.ca\/fr\/wp-json\/wp\/v2\/users\/1"}],"replies":[{"embeddable":true,"href":"https:\/\/opticalm.ca\/fr\/wp-json\/wp\/v2\/comments?post=62"}],"version-history":[{"count":5,"href":"https:\/\/opticalm.ca\/fr\/wp-json\/wp\/v2\/pages\/62\/revisions"}],"predecessor-version":[{"id":1129,"href":"https:\/\/opticalm.ca\/fr\/wp-json\/wp\/v2\/pages\/62\/revisions\/1129"}],"wp:attachment":[{"href":"https:\/\/opticalm.ca\/fr\/wp-json\/wp\/v2\/media?parent=62"}],"curies":[{"name":"wp","href":"https:\/\/api.w.org\/{rel}","templated":true}]}}