{"id":657,"date":"2025-11-23T18:23:58","date_gmt":"2025-11-23T18:23:58","guid":{"rendered":"https:\/\/visualstressclinic.ca\/?page_id=657"},"modified":"2026-01-21T01:34:12","modified_gmt":"2026-01-21T01:34:12","slug":"reduce","status":"publish","type":"page","link":"https:\/\/opticalm.ca\/fr\/reduce\/","title":{"rendered":"R\u00e9duire"},"content":{"rendered":"<div class=\"et_pb_section_0 et_pb_section et_section_regular et_flex_section\">\n<div class=\"et_pb_row_0 et_pb_row et_flex_row\">\n<div class=\"et_pb_column_0 et_pb_column et-last-child et_flex_column et_pb_css_mix_blend_mode_passthrough et_flex_column_24_24 et_flex_column_24_24_tablet et_flex_column_24_24_phone\">\n<div class=\"et_pb_menu_0 et_pb_menu et_pb_menu--without-logo et_pb_menu--style-left_aligned et_dropdown_animation_fade et_pb_bg_layout_light et_pb_text_align_center et_pb_text_align_right-tablet et_pb_text_align_right-phone et_pb_module et_flex_module et_flex_column_24_24 et_flex_column_24_24_tablet et_flex_column_24_24_phone\"><div class=\"et_pb_menu_inner_container et_flex_module\"><div class=\"et_pb_menu__wrap\"><div class=\"et_pb_menu__menu\"><nav class=\"et-menu-nav\"><ul id=\"menu-reduce-relieve-improve\" class=\"et-menu nav downwards\"><li id=\"menu-item-735\" class=\"et_pb_menu_page_id-657 menu-item menu-item-type-post_type menu-item-object-page menu-item-735\"><a href=\"https:\/\/opticalm.ca\/fr\/reduce\/\">R\u00e9duire<\/a><\/li>\n<li id=\"menu-item-734\" class=\"et_pb_menu_page_id-660 menu-item menu-item-type-post_type menu-item-object-page menu-item-734\"><a href=\"https:\/\/opticalm.ca\/fr\/relieve\/\">Soulager<\/a><\/li>\n<li id=\"menu-item-733\" class=\"et_pb_menu_page_id-663 menu-item menu-item-type-post_type menu-item-object-page menu-item-733\"><a href=\"https:\/\/opticalm.ca\/fr\/improve\/\">Am\u00e9liorer<\/a><\/li>\n<\/ul><\/nav><\/div><div class=\"et_mobile_nav_menu\"><div class=\"mobile_nav closed\"><span class=\"mobile_menu_bar\"><\/span><\/div><\/div><\/div><\/div><\/div>\n<\/div>\n<\/div>\n<\/div>\n\n<div class=\"et_pb_section_1 et_pb_section et_section_regular et_flex_section\">\n<div class=\"et_pb_row_1 et_pb_row et_flex_row\">\n<div class=\"et_pb_column_1 et_pb_column et_flex_column et_pb_css_mix_blend_mode_passthrough et_flex_column_12_24 et_flex_column_12_24_tablet et_flex_column_24_24_phone\">\n<div class=\"et_pb_heading_0 et_pb_heading et_pb_module et_flex_module preset--module--divi-heading--default\"><div class=\"et_pb_heading_container\"><h1 class=\"et_pb_module_header\">R\u00e9duire\r\n\r\n<\/h1><\/div><\/div>\n\n<div class=\"et_pb_text_0 et_pb_text et_pb_bg_layout_light et_pb_module et_flex_module preset--group--divi-text--divi-font-header--default preset--group--divi-text--divi-font-body--default preset--module--divi-text--default\"><div class=\"et_pb_text_inner\"><p><span style=\"color: #000000;\">Le stress visuel peut entra\u00eener une panoplie de sympt\u00f4mes visuels, perceptifs et physiques qui sont semblables \u00e0 ces diagnostics. Heureusement, il est possible de r\u00e9duire ces sympt\u00f4mes au moyen des m\u00eames solutions que le stress visuel\u202f: des verres teint\u00e9s de pr\u00e9cision, du papier color\u00e9, des transparents color\u00e9s, un logiciel de coloration d\u2019\u00e9cran ou un \u00e9clairage sp\u00e9cialis\u00e9.\u202f<\/span><\/p>\n<\/div><\/div>\n<\/div>\n\n<div class=\"et_pb_column_2 et_pb_column et-last-child et_flex_column et_pb_css_mix_blend_mode_passthrough et_flex_column_12_24 et_flex_column_12_24_tablet et_flex_column_24_24_phone\">\n<div class=\"et_pb_image_0 et_pb_image et_pb_module et_flex_module\"><span class=\"et_pb_image_wrap\"><img decoding=\"async\" src=\"data:image\/svg+xml;base64,PHN2ZyB3aWR0aD0iMTA4MCIgaGVpZ2h0PSI1NDAiIHZpZXdCb3g9IjAgMCAxMDgwIDU0MCIgeG1sbnM9Imh0dHA6Ly93d3cudzMub3JnLzIwMDAvc3ZnIj4KICAgIDxnIGZpbGw9Im5vbmUiIGZpbGwtcnVsZT0iZXZlbm9kZCI+CiAgICAgICAgPHBhdGggZmlsbD0iI0VCRUJFQiIgZD0iTTAgMGgxMDgwdjU0MEgweiIvPgogICAgICAgIDxwYXRoIGQ9Ik00NDUuNjQ5IDU0MGgtOTguOTk1TDE0NC42NDkgMzM3Ljk5NSAwIDQ4Mi42NDR2LTk4Ljk5NWwxMTYuMzY1LTExNi4zNjVjMTUuNjItMTUuNjIgNDAuOTQ3LTE1LjYyIDU2LjU2OCAwTDQ0NS42NSA1NDB6IiBmaWxsLW9wYWNpdHk9Ii4xIiBmaWxsPSIjMDAwIiBmaWxsLXJ1bGU9Im5vbnplcm8iLz4KICAgICAgICA8Y2lyY2xlIGZpbGwtb3BhY2l0eT0iLjA1IiBmaWxsPSIjMDAwIiBjeD0iMzMxIiBjeT0iMTQ4IiByPSI3MCIvPgogICAgICAgIDxwYXRoIGQ9Ik0xMDgwIDM3OXYxMTMuMTM3TDcyOC4xNjIgMTQwLjMgMzI4LjQ2MiA1NDBIMjE1LjMyNEw2OTkuODc4IDU1LjQ0NmMxNS42Mi0xNS42MiA0MC45NDgtMTUuNjIgNTYuNTY4IDBMMTA4MCAzNzl6IiBmaWxsLW9wYWNpdHk9Ii4yIiBmaWxsPSIjMDAwIiBmaWxsLXJ1bGU9Im5vbnplcm8iLz4KICAgIDwvZz4KPC9zdmc+Cg==\" \/><\/span><\/div>\n<\/div>\n<\/div>\n<\/div>\n\n<div class=\"et_pb_section_2 et_pb_section et_section_regular et_flex_section\">\n<div class=\"et_pb_row_2 et_pb_row et_flex_row\">\n<div class=\"et_pb_column_3 et_pb_column et-last-child et_flex_column et_pb_css_mix_blend_mode_passthrough et_flex_column_24_24 et_flex_column_24_24_tablet et_flex_column_24_24_phone\">\n<div class=\"et_pb_heading_1 et_pb_heading et_pb_module et_flex_module preset--module--divi-heading--default\"><div class=\"et_pb_heading_container\"><h2 class=\"et_pb_module_header\">R\u00e9duire certains sympt\u00f4mes :\r\n \r\n\r\n\r\n\r\n<\/h2><\/div><\/div>\n\n<div class=\"et_pb_text_1 et_pb_text et_pb_bg_layout_light et_pb_module et_flex_module preset--group--divi-text--divi-font-header--default preset--group--divi-text--divi-font-body--default preset--module--divi-text--default\"><div class=\"et_pb_text_inner\"><ul>\n<li><span style=\"color: #000000;\">la s\u00e9v\u00e9rit\u00e9 et la dur\u00e9e des migraines;\u202f<\/span><\/li>\n<li><span style=\"color: #000000;\">la photophobie et l\u2019intol\u00e9rance aux \u00e9crans;\u202f<\/span><\/li>\n<li><span style=\"color: #000000;\">les probl\u00e8mes visuels \u00e0 la suite d\u2019une commotion c\u00e9r\u00e9brale ou d\u2019une l\u00e9sion c\u00e9r\u00e9brale acquise;\u202f<\/span><\/li>\n<li><span style=\"color: #000000;\">les probl\u00e8mes relatifs au traitement visuel dans les troubles de l\u2019int\u00e9gration sensorielle et l\u2019autisme;\u202f<\/span><\/li>\n<li><span style=\"color: #000000;\">les probl\u00e8mes d\u2019\u00e9quilibre et les \u00e9tourdissements associ\u00e9s aux troubles vestibulaires;\u202f<\/span><\/li>\n<li><span style=\"color: #000000;\">les probl\u00e8mes visuels \u00e0 la suite d\u2019un accident vasculaire c\u00e9r\u00e9bral;\u202f\u202f<\/span><\/li>\n<li><span style=\"color: #000000;\">la photosensibilit\u00e9 dans les cas d\u2019\u00e9pilepsie;<\/span><\/li>\n<li><span style=\"color: #000000;\">les tics associ\u00e9s au syndrome de la Tourette;\u202f\u202f<\/span><\/li>\n<li><span style=\"color: #000000;\">la distractivit\u00e9 dans les cas de trouble d\u00e9ficitaire de l\u2019attention avec hyperactivit\u00e9;\u202f<\/span><\/li>\n<li><span style=\"color: #000000;\">L\u2019anxi\u00e9t\u00e9 dans les endroits surcharg\u00e9s de stimuli et fortement \u00e9clair\u00e9s;<\/span><\/li>\n<li><span style=\"color: #000000;\">\u2026 et les sympt\u00f4mes d\u2019autres troubles neurologiques pour lesquels la vision est affect\u00e9e.\u202f<\/span><\/li>\n<\/ul>\n<\/div><\/div>\n\n<div class=\"et_pb_heading_2 et_pb_heading et_pb_module et_flex_module preset--module--divi-heading--default\"><div class=\"et_pb_heading_container\"><h2 class=\"et_pb_module_header\">R\u00e9duire le temps de r\u00e9\u00e9ducation\r\n \r\n\r\n\r\n\r\n<\/h2><\/div><\/div>\n\n<div class=\"et_pb_text_2 et_pb_text et_pb_bg_layout_light et_pb_module et_flex_module preset--group--divi-text--divi-font-header--default preset--group--divi-text--divi-font-body--default preset--module--divi-text--default\"><div class=\"et_pb_text_inner\"><p><span style=\"color: #000000;\">En r\u00e9duisant le stress visuel, plus d\u2019\u00e9nergie est disponible pour se concentrer sur la gu\u00e9rison, la th\u00e9rapeutique et la r\u00e9\u00e9ducation. Le terme \u00ab\u202fdollar cognitif\u202f\u00bb est utilis\u00e9 pour expliquer qu\u2019il n\u2019y a qu\u2019une certaine quantit\u00e9 d\u2019\u00e9nergie cognitive (dollar) dont le cerveau peut se servir pour r\u00e9soudre les probl\u00e8mes au cours d\u2019une journ\u00e9e. S\u2019il d\u00e9pense tout pour essayer de r\u00e9gler des probl\u00e8mes dans le syst\u00e8me visuel (d\u2019o\u00f9 80\u202f% de l\u2019information sensorielle provient), la banque quotidienne d\u2019\u00e9nergie cognitive se vide et moins d\u2019\u00e9nergie est disponible pour r\u00e9cup\u00e9rer ou simplement passer la journ\u00e9e pour certains.<\/span><\/p>\n<\/div><\/div>\n\n<div class=\"et_pb_heading_3 et_pb_heading et_pb_module et_flex_module preset--module--divi-heading--default\"><div class=\"et_pb_heading_container\"><h2 class=\"et_pb_module_header\">R\u00e9duire les m\u00e9dicaments et les co\u00fbts\r\n\r\n\r\n\r\n\r\n<\/h2><\/div><\/div>\n\n<div class=\"et_pb_text_3 et_pb_text et_pb_bg_layout_light et_pb_module et_flex_module preset--group--divi-text--divi-font-header--default preset--group--divi-text--divi-font-body--default preset--module--divi-text--default\"><div class=\"et_pb_text_inner\"><p><span style=\"color: #000000;\">La recherche sur les migraines et l\u2019\u00e9pilepsie, de m\u00eame que de nombreux r\u00e9cits personnels, indique que certaines personnes sont en mesure de r\u00e9duire les m\u00e9dicaments qu\u2019ils prennent en vue de g\u00e9rer leurs sympt\u00f4mes. Cette r\u00e9duction est attribuable \u00e0 l\u2019utilisation de filtres de pr\u00e9cision att\u00e9nuant les d\u00e9clencheurs visuels et \u00e0 des modifications dans l\u2019environnement.<\/span><\/p>\n<p><span style=\"color: #000000;\">\u00c9tant donn\u00e9 que moins de m\u00e9dicaments et moins de temps accord\u00e9 \u00e0 la r\u00e9adaptation ou aux strat\u00e9gies d\u2019apprentissage seraient n\u00e9cessaires, vous pourriez \u00eatre en mesure de r\u00e9duire vos d\u00e9penses totales.<\/span><\/p>\n<p><span style=\"color: #000000;\"><strong>Remarque\u202f<\/strong>: Bien que des outils et des technologies d\u2019assistance offerts par Opticalm aident \u00e0 g\u00e9rer et \u00e0 r\u00e9duire les sympt\u00f4mes du stress visuel, ils ne remplacent pas les m\u00e9dicaments ou les traitements prescrits aux fins de votre diagnostic pr\u00e9cis.<\/span><\/p>\n<\/div><\/div>\n<\/div>\n<\/div>\n<\/div>","protected":false},"excerpt":{"rendered":"","protected":false},"author":1,"featured_media":0,"parent":0,"menu_order":64,"comment_status":"closed","ping_status":"closed","template":"","meta":{"footnotes":""},"class_list":["post-657","page","type-page","status-publish","hentry"],"_links":{"self":[{"href":"https:\/\/opticalm.ca\/fr\/wp-json\/wp\/v2\/pages\/657","targetHints":{"allow":["GET"]}}],"collection":[{"href":"https:\/\/opticalm.ca\/fr\/wp-json\/wp\/v2\/pages"}],"about":[{"href":"https:\/\/opticalm.ca\/fr\/wp-json\/wp\/v2\/types\/page"}],"author":[{"embeddable":true,"href":"https:\/\/opticalm.ca\/fr\/wp-json\/wp\/v2\/users\/1"}],"replies":[{"embeddable":true,"href":"https:\/\/opticalm.ca\/fr\/wp-json\/wp\/v2\/comments?post=657"}],"version-history":[{"count":4,"href":"https:\/\/opticalm.ca\/fr\/wp-json\/wp\/v2\/pages\/657\/revisions"}],"predecessor-version":[{"id":940,"href":"https:\/\/opticalm.ca\/fr\/wp-json\/wp\/v2\/pages\/657\/revisions\/940"}],"wp:attachment":[{"href":"https:\/\/opticalm.ca\/fr\/wp-json\/wp\/v2\/media?parent=657"}],"curies":[{"name":"wp","href":"https:\/\/api.w.org\/{rel}","templated":true}]}}