{"id":663,"date":"2025-11-23T18:23:58","date_gmt":"2025-11-23T18:23:58","guid":{"rendered":"https:\/\/visualstressclinic.ca\/?page_id=663"},"modified":"2026-01-21T01:34:12","modified_gmt":"2026-01-21T01:34:12","slug":"improve","status":"publish","type":"page","link":"https:\/\/opticalm.ca\/fr\/improve\/","title":{"rendered":"Am\u00e9liorer"},"content":{"rendered":"<div class=\"et_pb_section_0 et_pb_section et_section_regular et_flex_section\">\n<div class=\"et_pb_row_0 et_pb_row et_flex_row\">\n<div class=\"et_pb_column_0 et_pb_column et-last-child et_flex_column et_pb_css_mix_blend_mode_passthrough et_flex_column_24_24 et_flex_column_24_24_tablet et_flex_column_24_24_phone\">\n<div class=\"et_pb_menu_0 et_pb_menu et_pb_menu--without-logo et_pb_menu--style-left_aligned et_dropdown_animation_fade et_pb_bg_layout_light et_pb_text_align_center et_pb_text_align_right-tablet et_pb_text_align_right-phone et_pb_module et_flex_module et_flex_column_24_24 et_flex_column_24_24_tablet et_flex_column_24_24_phone\"><div class=\"et_pb_menu_inner_container et_flex_module\"><div class=\"et_pb_menu__wrap\"><div class=\"et_pb_menu__menu\"><nav class=\"et-menu-nav\"><ul id=\"menu-reduce-relieve-improve\" class=\"et-menu nav downwards\"><li id=\"menu-item-735\" class=\"et_pb_menu_page_id-657 menu-item menu-item-type-post_type menu-item-object-page menu-item-735\"><a href=\"https:\/\/opticalm.ca\/fr\/reduce\/\">R\u00e9duire<\/a><\/li>\n<li id=\"menu-item-734\" class=\"et_pb_menu_page_id-660 menu-item menu-item-type-post_type menu-item-object-page menu-item-734\"><a href=\"https:\/\/opticalm.ca\/fr\/relieve\/\">Soulager<\/a><\/li>\n<li id=\"menu-item-733\" class=\"et_pb_menu_page_id-663 menu-item menu-item-type-post_type menu-item-object-page menu-item-733\"><a href=\"https:\/\/opticalm.ca\/fr\/improve\/\">Am\u00e9liorer<\/a><\/li>\n<\/ul><\/nav><\/div><div class=\"et_mobile_nav_menu\"><div class=\"mobile_nav closed\"><span class=\"mobile_menu_bar\"><\/span><\/div><\/div><\/div><\/div><\/div>\n<\/div>\n<\/div>\n<\/div>\n\n<div class=\"et_pb_section_1 et_pb_section et_section_regular et_flex_section\">\n<div class=\"et_pb_row_1 et_pb_row et_flex_row\">\n<div class=\"et_pb_column_1 et_pb_column et_flex_column et_pb_css_mix_blend_mode_passthrough et_flex_column_12_24 et_flex_column_12_24_tablet et_flex_column_24_24_phone\">\n<div class=\"et_pb_heading_0 et_pb_heading et_pb_module et_flex_module preset--module--divi-heading--default\"><div class=\"et_pb_heading_container\"><h1 class=\"et_pb_module_header\">Am\u00e9liorer\r\n\r\n<\/h1><\/div><\/div>\n\n<div class=\"et_pb_image_0 et_pb_image et_pb_module et_flex_module\"><span class=\"et_pb_image_wrap\"><img decoding=\"async\" src=\"data:image\/svg+xml;base64,PHN2ZyB3aWR0aD0iMTA4MCIgaGVpZ2h0PSI1NDAiIHZpZXdCb3g9IjAgMCAxMDgwIDU0MCIgeG1sbnM9Imh0dHA6Ly93d3cudzMub3JnLzIwMDAvc3ZnIj4KICAgIDxnIGZpbGw9Im5vbmUiIGZpbGwtcnVsZT0iZXZlbm9kZCI+CiAgICAgICAgPHBhdGggZmlsbD0iI0VCRUJFQiIgZD0iTTAgMGgxMDgwdjU0MEgweiIvPgogICAgICAgIDxwYXRoIGQ9Ik00NDUuNjQ5IDU0MGgtOTguOTk1TDE0NC42NDkgMzM3Ljk5NSAwIDQ4Mi42NDR2LTk4Ljk5NWwxMTYuMzY1LTExNi4zNjVjMTUuNjItMTUuNjIgNDAuOTQ3LTE1LjYyIDU2LjU2OCAwTDQ0NS42NSA1NDB6IiBmaWxsLW9wYWNpdHk9Ii4xIiBmaWxsPSIjMDAwIiBmaWxsLXJ1bGU9Im5vbnplcm8iLz4KICAgICAgICA8Y2lyY2xlIGZpbGwtb3BhY2l0eT0iLjA1IiBmaWxsPSIjMDAwIiBjeD0iMzMxIiBjeT0iMTQ4IiByPSI3MCIvPgogICAgICAgIDxwYXRoIGQ9Ik0xMDgwIDM3OXYxMTMuMTM3TDcyOC4xNjIgMTQwLjMgMzI4LjQ2MiA1NDBIMjE1LjMyNEw2OTkuODc4IDU1LjQ0NmMxNS42Mi0xNS42MiA0MC45NDgtMTUuNjIgNTYuNTY4IDBMMTA4MCAzNzl6IiBmaWxsLW9wYWNpdHk9Ii4yIiBmaWxsPSIjMDAwIiBmaWxsLXJ1bGU9Im5vbnplcm8iLz4KICAgIDwvZz4KPC9zdmc+Cg==\" \/><\/span><\/div>\n<\/div>\n\n<div class=\"et_pb_column_2 et_pb_column et-last-child et_flex_column et_pb_css_mix_blend_mode_passthrough et_flex_column_12_24 et_flex_column_12_24_tablet et_flex_column_24_24_phone\">\n<div class=\"et_pb_row_2 et_pb_row et_pb_row_nested et_flex_row\">\n<div class=\"et_pb_column_3 et_pb_column et-last-child et_flex_column et_pb_css_mix_blend_mode_passthrough et_flex_column_24_24 et_flex_column_24_24_tablet et_flex_column_24_24_phone\">\n<div class=\"et_pb_heading_1 et_pb_heading et_pb_module et_flex_module preset--module--divi-heading--default\"><div class=\"et_pb_heading_container\"><h2 class=\"et_pb_module_header\">Am\u00e9liorer la sant\u00e9 et le comportement\r\n \r\n\r\n \r\n\r\n\r\n\r\n<\/h2><\/div><\/div>\n\n<div class=\"et_pb_text_0 et_pb_text et_pb_bg_layout_light et_pb_module et_flex_module preset--group--divi-text--divi-font-header--default preset--group--divi-text--divi-font-body--default preset--module--divi-text--default\"><div class=\"et_pb_text_inner\"><p>En traitant le stress visuel au moyen de filtres, de transparents, de changements d\u2019\u00e9clairage et d\u2019autres \u00e9l\u00e9ments environnementaux, la perception visuelle est accrue et les images deviennent plus claires, plus nettes et moins d\u00e9form\u00e9es. Il est alors plus facile d\u2019effectuer des t\u00e2ches n\u00e9cessitant une vision claire et une bonne perception \u2014 c\u2019est-\u00e0-dire presque tout ce que nous faisons.<\/p>\n<p>Une fois que le cerveau est calm\u00e9, il y a plus d\u2019\u00e9nergie attribu\u00e9e aux fonctions cognitives, faisant en sorte de r\u00e9duire la fatigue.<\/p>\n<\/div><\/div>\n<\/div>\n<\/div>\n<\/div>\n<\/div>\n\n<div class=\"et_pb_row_3 et_pb_row et_flex_row\">\n<div class=\"et_pb_column_4 et_pb_column et_flex_column et_pb_css_mix_blend_mode_passthrough et_flex_column_12_24 et_flex_column_12_24_tablet et_flex_column_24_24_phone\">\n<div class=\"et_pb_row_4 et_pb_row et_pb_row_nested et_flex_row\">\n<div class=\"et_pb_column_5 et_pb_column et-last-child et_flex_column et_pb_css_mix_blend_mode_passthrough et_flex_column_24_24 et_flex_column_24_24_tablet et_flex_column_24_24_phone\">\n<div class=\"et_pb_heading_2 et_pb_heading et_pb_module et_flex_module preset--module--divi-heading--default\"><div class=\"et_pb_heading_container\"><h2 class=\"et_pb_module_header\">Am\u00e9lioration de la clart\u00e9 :<\/h2><\/div><\/div>\n\n<div class=\"et_pb_text_1 et_pb_text et_pb_bg_layout_light et_pb_module et_flex_module preset--group--divi-text--divi-font-header--default preset--group--divi-text--divi-font-body--default preset--module--divi-text--default\"><div class=\"et_pb_text_inner\"><p>Il y a une diminution de la fatigue oculaire et des am\u00e9liorations relatives \u00e0 la lecture et aux activit\u00e9s n\u00e9cessitant une vision claire, en plus d\u2019une r\u00e9duction de la douleur oculaire et de la frustration.<\/p>\n<\/div><\/div>\n<\/div>\n<\/div>\n<\/div>\n\n<div class=\"et_pb_column_6 et_pb_column et_flex_column et_pb_css_mix_blend_mode_passthrough et_flex_column_12_24 et_flex_column_12_24_tablet et_flex_column_24_24_phone\">\n<div class=\"et_pb_row_5 et_pb_row et_pb_row_nested et_flex_row\">\n<div class=\"et_pb_column_7 et_pb_column et-last-child et_flex_column et_pb_css_mix_blend_mode_passthrough et_flex_column_24_24 et_flex_column_24_24_tablet et_flex_column_24_24_phone\">\n<div class=\"et_pb_heading_3 et_pb_heading et_pb_module et_flex_module preset--module--divi-heading--default\"><div class=\"et_pb_heading_container\"><h2 class=\"et_pb_module_header\">Am\u00e9lioration de la perception de l\u2019environnement visuel :\r\n\r\n\r\n \r\n\r\n\r\n\r\n<\/h2><\/div><\/div>\n\n<div class=\"et_pb_text_2 et_pb_text et_pb_bg_layout_light et_pb_module et_flex_module preset--group--divi-text--divi-font-header--default preset--group--divi-text--divi-font-body--default preset--module--divi-text--default\"><div class=\"et_pb_text_inner\"><p>Il y a des am\u00e9liorations quant \u00e0 la perception de la profondeur, \u00e0 l\u2019\u00e9quilibre et \u00e0 la coordination, de m\u00eame qu\u2019une r\u00e9duction des probl\u00e8mes li\u00e9s \u00e0 l\u2019anxi\u00e9t\u00e9, aux \u00e9tourdissements et aux vertiges.<\/p>\n<\/div><\/div>\n<\/div>\n<\/div>\n<\/div>\n\n<div class=\"et_pb_column_8 et_pb_column et_flex_column et_pb_css_mix_blend_mode_passthrough et_flex_column_12_24 et_flex_column_12_24_tablet et_flex_column_24_24_phone\">\n<div class=\"et_pb_row_6 et_pb_row et_pb_row_nested et_flex_row\">\n<div class=\"et_pb_column_9 et_pb_column et-last-child et_flex_column et_pb_css_mix_blend_mode_passthrough et_flex_column_24_24 et_flex_column_24_24_tablet et_flex_column_24_24_phone\">\n<div class=\"et_pb_heading_4 et_pb_heading et_pb_module et_flex_module preset--module--divi-heading--default\"><div class=\"et_pb_heading_container\"><h2 class=\"et_pb_module_header\">Am\u00e9lioration de la perception des textes :\r\n\r\n\r\n \r\n\r\n\r\n\r\n<\/h2><\/div><\/div>\n\n<div class=\"et_pb_text_3 et_pb_text et_pb_bg_layout_light et_pb_module et_flex_module preset--group--divi-text--divi-font-header--default preset--group--divi-text--divi-font-body--default preset--module--divi-text--default\"><div class=\"et_pb_text_inner\"><p>Il y a une r\u00e9duction des d\u00e9formations perceptives, qui sont distrayantes et qui contribuent aux difficult\u00e9s de poursuite en lisant, et des difficult\u00e9s d\u2019attention et de concentration.<\/p>\n<\/div><\/div>\n<\/div>\n<\/div>\n<\/div>\n\n<div class=\"et_pb_column_10 et_pb_column et-last-child et_flex_column et_pb_css_mix_blend_mode_passthrough et_flex_column_12_24 et_flex_column_12_24_tablet et_flex_column_24_24_phone\">\n<div class=\"et_pb_row_7 et_pb_row et_pb_row_nested et_flex_row\">\n<div class=\"et_pb_column_11 et_pb_column et-last-child et_flex_column et_pb_css_mix_blend_mode_passthrough et_flex_column_24_24 et_flex_column_24_24_tablet et_flex_column_24_24_phone\">\n<div class=\"et_pb_heading_5 et_pb_heading et_pb_module et_flex_module preset--module--divi-heading--default\"><div class=\"et_pb_heading_container\"><h2 class=\"et_pb_module_header\">Am\u00e9lioration de la sensibilit\u00e9 \u00e0 la lumi\u00e8re\r\n\r\n\r\n\r\n \r\n\r\n\r\n\r\n<\/h2><\/div><\/div>\n\n<div class=\"et_pb_text_4 et_pb_text et_pb_bg_layout_light et_pb_module et_flex_module preset--group--divi-text--divi-font-header--default preset--group--divi-text--divi-font-body--default preset--module--divi-text--default\"><div class=\"et_pb_text_inner\"><p>La sensibilit\u00e9 \u00e0 la lumi\u00e8re repr\u00e9sente souvent un probl\u00e8me chez les personnes souffrant de stress visuel. Elles per\u00e7oivent la lumi\u00e8re d\u2019une mani\u00e8re plus intense qu\u2019elle ne l\u2019est r\u00e9ellement et elles d\u00e9tectent du scintillement l\u00e0 o\u00f9 d\u2019autres personnes ne le peuvent pas. Si on am\u00e9liore la perception, les d\u00e9clencheurs cr\u00e9\u00e9s par la lumi\u00e8re fluorescente et les \u00e9crans d\u2019ordinateur sont mieux tol\u00e9r\u00e9s.<\/p>\n<\/div><\/div>\n<\/div>\n<\/div>\n<\/div>\n<\/div>\n<\/div>","protected":false},"excerpt":{"rendered":"","protected":false},"author":1,"featured_media":0,"parent":0,"menu_order":66,"comment_status":"closed","ping_status":"closed","template":"","meta":{"footnotes":""},"class_list":["post-663","page","type-page","status-publish","hentry"],"_links":{"self":[{"href":"https:\/\/opticalm.ca\/fr\/wp-json\/wp\/v2\/pages\/663","targetHints":{"allow":["GET"]}}],"collection":[{"href":"https:\/\/opticalm.ca\/fr\/wp-json\/wp\/v2\/pages"}],"about":[{"href":"https:\/\/opticalm.ca\/fr\/wp-json\/wp\/v2\/types\/page"}],"author":[{"embeddable":true,"href":"https:\/\/opticalm.ca\/fr\/wp-json\/wp\/v2\/users\/1"}],"replies":[{"embeddable":true,"href":"https:\/\/opticalm.ca\/fr\/wp-json\/wp\/v2\/comments?post=663"}],"version-history":[{"count":7,"href":"https:\/\/opticalm.ca\/fr\/wp-json\/wp\/v2\/pages\/663\/revisions"}],"predecessor-version":[{"id":942,"href":"https:\/\/opticalm.ca\/fr\/wp-json\/wp\/v2\/pages\/663\/revisions\/942"}],"wp:attachment":[{"href":"https:\/\/opticalm.ca\/fr\/wp-json\/wp\/v2\/media?parent=663"}],"curies":[{"name":"wp","href":"https:\/\/api.w.org\/{rel}","templated":true}]}}