{"id":667,"date":"2025-11-23T22:48:23","date_gmt":"2025-11-23T22:48:23","guid":{"rendered":"https:\/\/visualstressclinic.ca\/?page_id=667"},"modified":"2026-01-21T01:34:12","modified_gmt":"2026-01-21T01:34:12","slug":"colorimetry","status":"publish","type":"page","link":"https:\/\/opticalm.ca\/fr\/colorimetry\/","title":{"rendered":"La colorim\u00e9trie"},"content":{"rendered":"<div class=\"et_pb_section_0 et_pb_section et_section_regular et_block_section section_has_divider et_pb_bottom_divider\">\n<div class=\"et_pb_row_0 et_pb_row et_block_row\">\n<div class=\"et_pb_column_0 et_pb_column et_pb_column_4_4 et-last-child et_block_column et_pb_css_mix_blend_mode_passthrough\">\n<div class=\"et_pb_text_0 et_pb_text et_pb_bg_layout_dark et_pb_module et_block_module preset--module--divi-text--71310323-096d-43ef-a9c6-793b3fb8a7bc\"><div class=\"et_pb_text_inner\"><h1>La colorim\u00e9trie<\/h1>\n<p>avec le Intuitive Colorimeter\u2122 de Cerium<\/p>\n<\/div><\/div>\n<\/div>\n<\/div>\n<div class=\"et_pb_bottom_inside_divider et-no-transition\"><\/div><\/div>\n\n<div class=\"et_pb_section_1 et_pb_section et_section_regular et_block_section\">\n<div class=\"et_pb_row_1 et_pb_row et_block_row\">\n<div class=\"et_pb_column_1 et_pb_column et_pb_column_4_4 et-last-child et_block_column et_pb_css_mix_blend_mode_passthrough\">\n<div class=\"et_pb_divider_0 et_pb_divider et_pb_space et_pb_divider_position_top et_pb_module\"><div class=\"et_pb_divider_internal\"><\/div><\/div>\n\n<div class=\"et_pb_text_1 et_pb_text et_pb_bg_layout_light et_pb_module et_block_module preset--group--divi-text--divi-font-header--default preset--group--divi-text--divi-font-body--default preset--module--divi-text--default\"><div class=\"et_pb_text_inner\"><h2>\u00c0 propos de la colorim\u00e9trie<\/h2>\n<p>La colorim\u00e9trie est le processus formel d\u2019\u00e9valuation des effets de la couleur et de la lumi\u00e8re sur les sympt\u00f4mes visuels et perceptifs d\u2019une personne lorsqu\u2019elle regarde des motifs et du texte. Si les couleurs sont efficaces, les verres tint\u00e9s de pr\u00e9cision sont prescrits afin d\u2019att\u00e9nuer les sympt\u00f4mes. L\u2019effet de la couleur sur l\u2019inconfort visuel et les d\u00e9formations perceptives peut \u00eatre mesur\u00e9 efficacement dans des conditions contr\u00f4l\u00e9es au moyen du Intuitive Colorimeter\u2122.<\/p>\n<p>L\u2019\u00e9quipement a \u00e9t\u00e9 con\u00e7u par Arnold\u202fWilkins dans le cadre de son travail au Medical Research\u202fCouncil, afin d\u2019examiner la r\u00e9duction signal\u00e9e des difficult\u00e9s de lecture en utilisant des transparents et des verres color\u00e9s. Il a \u00e9t\u00e9 con\u00e7u de sorte de permettre que la gamme compl\u00e8te des couleurs soit mise \u00e0 l\u2019essai d\u2019une mani\u00e8re simple, permettant ainsi de trouver, le cas \u00e9ch\u00e9ant, la couleur qui r\u00e9duit les d\u00e9formations.<\/p>\n<\/div><\/div>\n<\/div>\n<\/div>\n\n\n<\/div>\n\n<div class=\"et_pb_section_2 et_pb_section et_section_regular et_block_section\">\n<div class=\"et_pb_row_3 et_pb_row et_flex_row\">\n<div class=\"et_pb_column_5 et_pb_column et_block_column et_pb_css_mix_blend_mode_passthrough et_flex_column_2_5 et_flex_column_2_5_tablet et_flex_column_24_24_phone\">\n<div class=\"et_pb_image_0 et_pb_image et_animated et_pb_module et_block_module\"><span class=\"et_pb_image_wrap\"><img loading=\"lazy\" decoding=\"async\" src=\"https:\/\/visualstressclinic.ca\/wp-content\/uploads\/2025\/12\/web-ppi72-Colour-trims-transparent.png\" alt=\"Intuitive Colorimeter in three colors\" title=\"Intuitive Colorimeter\" width=\"1080\" height=\"756\" srcset=\"https:\/\/visualstressclinic.ca\/wp-content\/uploads\/2025\/12\/web-ppi72-Colour-trims-transparent.png 1080w, https:\/\/visualstressclinic.ca\/wp-content\/uploads\/2025\/12\/web-ppi72-Colour-trims-transparent-980x686.png 980w, https:\/\/visualstressclinic.ca\/wp-content\/uploads\/2025\/12\/web-ppi72-Colour-trims-transparent-480x336.png 480w\" sizes=\"(min-width: 0px) and (max-width: 480px) 480px, (min-width: 481px) and (max-width: 980px) 980px, (min-width: 981px) 1080px, 100vw\" class=\"wp-image-963\" \/><\/span><\/div>\n<\/div>\n\n<div class=\"et_pb_column_6 et_pb_column et-last-child et_block_column et_pb_css_mix_blend_mode_passthrough et_flex_column_3_5 et_flex_column_3_5_tablet et_flex_column_24_24_phone\">\n<div class=\"et_pb_divider_1 et_pb_divider et_pb_space et_pb_divider_position_top et_pb_module\"><div class=\"et_pb_divider_internal\"><\/div><\/div>\n\n<div class=\"et_pb_text_2 et_pb_text et_pb_bg_layout_light et_pb_module et_block_module preset--group--divi-text--divi-font-header--default preset--group--divi-text--divi-font-body--default preset--module--divi-text--default\"><div class=\"et_pb_text_inner\"><h2>About the Intuitive Colorimeter&#x2122;<\/h2>\n<p class=\"font_8 wixui-rich-text__text\"><span class=\"wixui-rich-text__text\">Ce dispositif m\u00e9dical de classe 1, approuv\u00e9 par la FDA et enregistr\u00e9 aupr\u00e8s de Sant\u00e9 Canada, est l'outil le plus efficace pour trouver la teinte de pr\u00e9cision optimale afin de r\u00e9duire les sympt\u00f4mes du stress visuel. Le Intuitive Colorimeter\u2122 permet l'investigation logique et s\u00e9quentielle de l'espace des couleurs d'une mani\u00e8re qui peut \u00eatre r\u00e9p\u00e9t\u00e9e.<\/span><\/p>\n<p class=\"font_8 wixui-rich-text__text\"><span class=\"wixui-rich-text__text\">The three parameters of colour - hue, saturation, and brightness - are adjusted independently to find a\u00a0precise colour wavelength during an assessment. The\u00a0individual\u2019s eyes adapt to the colour identified.<\/span><\/p>\n<\/div><\/div>\n\n<div class=\"et_pb_module et_pb_button_module_wrapper et_pb_button_0_wrapper preset--group--divi-button--divi-button--iy33fxtfem_wrapper\"><a class=\"et_pb_button_0 et_pb_button et_pb_bg_layout_light et_pb_module et_block_module preset--group--divi-button--divi-button--iy33fxtfem\" href=\"https:\/\/opticalm.ca\/fr\/intuitive-colorimeter\/\" data-icon=\"&amp;\">Plus d'info<\/a><\/div>\n<\/div>\n<\/div>\n<\/div>\n\n<div class=\"et_pb_section_3 et_pb_section et_section_regular et_block_section\">\n<div class=\"et_pb_row_4 et_pb_row et_flex_row\">\n<div class=\"et_pb_column_7 et_pb_column et_block_column et_pb_css_mix_blend_mode_passthrough et_flex_column_18_24 et_flex_column_18_24_tablet et_flex_column_24_24_phone\">\n<div class=\"et_pb_divider_2 et_pb_divider et_pb_space et_pb_divider_position_top et_pb_module\"><div class=\"et_pb_divider_internal\"><\/div><\/div>\n\n<div class=\"et_pb_text_3 et_pb_text et_pb_bg_layout_light et_pb_module et_block_module preset--group--divi-text--divi-font-header--default preset--group--divi-text--divi-font-body--default preset--module--divi-text--default\"><div class=\"et_pb_text_inner\"><p>Une fois que la couleur est d\u00e9termin\u00e9e par le colorim\u00e8tre, un ensemble de verres d\u2019essai qui reproduisent la teinte, la saturation et la clart\u00e9 est assembl\u00e9. Le client les essaie ensuite en variant les sources lumineuses et les t\u00e2ches visuelles, notamment en lisant de proche et de loin et en marchant. Des ajustements l\u00e9gers peuvent \u00eatre faits, toutefois, neuf fois sur dix, la combinaison de couleurs demeure celle qui a \u00e9t\u00e9 indiqu\u00e9e par l\u2019appareil.<\/p>\n<\/div><\/div>\n<\/div>\n\n<div class=\"et_pb_column_8 et_pb_column et-last-child et_block_column et_pb_css_mix_blend_mode_passthrough et_flex_column_6_24 et_flex_column_6_24_tablet et_flex_column_24_24_phone\">\n<div class=\"et_pb_image_1 et_pb_image et_animated et_pb_module et_block_module\"><span class=\"et_pb_image_wrap\"><img loading=\"lazy\" decoding=\"async\" src=\"https:\/\/visualstressclinic.ca\/wp-content\/uploads\/2025\/12\/Curve-and-lense-box.png\" alt=\"Curve and lense box\" title=\"Curve and lense box\" width=\"1156\" height=\"677\" srcset=\"https:\/\/visualstressclinic.ca\/wp-content\/uploads\/2025\/12\/Curve-and-lense-box.png 1156w, https:\/\/visualstressclinic.ca\/wp-content\/uploads\/2025\/12\/Curve-and-lense-box-980x574.png 980w, https:\/\/visualstressclinic.ca\/wp-content\/uploads\/2025\/12\/Curve-and-lense-box-480x281.png 480w\" sizes=\"(min-width: 0px) and (max-width: 480px) 480px, (min-width: 481px) and (max-width: 980px) 980px, (min-width: 981px) 1156px, 100vw\" class=\"wp-image-965\" \/><\/span><\/div>\n<\/div>\n<\/div>\n\n<div class=\"et_pb_row_5 et_pb_row et_flex_row\">\n<div class=\"et_pb_column_9 et_pb_column et_block_column et_pb_css_mix_blend_mode_passthrough et_flex_column_6_24 et_flex_column_6_24_tablet et_flex_column_24_24_phone\">\n<div class=\"et_pb_image_2 et_pb_image et_animated et_pb_module et_block_module\"><span class=\"et_pb_image_wrap\"><img loading=\"lazy\" decoding=\"async\" src=\"https:\/\/visualstressclinic.ca\/wp-content\/uploads\/2025\/12\/iioc-lens-dyeing.png\" alt=\"iioc lens dyeing\" title=\"iioc-lens-dyeing\" width=\"458\" height=\"330\" srcset=\"https:\/\/opticalm.ca\/wp-content\/uploads\/2025\/12\/iioc-lens-dyeing.png 458w, https:\/\/opticalm.ca\/wp-content\/uploads\/2025\/12\/iioc-lens-dyeing-300x216.png 300w, https:\/\/opticalm.ca\/wp-content\/uploads\/2025\/12\/iioc-lens-dyeing-18x12.png 18w\" sizes=\"(max-width: 458px) 100vw, 458px\" class=\"wp-image-966\" \/><\/span><\/div>\n<\/div>\n\n<div class=\"et_pb_column_10 et_pb_column et-last-child et_block_column et_pb_css_mix_blend_mode_passthrough et_flex_column_18_24 et_flex_column_18_24_tablet et_flex_column_24_24_phone\">\n<div class=\"et_pb_divider_3 et_pb_divider_hidden et_pb_space et_pb_divider_position_top et_pb_module\"><div class=\"et_pb_divider_internal\"><\/div><\/div>\n\n<div class=\"et_pb_text_4 et_pb_text et_pb_bg_layout_light et_pb_module et_block_module preset--group--divi-text--divi-font-header--default preset--group--divi-text--divi-font-body--default preset--module--divi-text--default\"><div class=\"et_pb_text_inner\"><p>Une paire de verres est ensuite teint\u00e9e en fonction des caract\u00e9ristiques propres \u00e0 chaque personne, en utilisant de la teinture con\u00e7ue \u00e0 des fins m\u00e9dicales. Ces verres sont install\u00e9s par la suite sur la monture choisie par le client. Bien qu\u2019il puisse sembler y avoir une certaine uniformit\u00e9 entre les couleurs choisies en comparant un grand nombre de teintes, il n\u2019y a pas une, deux, voire cinq couleurs qui se d\u00e9marquent. En fait, des \u00e9tudes r\u00e9centes ont d\u00e9termin\u00e9 que plusieurs milliers de couleurs doivent \u00eatre pr\u00e9sent\u00e9s afin de trouver la meilleure solution.<\/p>\n<\/div><\/div>\n<\/div>\n<\/div>\n<\/div>\n\n<div class=\"et_pb_section_4 et_pb_section et_section_regular et_block_section section_has_divider et_pb_top_divider et_pb_bottom_divider\"><div class=\"et_pb_top_inside_divider et-no-transition\"><\/div>\n<div class=\"et_pb_row_6 et_pb_row et_block_row\">\n<div class=\"et_pb_column_11 et_pb_column et_pb_column_4_4 et-last-child et_block_column et_pb_css_mix_blend_mode_passthrough\">\n<div class=\"et_pb_divider_4 et_pb_divider et_pb_space et_pb_divider_position_top et_pb_module\"><div class=\"et_pb_divider_internal\"><\/div><\/div>\n\n<div class=\"et_pb_text_5 et_pb_text et_pb_bg_layout_light et_pb_module et_block_module preset--group--divi-text--divi-font-header--default preset--group--divi-text--divi-font-body--default preset--module--divi-text--default\"><div class=\"et_pb_text_inner\"><h2>Test de d\u00e9pistage du stress visuel GRATUIT<\/h2>\n<\/div><\/div>\n\n<div class=\"et_pb_text_6 et_pb_text et_pb_bg_layout_light et_pb_module et_block_module preset--group--divi-text--divi-font-header--default preset--group--divi-text--divi-font-body--default preset--module--divi-text--default\"><div class=\"et_pb_text_inner\"><p>Pensez-vous que vous ou quelqu'un de votre entourage souffrez de Stress Visuel?<\/p>\n<p>Opticalm a con\u00e7u un test de d\u00e9pistage gratuit en ligne pour vous aider \u00e0 identifier le stress visuel depuis le confort de votre maison!<\/p>\n<\/div><\/div>\n\n<div class=\"et_pb_module et_pb_button_module_wrapper et_pb_button_1_wrapper preset--group--divi-button--divi-button--iy33fxtfem_wrapper\"><a class=\"et_pb_button_1 et_pb_button et_pb_bg_layout_light et_pb_module et_block_module preset--group--divi-button--divi-button--iy33fxtfem\" href=\"\" data-icon=\"&amp;\">Prennez le test gratuit<\/a><\/div>\n<\/div>\n<\/div>\n<div class=\"et_pb_bottom_inside_divider et-no-transition\"><\/div><\/div>\n\n<div class=\"et_pb_section_5 et_pb_section et_section_regular et_block_section section_has_divider et_pb_bottom_divider\">\n<div class=\"et_pb_row_7 et_pb_row et_block_row et_animated\">\n<div class=\"et_pb_column_12 et_pb_column et_pb_column_4_4 et-last-child et_block_column et_pb_css_mix_blend_mode_passthrough\">\n<div class=\"et_pb_text_7 et_pb_text et_pb_bg_layout_light et_pb_module et_block_module preset--group--divi-text--divi-font-header--default preset--group--divi-text--divi-font-body--default preset--module--divi-text--default\"><div class=\"et_pb_text_inner\"><h2><span style=\"color: #000000;\">Devenir prestataire<\/span><\/h2>\n<div id=\"comp-l01ckxkn\" class=\"Z_l5lU MMl86N zQ9jDz qvSjx3 Vq6kJx comp-l01ckxkn wixui-rich-text\" data-testid=\"richTextElement\">\n<p><span style=\"color: #000000;\">\u00cates-vous un professionnel de la vue ? \u00cates-vous en qu\u00eate d'une nouvelle fa\u00e7on de diff\u00e9rencier votre pratique et d'augmenter votre client\u00e8le ? Opticalm a ce qu'il vous faut!<\/span><\/p>\n<\/div>\n<\/div><\/div>\n\n<div class=\"et_pb_module et_pb_button_module_wrapper et_pb_button_2_wrapper preset--group--divi-button--divi-button--ugdvnztuu1_wrapper\"><a class=\"et_pb_button_2 et_pb_button et_pb_bg_layout_light et_pb_module et_block_module preset--group--divi-button--divi-button--ugdvnztuu1\" href=\"\" data-icon=\"&amp;\">En savoir plus<\/a><\/div>\n<\/div>\n<\/div>\n<div class=\"et_pb_bottom_inside_divider et-no-transition\"><\/div><\/div>","protected":false},"excerpt":{"rendered":"","protected":false},"author":1,"featured_media":0,"parent":0,"menu_order":72,"comment_status":"closed","ping_status":"closed","template":"","meta":{"footnotes":""},"class_list":["post-667","page","type-page","status-publish","hentry"],"_links":{"self":[{"href":"https:\/\/opticalm.ca\/fr\/wp-json\/wp\/v2\/pages\/667","targetHints":{"allow":["GET"]}}],"collection":[{"href":"https:\/\/opticalm.ca\/fr\/wp-json\/wp\/v2\/pages"}],"about":[{"href":"https:\/\/opticalm.ca\/fr\/wp-json\/wp\/v2\/types\/page"}],"author":[{"embeddable":true,"href":"https:\/\/opticalm.ca\/fr\/wp-json\/wp\/v2\/users\/1"}],"replies":[{"embeddable":true,"href":"https:\/\/opticalm.ca\/fr\/wp-json\/wp\/v2\/comments?post=667"}],"version-history":[{"count":10,"href":"https:\/\/opticalm.ca\/fr\/wp-json\/wp\/v2\/pages\/667\/revisions"}],"predecessor-version":[{"id":990,"href":"https:\/\/opticalm.ca\/fr\/wp-json\/wp\/v2\/pages\/667\/revisions\/990"}],"wp:attachment":[{"href":"https:\/\/opticalm.ca\/fr\/wp-json\/wp\/v2\/media?parent=667"}],"curies":[{"name":"wp","href":"https:\/\/api.w.org\/{rel}","templated":true}]}}