{"id":677,"date":"2025-11-23T22:48:23","date_gmt":"2025-11-23T22:48:23","guid":{"rendered":"https:\/\/visualstressclinic.ca\/?page_id=677"},"modified":"2026-01-21T01:34:12","modified_gmt":"2026-01-21T01:34:12","slug":"services","status":"publish","type":"page","link":"https:\/\/opticalm.ca\/fr\/services\/","title":{"rendered":"Services"},"content":{"rendered":"<div class=\"et_pb_section_0 et_pb_section et_section_regular et_block_section section_has_divider et_pb_bottom_divider\">\n<div class=\"et_pb_row_0 et_pb_row et_block_row\">\n<div class=\"et_pb_column_0 et_pb_column et_pb_column_4_4 et-last-child et_block_column et_pb_css_mix_blend_mode_passthrough\">\n<div class=\"et_pb_text_0 et_pb_text et_pb_bg_layout_dark et_pb_module et_block_module preset--module--divi-text--71310323-096d-43ef-a9c6-793b3fb8a7bc\"><div class=\"et_pb_text_inner\"><h1>Services<\/h1>\n<\/div><\/div>\n<\/div>\n<\/div>\n<div class=\"et_pb_bottom_inside_divider et-no-transition\"><\/div><\/div>\n\n\n\n<div class=\"et_pb_section_2 et_pb_section et_section_regular et_block_section\" id=\"step-1\">\n<div class=\"et_pb_row_2 et_pb_row et_flex_row\">\n<div class=\"et_pb_column_4 et_pb_column et_block_column et_pb_css_mix_blend_mode_passthrough et_flex_column_24_24 et_flex_column_24_24_tablet et_flex_column_24_24_phone\">\n<div class=\"et_pb_image_0 et_pb_image et_animated et_pb_module et_block_module\"><span class=\"et_pb_image_wrap\"><img loading=\"lazy\" decoding=\"async\" src=\"https:\/\/visualstressclinic.ca\/wp-content\/uploads\/2025\/12\/rlw-uc03gwc-1024x682.jpg\" alt=\"person writing a list\" title=\"person writing a list\" width=\"1024\" height=\"682\" srcset=\"https:\/\/opticalm.ca\/wp-content\/uploads\/2025\/12\/rlw-uc03gwc-1024x682.jpg 1024w, https:\/\/opticalm.ca\/wp-content\/uploads\/2025\/12\/rlw-uc03gwc-600x399.jpg 600w, https:\/\/opticalm.ca\/wp-content\/uploads\/2025\/12\/rlw-uc03gwc-300x200.jpg 300w, https:\/\/opticalm.ca\/wp-content\/uploads\/2025\/12\/rlw-uc03gwc-768x511.jpg 768w, https:\/\/opticalm.ca\/wp-content\/uploads\/2025\/12\/rlw-uc03gwc-1536x1022.jpg 1536w, https:\/\/opticalm.ca\/wp-content\/uploads\/2025\/12\/rlw-uc03gwc-18x12.jpg 18w, https:\/\/opticalm.ca\/wp-content\/uploads\/2025\/12\/rlw-uc03gwc-1080x719.jpg 1080w, https:\/\/opticalm.ca\/wp-content\/uploads\/2025\/12\/rlw-uc03gwc-1280x852.jpg 1280w, https:\/\/opticalm.ca\/wp-content\/uploads\/2025\/12\/rlw-uc03gwc-980x652.jpg 980w, https:\/\/opticalm.ca\/wp-content\/uploads\/2025\/12\/rlw-uc03gwc-480x320.jpg 480w, https:\/\/opticalm.ca\/wp-content\/uploads\/2025\/12\/rlw-uc03gwc.jpg 1600w\" sizes=\"(max-width: 1024px) 100vw, 1024px\" class=\"wp-image-1030\" \/><\/span><\/div>\n<\/div>\n\n<div class=\"et_pb_column_5 et_pb_column et-last-child et_block_column et_pb_css_mix_blend_mode_passthrough et_flex_column_24_24 et_flex_column_24_24_tablet et_flex_column_24_24_phone\">\n<div class=\"et_pb_divider_0 et_pb_divider et_pb_space et_pb_divider_position_top et_pb_module\"><div class=\"et_pb_divider_internal\"><\/div><\/div>\n\n<div class=\"et_pb_text_1 et_pb_text et_pb_bg_layout_light et_pb_module et_block_module preset--group--divi-text--divi-font-header--h1y3ko5--default preset--group--divi-text--divi-font-body--h19rs5u--default preset--group--divi-text--divi-font-body--h1yjkjr--default preset--module--divi-text--default\"><div class=\"et_pb_text_inner\"><h2><span style=\"color: #000000;\">Step 1 - Free pre-screening<\/span><\/h2>\n<p><span style=\"color: #000000;\">D\u00e9couvrez maintenant si vous, un membre de votre famille ou un patient souffrez de stress visuel.<\/span><\/p>\n<p><span style=\"color: #000000;\">Le test de d\u00e9pistage est un outil de d\u00e9couverte qui vous permet de mieux comprendre le Stress Visuel, votre situation et la probabilit\u00e9 que vous souffriez et que vous b\u00e9n\u00e9ficiiez des \u00e9tapes 2 et 3.<\/span><\/p>\n<p><span style=\"color: #000000;\">Le test de d\u00e9pistage gratuit comprend les \u00e9l\u00e9ments suivants :<\/span><\/p>\n<ul>\n<li><span style=\"color: #000000;\">Des vid\u00e9os informatifs pour vous guider<\/span><\/li>\n<li><span style=\"color: #000000;\">Un rapport avec votre score et les r\u00e9sultats des tests<\/span><\/li>\n<li><span style=\"color: #000000;\">Liens vers des ressources suppl\u00e9mentaires et des solutions potentielles<\/span><\/li>\n<\/ul>\n<\/div><\/div>\n\n<div class=\"et_pb_row_3 et_pb_row et_pb_row_nested et_flex_row\">\n<div class=\"et_pb_column_6 et_pb_column et-last-child et_flex_column et_pb_css_mix_blend_mode_passthrough et_flex_column_24_24 et_flex_column_24_24_tablet et_flex_column_24_24_phone\">\n<div class=\"et_pb_module et_pb_button_module_wrapper et_pb_button_3_wrapper preset--group--divi-button--divi-button--h1c8vfa--ugdvnztuu1_wrapper\"><a class=\"et_pb_button_3 et_pb_button et_pb_bg_layout_light et_pb_module et_block_module preset--group--divi-button--divi-button--h1c8vfa--ugdvnztuu1\" href=\"https:\/\/www.visualstress.app\/pre-screening-test\/\" target=\"_blank\" data-icon=\"&amp;\">Commencer le test gratut<\/a><\/div>\n<\/div>\n<\/div>\n<\/div>\n<\/div>\n<\/div>\n\n<div class=\"et_pb_section_3 et_pb_section et_section_regular et_block_section\" id=\"step-2\">\n<div class=\"et_pb_row_4 et_pb_row et_flex_row\">\n<div class=\"et_pb_column_7 et_pb_column et_block_column et_pb_css_mix_blend_mode_passthrough et_flex_column_24_24 et_flex_column_24_24_tablet et_flex_column_24_24_phone\">\n<div class=\"et_pb_image_1 et_pb_image et_animated et_pb_module et_block_module\"><span class=\"et_pb_image_wrap\"><img loading=\"lazy\" decoding=\"async\" src=\"https:\/\/visualstressclinic.ca\/wp-content\/uploads\/2025\/12\/Half-Page_Overlays3015-800x800-1-e1765145948981.jpg\" title=\"Half-Page_Overlays3015\" width=\"800\" height=\"520\" srcset=\"https:\/\/opticalm.ca\/wp-content\/uploads\/2025\/12\/Half-Page_Overlays3015-800x800-1-e1765145948981.jpg 800w, https:\/\/opticalm.ca\/wp-content\/uploads\/2025\/12\/Half-Page_Overlays3015-800x800-1-e1765145948981-600x390.jpg 600w, https:\/\/opticalm.ca\/wp-content\/uploads\/2025\/12\/Half-Page_Overlays3015-800x800-1-e1765145948981-300x195.jpg 300w, https:\/\/opticalm.ca\/wp-content\/uploads\/2025\/12\/Half-Page_Overlays3015-800x800-1-e1765145948981-768x499.jpg 768w, https:\/\/opticalm.ca\/wp-content\/uploads\/2025\/12\/Half-Page_Overlays3015-800x800-1-e1765145948981-18x12.jpg 18w\" sizes=\"(max-width: 800px) 100vw, 800px\" class=\"wp-image-1032\" alt=\"person writing a list\" \/><\/span><\/div>\n<\/div>\n\n<div class=\"et_pb_column_8 et_pb_column et-last-child et_block_column et_pb_css_mix_blend_mode_passthrough et_flex_column_24_24 et_flex_column_24_24_tablet et_flex_column_24_24_phone\">\n<div class=\"et_pb_divider_1 et_pb_divider et_pb_space et_pb_divider_position_top et_pb_module\"><div class=\"et_pb_divider_internal\"><\/div><\/div>\n\n<div class=\"et_pb_text_2 et_pb_text et_pb_bg_layout_light et_pb_module et_block_module preset--group--divi-text--divi-font-header--h1y3ko5--default preset--group--divi-text--divi-font-body--h19rs5u--default preset--group--divi-text--divi-font-body--h1yjkjr--default preset--module--divi-text--default\"><div class=\"et_pb_text_inner\"><h2>\u00c9tape 2 - \u00c9valuation du stress visuel<\/h2>\n<p><span style=\"color: #000000;\">Lorsque les r\u00e9sultats de votre test de pr\u00e9s\u00e9lection indiquent que le stress visuel peut contribuer \u00e0 vos sympt\u00f4mes ou que vous soup\u00e7onnez que vous souffrez de stress visuel, contactez une clinique pour r\u00e9server une \u00e9valuation en clinique.<\/span><\/p>\n<p><span style=\"color: #000000;\"><strong>Remarque\u202f<\/strong>: Un examen complet et r\u00e9cent de la vue est fortement recommand\u00e9 \u00e0 ce stade pour exclure et corriger toute anomalie visuelle pouvant contribuer \u00e0 vos sympt\u00f4mes.<\/span><span style=\"color: #000000;\"><\/span><\/p>\n<\/div><\/div>\n\n<div class=\"et_pb_row_5 et_pb_row et_pb_row_nested et_flex_row\">\n<div class=\"et_pb_column_9 et_pb_column et_flex_column et_pb_css_mix_blend_mode_passthrough et_flex_column_12_24 et_flex_column_12_24_tablet et_flex_column_24_24_phone\">\n<div class=\"et_pb_module et_pb_button_module_wrapper et_pb_button_4_wrapper preset--group--divi-button--divi-button--h1c8vfa--ugdvnztuu1_wrapper\"><a class=\"et_pb_button_4 et_pb_button et_pb_bg_layout_light et_pb_module et_block_module preset--group--divi-button--divi-button--h1c8vfa--ugdvnztuu1\" href=\"https:\/\/www.visualstress.app\/find-providers\/\" target=\"_blank\" data-icon=\"&amp;\">Trouver une clinique<\/a><\/div>\n<\/div>\n\n<div class=\"et_pb_column_10 et_pb_column et-last-child et_flex_column et_pb_css_mix_blend_mode_passthrough et_flex_column_12_24 et_flex_column_12_24_tablet et_flex_column_24_24_phone\">\n<div class=\"et_pb_module et_pb_button_module_wrapper et_pb_button_5_wrapper preset--group--divi-button--divi-button--h1c8vfa--ugdvnztuu1_wrapper\"><a class=\"et_pb_button_5 et_pb_button et_pb_bg_layout_light et_pb_module et_block_module preset--group--divi-button--divi-button--h1c8vfa--ugdvnztuu1\" href=\"https:\/\/opticalm.ca\/fr\/contact\/\" data-icon=\"&amp;\">Communiquez avec nous<\/a><\/div>\n<\/div>\n<\/div>\n<\/div>\n<\/div>\n<\/div>\n\n<div class=\"et_pb_section_4 et_pb_section et_section_regular et_block_section\" id=\"step-3\">\n<div class=\"et_pb_row_6 et_pb_row et_flex_row\">\n<div class=\"et_pb_column_11 et_pb_column et_block_column et_pb_css_mix_blend_mode_passthrough et_flex_column_24_24 et_flex_column_24_24_tablet et_flex_column_24_24_phone\">\n<div class=\"et_pb_image_2 et_pb_image et_animated et_pb_module et_block_module\"><span class=\"et_pb_image_wrap\"><img loading=\"lazy\" decoding=\"async\" src=\"https:\/\/visualstressclinic.ca\/wp-content\/uploads\/2025\/12\/Assessment-image-004-1024x686.png\" alt=\"Girl during colorimetry assessment\" title=\"Assessment image\" width=\"1024\" height=\"686\" srcset=\"https:\/\/visualstressclinic.ca\/wp-content\/uploads\/2025\/12\/Assessment-image-004-1024x686.png 1024w, https:\/\/visualstressclinic.ca\/wp-content\/uploads\/2025\/12\/Assessment-image-004-980x657.png 980w, https:\/\/visualstressclinic.ca\/wp-content\/uploads\/2025\/12\/Assessment-image-004-480x322.png 480w\" sizes=\"(min-width: 0px) and (max-width: 480px) 480px, (min-width: 481px) and (max-width: 980px) 980px, (min-width: 981px) 1024px, 100vw\" class=\"wp-image-1031\" \/><\/span><\/div>\n<\/div>\n\n<div class=\"et_pb_column_12 et_pb_column et-last-child et_block_column et_pb_css_mix_blend_mode_passthrough et_flex_column_24_24 et_flex_column_24_24_tablet et_flex_column_24_24_phone\">\n<div class=\"et_pb_divider_2 et_pb_divider et_pb_space et_pb_divider_position_top et_pb_module\"><div class=\"et_pb_divider_internal\"><\/div><\/div>\n\n<div class=\"et_pb_text_3 et_pb_text et_pb_bg_layout_light et_pb_module et_block_module preset--group--divi-text--divi-font-header--h1y3ko5--default preset--group--divi-text--divi-font-body--h19rs5u--default preset--group--divi-text--divi-font-body--h1yjkjr--default preset--module--divi-text--default\"><div class=\"et_pb_text_inner\"><h2>Step 3 \u2013 Intuitive Colorimeter&#x2122; assessment<\/h2>\n<p>L'\u00e9valuation avec l'Intuitive Colorimeter\u2122 d\u00e9termine la teinte, la luminosit\u00e9 et la saturation optimales pour aider \u00e0 att\u00e9nuer ou \u00e0 r\u00e9duire les sympt\u00f4mes de stress visuel et \u00e0 am\u00e9liorer la qualit\u00e9 de vie. Avec plus de 100 000 combinaisons de couleurs, les teintes de pr\u00e9cision m\u00e9dicale sont la meilleure solution pour aider les personnes souffrant de stress visuel.<\/p>\n<p>Votre prestataire ne passera \u00e0 l'\u00e9tape 3 que si les r\u00e9sultats de l'\u00e9tape 2 sont concluants.<\/p>\n<p><strong>Remarque\u202f<\/strong>: Un examen complet et r\u00e9cent de la vue est n\u00e9cessaire avant de prescrire des verres teint\u00e9s de pr\u00e9cision.<\/p>\n<p>Pour apprendre plus, contactez-nous ou un prestataire de colorim\u00e9trie autoris\u00e9.<\/p>\n<\/div><\/div>\n\n<div class=\"et_pb_row_7 et_pb_row et_pb_row_nested et_flex_row\">\n<div class=\"et_pb_column_13 et_pb_column et_flex_column et_pb_css_mix_blend_mode_passthrough et_flex_column_12_24 et_flex_column_12_24_tablet et_flex_column_24_24_phone\">\n<div class=\"et_pb_module et_pb_button_module_wrapper et_pb_button_6_wrapper preset--group--divi-button--divi-button--h1c8vfa--ugdvnztuu1_wrapper\"><a class=\"et_pb_button_6 et_pb_button et_pb_bg_layout_light et_pb_module et_block_module preset--group--divi-button--divi-button--h1c8vfa--ugdvnztuu1\" href=\"https:\/\/www.visualstress.app\/find-providers\/\" target=\"_blank\" data-icon=\"&amp;\">Trouver une clinique<\/a><\/div>\n<\/div>\n\n<div class=\"et_pb_column_14 et_pb_column et-last-child et_flex_column et_pb_css_mix_blend_mode_passthrough et_flex_column_12_24 et_flex_column_12_24_tablet et_flex_column_24_24_phone\">\n<div class=\"et_pb_module et_pb_button_module_wrapper et_pb_button_7_wrapper preset--group--divi-button--divi-button--h1c8vfa--ugdvnztuu1_wrapper\"><a class=\"et_pb_button_7 et_pb_button et_pb_bg_layout_light et_pb_module et_block_module preset--group--divi-button--divi-button--h1c8vfa--ugdvnztuu1\" href=\"https:\/\/opticalm.ca\/fr\/contact\/\" data-icon=\"&amp;\">Communiquez avec nous<\/a><\/div>\n<\/div>\n<\/div>\n<\/div>\n<\/div>\n<\/div>\n\n<div class=\"et_pb_section_5 et_pb_section et_section_regular et_block_section\" id=\"tint-update\">\n<div class=\"et_pb_row_8 et_pb_row et_flex_row\">\n<div class=\"et_pb_column_15 et_pb_column et_block_column et_pb_css_mix_blend_mode_passthrough et_flex_column_24_24 et_flex_column_24_24_tablet et_flex_column_24_24_phone\">\n<div class=\"et_pb_divider_3 et_pb_divider et_pb_space et_pb_divider_position_top et_pb_module\"><div class=\"et_pb_divider_internal\"><\/div><\/div>\n\n<div class=\"et_pb_text_4 et_pb_text et_pb_bg_layout_light et_pb_module et_block_module preset--group--divi-text--divi-font-header--h1y3ko5--default preset--group--divi-text--divi-font-body--h19rs5u--default preset--group--divi-text--divi-font-body--h1yjkjr--default preset--module--divi-text--default\"><div class=\"et_pb_text_inner\"><h2><span style=\"color: #000000;\">Mise \u00e0 jour de la teinte<\/span><\/h2>\n<p><span style=\"color: #000000;\">La mise \u00e0 jour de la teinte du stress visuel est une \u00e9valuation compl\u00e8te par colorim\u00e8tre intuitif qui d\u00e9termine la combinaison de lentilles teint\u00e9es de pr\u00e9cision mise \u00e0 jour pour un soulagement optimal des sympt\u00f4mes.<\/span><\/p>\n<p><span style=\"color: #000000;\">La gu\u00e9rison du cerveau, les blessures, le d\u00e9veloppement, l'adaptation ou la n\u00e9cessit\u00e9 d'une nouvelle prescription visuelle peuvent entra\u00eener des changements dans les niveaux de sensibilit\u00e9 et, \u00e0 leur tour, la n\u00e9cessit\u00e9 d'une mise \u00e0 jour de la combinaison de verres teint\u00e9s de pr\u00e9cision.<\/span><\/p>\n<\/div><\/div>\n\n<div class=\"et_pb_row_9 et_pb_row et_pb_row_nested et_flex_row\">\n<div class=\"et_pb_column_16 et_pb_column et-last-child et_flex_column et_pb_css_mix_blend_mode_passthrough et_flex_column_24_24 et_flex_column_24_24_tablet et_flex_column_24_24_phone\">\n<div class=\"et_pb_module et_pb_button_module_wrapper et_pb_button_8_wrapper preset--group--divi-button--divi-button--h1c8vfa--ugdvnztuu1_wrapper\"><a class=\"et_pb_button_8 et_pb_button et_pb_bg_layout_light et_pb_module et_block_module preset--group--divi-button--divi-button--h1c8vfa--ugdvnztuu1\" href=\"https:\/\/opticalm.ca\/fr\/tint-update\/\" data-icon=\"&amp;\">En savoir plus<\/a><\/div>\n<\/div>\n<\/div>\n<\/div>\n\n<div class=\"et_pb_column_17 et_pb_column et-last-child et_block_column et_pb_css_mix_blend_mode_passthrough et_flex_column_24_24 et_flex_column_24_24_tablet et_flex_column_24_24_phone\">\n<div class=\"et_pb_image_3 et_pb_image et_animated et_pb_module et_block_module\"><span class=\"et_pb_image_wrap\"><img loading=\"lazy\" decoding=\"async\" src=\"https:\/\/visualstressclinic.ca\/wp-content\/uploads\/2025\/12\/web-ppi72-Tint-update-with-text-FR.png\" alt=\"Tint update with text EN\" title=\"Tint update EN\" width=\"1080\" height=\"722\" srcset=\"\" sizes=\"(min-width: 0px) and (max-width: 480px) 480px, (min-width: 481px) and (max-width: 980px) 980px, (min-width: 981px) 1080px, 100vw\" class=\"wp-image-968\" data-srcset=\"\" \/><\/span><\/div>\n<\/div>\n<\/div>\n<\/div>\n\n<div class=\"et_pb_section_6 et_pb_section et_section_regular et_block_section\" id=\"tint-update\">\n<div class=\"et_pb_row_10 et_pb_row et_flex_row\">\n<div class=\"et_pb_column_18 et_pb_column et_block_column et_pb_css_mix_blend_mode_passthrough et_flex_column_24_24 et_flex_column_24_24_tablet et_flex_column_24_24_phone\">\n<div class=\"et_pb_divider_4 et_pb_divider et_pb_space et_pb_divider_position_top et_pb_module\"><div class=\"et_pb_divider_internal\"><\/div><\/div>\n\n<div class=\"et_pb_text_5 et_pb_text et_pb_bg_layout_light et_pb_module et_block_module preset--group--divi-text--divi-font-header--h1y3ko5--default preset--group--divi-text--divi-font-body--h19rs5u--default preset--group--divi-text--divi-font-body--h1yjkjr--default preset--module--divi-text--default\"><div class=\"et_pb_text_inner\"><h2>EnChroma<\/h2>\n<p>EnChroma has created glasses for color blind people that enhance color perception by separating light into its primary spectral components before they reach the eye.<\/p>\n<p>The Opticalm Clinic is proud to carry EnChroma lenses that bring color vision to the color blind.<\/p>\n<\/div><\/div>\n\n<div class=\"et_pb_row_11 et_pb_row et_pb_row_nested et_flex_row\">\n<div class=\"et_pb_column_19 et_pb_column et-last-child et_flex_column et_pb_css_mix_blend_mode_passthrough et_flex_column_24_24 et_flex_column_24_24_tablet et_flex_column_24_24_phone\">\n<div class=\"et_pb_module et_pb_button_module_wrapper et_pb_button_9_wrapper preset--group--divi-button--divi-button--h1c8vfa--ugdvnztuu1_wrapper\"><a class=\"et_pb_button_9 et_pb_button et_pb_bg_layout_light et_pb_module et_block_module preset--group--divi-button--divi-button--h1c8vfa--ugdvnztuu1\" href=\"https:\/\/opticalm.ca\/fr\/colour-vision-deficiency\/\" data-icon=\"&amp;\">En savoir plus<\/a><\/div>\n<\/div>\n<\/div>\n<\/div>\n\n<div class=\"et_pb_column_20 et_pb_column et-last-child et_block_column et_pb_css_mix_blend_mode_passthrough et_flex_column_24_24 et_flex_column_24_24_tablet et_flex_column_24_24_phone\">\n<div class=\"et_pb_image_4 et_pb_image et_animated et_pb_module et_block_module\"><span class=\"et_pb_image_wrap\"><img loading=\"lazy\" decoding=\"async\" src=\"https:\/\/visualstressclinic.ca\/wp-content\/uploads\/2024\/11\/Enchroma_onWhite_AR_verti.png\" title=\"Enchroma_onWhite_AR_verti\" width=\"1105\" height=\"735\" srcset=\"https:\/\/visualstressclinic.ca\/wp-content\/uploads\/2024\/11\/Enchroma_onWhite_AR_verti.png 1105w, https:\/\/visualstressclinic.ca\/wp-content\/uploads\/2024\/11\/Enchroma_onWhite_AR_verti-980x652.png 980w, https:\/\/visualstressclinic.ca\/wp-content\/uploads\/2024\/11\/Enchroma_onWhite_AR_verti-480x319.png 480w\" sizes=\"(min-width: 0px) and (max-width: 480px) 480px, (min-width: 481px) and (max-width: 980px) 980px, (min-width: 981px) 1105px, 100vw\" class=\"wp-image-127\" alt=\"Tint update with text EN\" \/><\/span><\/div>\n<\/div>\n<\/div>\n<\/div>\n\n<div class=\"et_pb_section_7 et_pb_section et_section_regular et_block_section section_has_divider et_pb_top_divider et_pb_bottom_divider\"><div class=\"et_pb_top_inside_divider et-no-transition\"><\/div>\n<div class=\"et_pb_row_12 et_pb_row et_block_row\">\n<div class=\"et_pb_column_21 et_pb_column et_pb_column_4_4 et-last-child et_block_column et_pb_css_mix_blend_mode_passthrough\">\n<div class=\"et_pb_text_6 et_pb_text et_pb_bg_layout_light et_pb_module et_block_module preset--group--divi-text--divi-font-header--h1y3ko5--default preset--group--divi-text--divi-font-body--h19rs5u--default preset--group--divi-text--divi-font-body--h1yjkjr--default preset--module--divi-text--default\"><div class=\"et_pb_text_inner\"><h2>Vous cherchez des lunettes teint\u00e9es en ligne?<\/h2>\n<p><span style=\"color: #000000;\">Comment savoir si elles fonctionneront ? Voulez-vous vraiment acheter quelque chose que vous n'avez jamais essay\u00e9 ? Nous vous comprenons!<\/span><\/p>\n<\/div><\/div>\n\n<div class=\"et_pb_divider_5 et_pb_divider et_pb_space et_pb_divider_position_top et_pb_module\"><div class=\"et_pb_divider_internal\"><\/div><\/div>\n\n<div class=\"et_pb_text_7 et_pb_text et_pb_bg_layout_light et_pb_module et_block_module preset--group--divi-text--divi-font-header--h1y3ko5--default preset--group--divi-text--divi-font-body--h19rs5u--default preset--group--divi-text--divi-font-body--h1yjkjr--default preset--module--divi-text--default\"><div class=\"et_pb_text_inner\"><p><span style=\"color: #000000;\">Bien que les verres pr\u00e9teints puissent offrir un soulagement optimal pour quelques individus, il est presque impossible de savoir s'il s'agit de la bonne couleur pour r\u00e9duire les sympt\u00f4mes. La recherche a d\u00e9montr\u00e9 que le soulagement des sympt\u00f4mes n'est obtenu que lorsqu'une large s\u00e9lection de couleurs de filtres est test\u00e9e.<\/span><\/p>\n<p><span style=\"color: #000000;\">Si des lentilles roses, vertes, ambr\u00e9es ou jaunes ont \u00e9t\u00e9 recommand\u00e9es sans aucun test, nous sugg\u00e9rons qu'une \u00e9valuation du stress visuel soit effectu\u00e9e avant de d\u00e9penser de l'argent pour des lunettes qui pourraient ne pas fonctionner.<\/span><\/p>\n<p><span style=\"color: #000000;\">Il est \u00e9galement important de savoir que les teintes de mode ne sont pas con\u00e7ues \u00e0 des fins m\u00e9dicales. Opticalm et son r\u00e9seau de prestataires offrent des teintes m\u00e9dicales de pr\u00e9cision qui ont une courbe de transmission r\u00e9guli\u00e8re et bloquent des longueurs d'onde sp\u00e9cifiques de la lumi\u00e8re pour des r\u00e9sultats optimaux.<\/span><\/p>\n<p><span style=\"color: #000000;\">Visitez <a href=\"https:\/\/www.visualstress.app\/\">visualstress.app<\/a> pour trouver une clinique.<\/span><\/p>\n<\/div><\/div>\n<\/div>\n<\/div>\n<div class=\"et_pb_bottom_inside_divider et-no-transition\"><\/div><\/div>\n\n<div class=\"et_pb_section_8 et_pb_section et_section_regular et_block_section section_has_divider et_pb_bottom_divider\">\n<div class=\"et_pb_row_13 et_pb_row et_block_row et_animated\">\n<div class=\"et_pb_column_22 et_pb_column et_pb_column_4_4 et-last-child et_block_column et_pb_css_mix_blend_mode_passthrough\">\n<div class=\"et_pb_text_8 et_pb_text et_pb_bg_layout_light et_pb_module et_block_module preset--group--divi-text--divi-font-header--h1y3ko5--default preset--group--divi-text--divi-font-body--h19rs5u--default preset--group--divi-text--divi-font-body--h1yjkjr--default preset--module--divi-text--default\"><div class=\"et_pb_text_inner\"><h2>Nous joindre<\/h2>\n<div id=\"comp-l01ckxkn\" class=\"Z_l5lU MMl86N zQ9jDz qvSjx3 Vq6kJx comp-l01ckxkn wixui-rich-text\" data-testid=\"richTextElement\">\n<p class=\"font_8 wixui-rich-text__text\">Nous sommes l\u00e0 pour vous! Comment pouvons-nous vous aider?<\/p>\n<\/div>\n<\/div><\/div>\n\n<div class=\"et_pb_contact_form_0 et_pb_contact_form_container clearfix et_pb_module et_flex_module preset--group--divi-contact-form--divi-button--h1c8vfa--ugdvnztuu1\" data-form_unique_num=\"0\" data-form_unique_id=\"7067d836e5cc6b8d0df5f1ee01accc26\" id=\"et_pb_contact_form_7067d836e5cc6b8d0df5f1ee01accc26\"><div class=\"et-pb-contact-message\"><\/div><div class=\"et_pb_contact\"><form class=\"et_pb_contact_form et_flex_module\" method=\"post\" action=\"https:\/\/opticalm.ca\/fr\/wp-json\/wp\/v2\/pages\/677\" data-trp-original-action=\"https:\/\/opticalm.ca\/fr\/wp-json\/wp\/v2\/pages\/677\">\n<div class=\"et_pb_contact_field_0 et_pb_contact_field et_pb_module et_flex_module et_flex_column_24_24 et_flex_column_24_24_tablet et_flex_column_24_24_phone\" data-id=\"name\" data-type=\"input\"><label class=\"et_pb_contact_form_label\" for=\"et_pb_contact_0_name_0\">Pr\u00e9nom*<\/label><input type=\"text\" name=\"et_pb_contact_0_name_0\" id=\"et_pb_contact_0_name_0\" class=\"input\" data-required_mark=\"required\" data-field_type=\"input\" data-original_id=\"name\" placeholder=\"Pr\u00e9nom*\" title=\"\" value=\"\" \/><\/div>\n\n<div class=\"et_pb_contact_field_1 et_pb_contact_field et_pb_module et_flex_module et_flex_column_24_24 et_flex_column_24_24_tablet et_flex_column_24_24_phone\" data-id=\"email\" data-type=\"email\"><label class=\"et_pb_contact_form_label\" for=\"et_pb_contact_0_email_1\">Courriel*<\/label><input type=\"text\" name=\"et_pb_contact_0_email_1\" id=\"et_pb_contact_0_email_1\" class=\"input\" data-required_mark=\"required\" data-field_type=\"email\" data-original_id=\"email\" placeholder=\"Courriel*\" title=\"\" value=\"\" \/><\/div>\n\n<div class=\"et_pb_contact_field_2 et_pb_contact_field et_pb_module et_flex_module et_flex_column_24_24 et_flex_column_24_24_tablet et_flex_column_24_24_phone\" data-id=\"message\" data-type=\"text\"><label class=\"et_pb_contact_form_label\" for=\"et_pb_contact_0_message_2\">Veuillez entrer votre message ici. Ne pas fournir d'informations confidentielles ou personnelles sur votre sant\u00e9.<\/label><textarea name=\"et_pb_contact_0_message_2\" id=\"et_pb_contact_0_message_2\" class=\"et_pb_contact_message input\" data-required_mark=\"required\" data-field_type=\"text\" data-original_id=\"message\" placeholder=\"Veuillez entrer votre message ici. Ne pas fournir d&#039;informations confidentielles ou personnelles sur votre sant\u00e9.\"><\/textarea><\/div>\n<input type=\"hidden\" name=\"et_pb_contactform_submit_7067d836e5cc6b8d0df5f1ee01accc26\" value=\"et_contact_proccess\" \/><div class=\"et_contact_bottom_container\"><div class=\"et_pb_button_wrapper\"><button type=\"submit\" name=\"et_builder_submit_button\" class=\"et_pb_button et_pb_contact_submit\" data-icon=\"v\">Soumettre<\/button><\/div><\/div><input type=\"hidden\" id=\"_wpnonce-et-pb-contact-form-submitted-7067d836e5cc6b8d0df5f1ee01accc26\" name=\"_wpnonce-et-pb-contact-form-submitted-7067d836e5cc6b8d0df5f1ee01accc26\" value=\"42caea04b2\" \/><input type=\"hidden\" name=\"_wp_http_referer\" value=\"\/fr\/wp-json\/wp\/v2\/pages\/677\" \/><input type=\"hidden\" name=\"trp-form-language\" value=\"fr\"\/><\/form><\/div><\/div>\n<\/div>\n<\/div>\n<div class=\"et_pb_bottom_inside_divider et-no-transition\"><\/div><\/div>","protected":false},"excerpt":{"rendered":"","protected":false},"author":1,"featured_media":0,"parent":0,"menu_order":67,"comment_status":"closed","ping_status":"closed","template":"","meta":{"footnotes":""},"class_list":["post-677","page","type-page","status-publish","hentry"],"_links":{"self":[{"href":"https:\/\/opticalm.ca\/fr\/wp-json\/wp\/v2\/pages\/677","targetHints":{"allow":["GET"]}}],"collection":[{"href":"https:\/\/opticalm.ca\/fr\/wp-json\/wp\/v2\/pages"}],"about":[{"href":"https:\/\/opticalm.ca\/fr\/wp-json\/wp\/v2\/types\/page"}],"author":[{"embeddable":true,"href":"https:\/\/opticalm.ca\/fr\/wp-json\/wp\/v2\/users\/1"}],"replies":[{"embeddable":true,"href":"https:\/\/opticalm.ca\/fr\/wp-json\/wp\/v2\/comments?post=677"}],"version-history":[{"count":21,"href":"https:\/\/opticalm.ca\/fr\/wp-json\/wp\/v2\/pages\/677\/revisions"}],"predecessor-version":[{"id":1075,"href":"https:\/\/opticalm.ca\/fr\/wp-json\/wp\/v2\/pages\/677\/revisions\/1075"}],"wp:attachment":[{"href":"https:\/\/opticalm.ca\/fr\/wp-json\/wp\/v2\/media?parent=677"}],"curies":[{"name":"wp","href":"https:\/\/api.w.org\/{rel}","templated":true}]}}