{"id":809,"date":"2025-11-28T01:14:01","date_gmt":"2025-11-28T01:14:01","guid":{"rendered":"https:\/\/visualstressclinic.ca\/?page_id=809"},"modified":"2026-01-21T01:34:12","modified_gmt":"2026-01-21T01:34:12","slug":"visual-stress-process","status":"publish","type":"page","link":"https:\/\/opticalm.ca\/fr\/visual-stress-process\/","title":{"rendered":"Visual Stress Process"},"content":{"rendered":"<div class=\"et_pb_section_0 et_pb_section et_section_regular et_block_section section_has_divider et_pb_bottom_divider\">\n<div class=\"et_pb_row_0 et_pb_row et_block_row\">\n<div class=\"et_pb_column_0 et_pb_column et_pb_column_4_4 et-last-child et_block_column et_pb_css_mix_blend_mode_passthrough\">\n<div class=\"et_pb_text_0 et_pb_text et_pb_bg_layout_dark et_pb_module et_block_module preset--module--divi-text--71310323-096d-43ef-a9c6-793b3fb8a7bc\"><div class=\"et_pb_text_inner\"><h1>Le processus du stress visuel<\/h1>\n<\/div><\/div>\n<\/div>\n<\/div>\n<div class=\"et_pb_bottom_inside_divider et-no-transition\"><\/div><\/div>\n\n<div class=\"et_pb_section_1 et_pb_section et_section_specialty et_pb_gutters3 et_block_section\"><div class=\"et_pb_row et_block_row\">\n<div class=\"et_pb_column_1 et_pb_column et_pb_column_single et_pb_column_1_3 et_block_column et_pb_css_mix_blend_mode_passthrough\">\n<div class=\"et_pb_text_1 et_pb_text et_pb_bg_layout_light et_animated et_pb_module et_block_module preset--group--divi-text--divi-font-header--default preset--group--divi-text--divi-font-body--default preset--module--divi-text--default\"><div class=\"et_pb_text_inner\"><h2>Les phases du stress visuel<\/h2>\n<\/div><\/div>\n\n<div class=\"et_pb_divider_0 et_pb_divider et_pb_space et_pb_divider_position_top et_animated et_pb_module\"><div class=\"et_pb_divider_internal\"><\/div><\/div>\n\n<div class=\"et_pb_text_2 et_pb_text et_pb_bg_layout_light et_animated et_pb_module et_block_module preset--group--divi-text--divi-font-header--default preset--group--divi-text--divi-font-body--default preset--module--divi-text--default\"><div class=\"et_pb_text_inner\"><p>Pour que le stress visuel se produise, le syst\u00e8me visuel passe par plusieurs \u00e9tapes. Comprendre ces \u00e9tapes peut vous aider \u00e0 arr\u00eater le processus en r\u00e9duisant les \u00e9l\u00e9ments d\u00e9clencheurs et en modifiant votre environnement visuel. Si vous ne changez rien et que le cycle continue \u00e0 s'intensifier, le stress s'accumule et les sympt\u00f4mes s'aggravent.<\/p>\n<\/div><\/div>\n<\/div>\n\n<div class=\"et_pb_column_2 et_pb_column et_pb_specialty_column et_pb_column_2_3 et-last-child et_block_column et_pb_css_mix_blend_mode_passthrough\">\n<div class=\"et_pb_row_inner_0 et_pb_row_inner et_pb_gutters1 et_block_row\">\n<div class=\"et_pb_column_inner_0 et_pb_column_inner et_pb_column et_pb_column_1_3 et_block_column et_pb_css_mix_blend_mode_passthrough et_pb_column_1_2\">\n<div class=\"et_pb_blurb_0 et_pb_blurb et_pb_bg_layout_light et_pb_blurb_position_left et_animated et_pb_module et_block_module preset--group--divi-blurb--divi-font-body--default\"><div class=\"et_pb_blurb_content\"><div class=\"et_pb_main_blurb_image\"><a href=\"#\"><span class=\"et_pb_image_wrap et_pb_only_image_mode_wrap\"><img loading=\"lazy\" decoding=\"async\" src=\"https:\/\/visualstressclinic.ca\/wp-content\/uploads\/2025\/12\/green-eye-icon.png\" width=\"522\" height=\"522\" srcset=\"https:\/\/visualstressclinic.ca\/wp-content\/uploads\/2025\/12\/green-eye-icon.png 522w, https:\/\/visualstressclinic.ca\/wp-content\/uploads\/2025\/12\/green-eye-icon-480x480.png 480w\" sizes=\"(min-width: 0px) and (max-width: 480px) 480px, (min-width: 481px) 522px, 100vw\" class=\"wp-image-837\" \/><\/span><\/a><\/div><div class=\"et_pb_blurb_container\"><h4 class=\"et_pb_module_header\"><a href=\"#\">Les \u00e9l\u00e9ments d\u00e9clencheurs\r\n<\/a><\/h4><div class=\"et_pb_blurb_description\"><p>Le processus commence lorsqu'un individu regarde une image d\u00e9clencheuse. Les images d\u00e9clencheuses ont un motif fort, sont tr\u00e8s contrast\u00e9es, scintillent, bougent ou sont d'une couleur d\u00e9sagr\u00e9able.<\/p>\n<\/div><\/div><\/div><\/div>\n\n<div class=\"et_pb_blurb_1 et_pb_blurb et_pb_bg_layout_light et_pb_blurb_position_left et_animated et_pb_module et_block_module preset--group--divi-blurb--divi-font-body--default\"><div class=\"et_pb_blurb_content\"><div class=\"et_pb_main_blurb_image\"><a href=\"#\"><span class=\"et_pb_image_wrap et_pb_only_image_mode_wrap\"><img loading=\"lazy\" decoding=\"async\" src=\"https:\/\/visualstressclinic.ca\/wp-content\/uploads\/2025\/12\/red-alarm-icon.png\" width=\"522\" height=\"522\" srcset=\"https:\/\/visualstressclinic.ca\/wp-content\/uploads\/2025\/12\/red-alarm-icon.png 522w, https:\/\/visualstressclinic.ca\/wp-content\/uploads\/2025\/12\/red-alarm-icon-480x480.png 480w\" sizes=\"(min-width: 0px) and (max-width: 480px) 480px, (min-width: 481px) 522px, 100vw\" class=\"wp-image-838\" \/><\/span><\/a><\/div><div class=\"et_pb_blurb_container\"><h4 class=\"et_pb_module_header\"><a href=\"#\">Traitement de l'information\r\n<\/a><\/h4><div class=\"et_pb_blurb_description\"><p>Si le cortex visuel est sensible aux informations qu'il re\u00e7oit, une alarme interne se d\u00e9clenche dans le cerveau, activant la zone et appelant du sang oxyg\u00e9n\u00e9 (\u00e9nergie) pour g\u00e9rer le probl\u00e8me.<\/p>\n<\/div><\/div><\/div><\/div>\n<\/div>\n\n<div class=\"et_pb_column_inner_1 et_pb_column_inner et_pb_column et_pb_column_1_3 et-last-child et_block_column et_pb_css_mix_blend_mode_passthrough et_pb_column_1_2\">\n<div class=\"et_pb_blurb_2 et_pb_blurb et_pb_bg_layout_light et_pb_blurb_position_left et_animated et_pb_module et_block_module preset--group--divi-blurb--divi-font-body--default\"><div class=\"et_pb_blurb_content\"><div class=\"et_pb_main_blurb_image\"><a href=\"#\"><span class=\"et_pb_image_wrap et_pb_only_image_mode_wrap\"><img loading=\"lazy\" decoding=\"async\" src=\"https:\/\/visualstressclinic.ca\/wp-content\/uploads\/2025\/12\/yellow-brain-icon.png\" width=\"522\" height=\"522\" srcset=\"https:\/\/visualstressclinic.ca\/wp-content\/uploads\/2025\/12\/yellow-brain-icon.png 522w, https:\/\/visualstressclinic.ca\/wp-content\/uploads\/2025\/12\/yellow-brain-icon-480x480.png 480w\" sizes=\"(min-width: 0px) and (max-width: 480px) 480px, (min-width: 481px) 522px, 100vw\" class=\"wp-image-840\" \/><\/span><\/a><\/div><div class=\"et_pb_blurb_container\"><h4 class=\"et_pb_module_header\"><a href=\"#\">R\u00e9ception d'informations\r\n<\/a><\/h4><div class=\"et_pb_blurb_description\"><p>Les informations de l'image sont envoy\u00e9es au cortex visuel o\u00f9 elles sont cens\u00e9es \u00eatre converties en une image claire que le reste du cerveau peut maintenant utiliser pour prendre des d\u00e9cisions et effectuer des t\u00e2ches.<\/p>\n<\/div><\/div><\/div><\/div>\n\n<div class=\"et_pb_blurb_3 et_pb_blurb et_pb_bg_layout_light et_pb_blurb_position_left et_animated et_pb_module et_block_module preset--group--divi-blurb--divi-font-body--default\"><div class=\"et_pb_blurb_content\"><div class=\"et_pb_main_blurb_image\"><a href=\"#\"><span class=\"et_pb_image_wrap et_pb_only_image_mode_wrap\"><img loading=\"lazy\" decoding=\"async\" src=\"https:\/\/visualstressclinic.ca\/wp-content\/uploads\/2025\/12\/redoutline-stressed-brain-icon.png\" width=\"522\" height=\"522\" srcset=\"https:\/\/visualstressclinic.ca\/wp-content\/uploads\/2025\/12\/redoutline-stressed-brain-icon.png 522w, https:\/\/visualstressclinic.ca\/wp-content\/uploads\/2025\/12\/redoutline-stressed-brain-icon-480x480.png 480w\" sizes=\"(min-width: 0px) and (max-width: 480px) 480px, (min-width: 481px) 522px, 100vw\" class=\"wp-image-839\" \/><\/span><\/a><\/div><div class=\"et_pb_blurb_container\"><h4 class=\"et_pb_module_header\"><a href=\"#\">L'hyperactivation\r\n<\/a><\/h4><div class=\"et_pb_blurb_description\"><p>Si le cortex visuel continue d'\u00eatre activ\u00e9, une quantit\u00e9 excessive d'\u00e9nergie est envoy\u00e9e dans la zone. On parle alors d'hyperactivation, ce qui signifie que le syst\u00e8me visuel est soumis \u00e0 un stress et que l'individu subit un stress visuel.<\/p>\n<\/div><\/div><\/div><\/div>\n<\/div>\n<\/div>\n<\/div>\n<\/div><\/div>\n\n<div class=\"et_pb_section_2 et_pb_section et_section_regular et_block_section\">\n<div class=\"et_pb_row_1 et_pb_row et_block_row\">\n<div class=\"et_pb_column_3 et_pb_column et_pb_column_1_3 et_block_column et_pb_css_mix_blend_mode_passthrough\">\n<div class=\"et_pb_image_0 et_pb_image et_pb_module et_flex_module\"><span class=\"et_pb_image_wrap\"><img loading=\"lazy\" decoding=\"async\" src=\"https:\/\/visualstressclinic.ca\/wp-content\/uploads\/2025\/12\/Brain-infographic_T.png\" alt=\"Brain infographic number 1 to 6\" width=\"1080\" height=\"1080\" srcset=\"https:\/\/visualstressclinic.ca\/wp-content\/uploads\/2025\/12\/Brain-infographic_T.png 1080w, https:\/\/visualstressclinic.ca\/wp-content\/uploads\/2025\/12\/Brain-infographic_T-980x980.png 980w, https:\/\/visualstressclinic.ca\/wp-content\/uploads\/2025\/12\/Brain-infographic_T-480x480.png 480w\" sizes=\"(min-width: 0px) and (max-width: 480px) 480px, (min-width: 481px) and (max-width: 980px) 980px, (min-width: 981px) 1080px, 100vw\" class=\"wp-image-834\" \/><\/span><\/div>\n<\/div>\n\n<div class=\"et_pb_column_4 et_pb_column et_pb_column_1_3 et_block_column et_pb_css_mix_blend_mode_passthrough\">\n<div class=\"et_pb_blurb_4 et_pb_blurb et_pb_bg_layout_light et_pb_blurb_position_left et_animated et_pb_module et_block_module preset--group--divi-blurb--divi-font-body--default\"><div class=\"et_pb_blurb_content\"><div class=\"et_pb_blurb_container\"><h4 class=\"et_pb_module_header\">1) Douleur, pression et chaleur\r\n\r\n <\/h4><div class=\"et_pb_blurb_description\"><p>Le cortex visuel se remplit de ce sang oxyg\u00e9n\u00e9 (\u00e9nergie). Une pression, une douleur et une chaleur \u00e0 l'arri\u00e8re de la t\u00eate (o\u00f9 se trouve le cortex visuel) sont souvent signal\u00e9es.<\/p>\n<\/div><\/div><\/div><\/div>\n\n<div class=\"et_pb_blurb_5 et_pb_blurb et_pb_bg_layout_light et_pb_blurb_position_left et_animated et_pb_module et_block_module preset--group--divi-blurb--divi-font-body--default\"><div class=\"et_pb_blurb_content\"><div class=\"et_pb_blurb_container\"><h4 class=\"et_pb_module_header\">3) La perte de clart\u00e9<\/h4><div class=\"et_pb_blurb_description\"><p>Les informations ne sont plus trait\u00e9es correctement et les informations visuelles perdent de leur clart\u00e9. Un flou intermittent peut appara\u00eetre, entra\u00eenant un plissement des yeux, une fatigue oculaire et un inconfort visuel.<\/p>\n<\/div><\/div><\/div><\/div>\n\n<div class=\"et_pb_blurb_6 et_pb_blurb et_pb_bg_layout_light et_pb_blurb_position_left et_animated et_pb_module et_block_module preset--group--divi-blurb--divi-font-body--default\"><div class=\"et_pb_blurb_content\"><div class=\"et_pb_blurb_container\"><h4 class=\"et_pb_module_header\">5) Les illusions visuelles<\/h4><div class=\"et_pb_blurb_description\"><p>La perception devient un probl\u00e8me, les images textuelles peuvent sembler instables, ce qui entra\u00eene des difficult\u00e9s de suivi et de lecture. La lumi\u00e8re et l'\u00e9blouissement peuvent sembler trops intenses.<\/p>\n<\/div><\/div><\/div><\/div>\n<\/div>\n\n<div class=\"et_pb_column_5 et_pb_column et_pb_column_1_3 et-last-child et_block_column et_pb_css_mix_blend_mode_passthrough\">\n<div class=\"et_pb_blurb_7 et_pb_blurb et_pb_bg_layout_light et_pb_blurb_position_left et_animated et_pb_module et_block_module preset--group--divi-blurb--divi-font-body--default\"><div class=\"et_pb_blurb_content\"><div class=\"et_pb_blurb_container\"><h4 class=\"et_pb_module_header\">2) Un traitement plus lent<\/h4><div class=\"et_pb_blurb_description\"><p>Au fur et \u00e0 mesure que l'\u00e9nergie s'accumule, les voies se bouchent, le traitement de l'information devient plus lent, et des sympt\u00f4mes de brouillard c\u00e9r\u00e9bral et de difficult\u00e9s de concentration sont souvent signal\u00e9s.<\/p>\n<\/div><\/div><\/div><\/div>\n\n<div class=\"et_pb_blurb_8 et_pb_blurb et_pb_bg_layout_light et_pb_blurb_position_left et_animated et_pb_module et_block_module preset--group--divi-blurb--divi-font-body--default\"><div class=\"et_pb_blurb_content\"><div class=\"et_pb_blurb_container\"><h4 class=\"et_pb_module_header\">4) La fatigue et la frustration<\/h4><div class=\"et_pb_blurb_description\"><p>L'\u00e9nergie cognitive s'\u00e9puise et continue d'\u00eatre d\u00e9pens\u00e9e pour traiter l'image. La fatigue et la frustration sont souvent au rendez-vous.<\/p>\n<\/div><\/div><\/div><\/div>\n\n<div class=\"et_pb_blurb_9 et_pb_blurb et_pb_bg_layout_light et_pb_blurb_position_left et_animated et_pb_module et_block_module preset--group--divi-blurb--divi-font-body--default\"><div class=\"et_pb_blurb_content\"><div class=\"et_pb_blurb_container\"><h4 class=\"et_pb_module_header\">6) Les probl\u00e8mes vestibulaires<\/h4><div class=\"et_pb_blurb_description\"><p>La perception de l'environnement visuel peut \u00eatre per\u00e7ue comme in\u00e9gale et instable, ce qui provoque des vertiges et des naus\u00e9es lors des mouvements.<\/p>\n<\/div><\/div><\/div><\/div>\n<\/div>\n<\/div>\n\n<div class=\"et_pb_row_2 et_pb_row et_flex_row\">\n<div class=\"et_pb_column_6 et_pb_column et-last-child et_flex_column et_pb_css_mix_blend_mode_passthrough et_flex_column_24_24 et_flex_column_24_24_tablet et_flex_column_24_24_phone\">\n<div class=\"et_pb_text_3 et_pb_text et_pb_bg_layout_light et_animated et_pb_module et_block_module preset--group--divi-text--divi-font-header--default preset--group--divi-text--divi-font-body--default preset--module--divi-text--default\"><div class=\"et_pb_text_inner\"><h2><span style=\"color: #1a579e;\">Remarque:<\/span><\/h2>\n<p>Si l'image d\u00e9clenchante continue d'\u00eatre re\u00e7ue par le cerveau, le processus se poursuit en boucle et les sympt\u00f4mes du stress visuel augmentent en nombre et en gravit\u00e9. \u00c0 mesure que l'exc\u00e8s de sang oxyg\u00e9n\u00e9 s'accumule, il se d\u00e9verse en cascade dans d'autres zones du cerveau, provoquant d'autres probl\u00e8mes apparemment sans rapport, tels que la surcharge sensorielle auditive et les migraines. La meilleure fa\u00e7on de mettre fin \u00e0 ce cercle vicieux est d'arr\u00eater ce que vous \u00eates en train de faire et de ne plus regarder les images d\u00e9clencheuses. Vous pouvez \u00e9galement vous tourner vers les verres teint\u00e9s de pr\u00e9cision et d'autres produits propos\u00e9s par Opticalm et son r\u00e9seau de <a href=\"https:\/\/www.visualstress.app\/fr\/find-providers\/\">prestataires de services de colorim\u00e9trie<\/a>.<\/p>\n<\/div><\/div>\n<\/div>\n<\/div>\n<\/div>\n\n<div class=\"et_pb_section_3 et_pb_section et_section_regular et_flex_section\">\n<div class=\"et_pb_row_3 et_pb_row et_flex_row\">\n<div class=\"et_pb_column_7 et_pb_column et_flex_column et_pb_css_mix_blend_mode_passthrough et_flex_column_12_24 et_flex_column_12_24_tablet et_flex_column_24_24_phone\">\n<div class=\"et_pb_text_4 et_pb_text et_pb_bg_layout_light et_pb_module et_block_module preset--group--divi-text--divi-font-header--default preset--group--divi-text--divi-font-body--default preset--module--divi-text--default\"><div class=\"et_pb_text_inner\"><h2>Causes et d\u00e9clencheurs<\/h2>\n<p><span style=\"color: #000000;\">Le stress visuel survient lorsque l'environnement visuel d\u00e9clenchent une r\u00e9action excessive dans le cerveau, qui peut entra\u00eener de l\u2019inconfort physique et des troubles perceptifs visuels.\u202f<\/span><\/p>\n<\/div>\n<div class=\"et_pb_module et_pb_button_module_wrapper et_pb_button_0_wrapper preset--group--divi-button--divi-button--iy33fxtfem_wrapper\"><a class=\"et_pb_button_0 et_pb_button et_pb_bg_layout_light et_pb_module et_block_module preset--group--divi-button--divi-button--iy33fxtfem\" href=\"\" data-icon=\"&amp;\">En savoir plus<\/a><\/div>\n<\/div>\n<\/div>\n\n<div class=\"et_pb_column_8 et_pb_column et-last-child et_flex_column et_pb_css_mix_blend_mode_passthrough et_flex_column_12_24 et_flex_column_12_24_tablet et_flex_column_24_24_phone\">\n<div class=\"et_pb_text_5 et_pb_text et_pb_bg_layout_light et_pb_module et_block_module preset--group--divi-text--divi-font-header--default preset--group--divi-text--divi-font-body--default preset--module--divi-text--default\"><div class=\"et_pb_text_inner\"><h2>Signes et sympt\u00f4mes<\/h2>\n<p><span style=\"color: #000000;\">D\u00e9tecter les signes, traiter et prendre en charge les sympt\u00f4mes.<\/span><\/p>\n<\/div>\n<div class=\"et_pb_module et_pb_button_module_wrapper et_pb_button_1_wrapper preset--group--divi-button--divi-button--iy33fxtfem_wrapper\"><a class=\"et_pb_button_1 et_pb_button et_pb_bg_layout_light et_pb_module et_block_module preset--group--divi-button--divi-button--iy33fxtfem\" href=\"https:\/\/opticalm.ca\/fr\/signs-and-symptoms\/\" data-icon=\"&amp;\">En savoir plus<\/a><\/div>\n<\/div>\n<\/div>\n<\/div>\n<\/div>\n\n<div class=\"et_pb_section_4 et_pb_section et_section_regular et_block_section section_has_divider et_pb_top_divider et_pb_bottom_divider\"><div class=\"et_pb_top_inside_divider et-no-transition\"><\/div>\n<div class=\"et_pb_row_4 et_pb_row et_block_row\">\n<div class=\"et_pb_column_9 et_pb_column et_pb_column_4_4 et-last-child et_block_column et_pb_css_mix_blend_mode_passthrough\">\n<div class=\"et_pb_text_6 et_pb_text et_pb_bg_layout_light et_pb_module et_block_module preset--group--divi-text--divi-font-header--default preset--group--divi-text--divi-font-body--default preset--module--divi-text--default\"><div class=\"et_pb_text_inner\"><h2>Consultez un optom\u00e9triste<\/h2>\n<p><span style=\"color: #000000;\">Il est essentiel de consulter un optom\u00e9triste pour une \u00e9valuation de la vue compl\u00e8te et de faire traiter toute anomalie de mani\u00e8re conventionnelle avant d'envisager un traitement avec des filtres color\u00e9s.<\/span><\/p>\n<\/div><\/div>\n<\/div>\n<\/div>\n<div class=\"et_pb_bottom_inside_divider et-no-transition\"><\/div><\/div>\n\n<div class=\"et_pb_section_5 et_pb_section et_section_regular et_block_section section_has_divider et_pb_bottom_divider\">\n<div class=\"et_pb_row_5 et_pb_row et_block_row et_animated\">\n<div class=\"et_pb_column_10 et_pb_column et_pb_column_4_4 et-last-child et_block_column et_pb_css_mix_blend_mode_passthrough\">\n<div class=\"et_pb_text_7 et_pb_text et_pb_bg_layout_light et_pb_module et_block_module preset--group--divi-text--divi-font-header--default preset--group--divi-text--divi-font-body--default preset--module--divi-text--default\"><div class=\"et_pb_text_inner\"><h2>Nous joindre<\/h2>\n<div id=\"comp-l01ckxkn\" class=\"Z_l5lU MMl86N zQ9jDz qvSjx3 Vq6kJx comp-l01ckxkn wixui-rich-text\" data-testid=\"richTextElement\">\n<p class=\"font_8 wixui-rich-text__text\">Nous sommes l\u00e0 pour vous! Comment pouvons-nous vous aider?<\/p>\n<\/div>\n<\/div><\/div>\n\n<div class=\"et_pb_contact_form_0 et_pb_contact_form_container clearfix et_pb_module et_flex_module preset--group--divi-contact-form--divi-button--iy33fxtfem\" data-form_unique_num=\"0\" data-form_unique_id=\"acfb62f2-1a14-4389-97a0-cdd4f75f5556\" id=\"et_pb_contact_form_acfb62f2-1a14-4389-97a0-cdd4f75f5556\"><div class=\"et-pb-contact-message\"><\/div><div class=\"et_pb_contact\"><form class=\"et_pb_contact_form et_flex_module\" method=\"post\" action=\"https:\/\/opticalm.ca\/fr\/wp-json\/wp\/v2\/pages\/809\" data-trp-original-action=\"https:\/\/opticalm.ca\/fr\/wp-json\/wp\/v2\/pages\/809\">\n<div class=\"et_pb_contact_field_0 et_pb_contact_field et_pb_module et_flex_module et_flex_column_24_24 et_flex_column_24_24_tablet et_flex_column_24_24_phone\" data-id=\"name\" data-type=\"input\"><label class=\"et_pb_contact_form_label\" for=\"et_pb_contact_0_name_0\">Pr\u00e9nom*<\/label><input type=\"text\" name=\"et_pb_contact_0_name_0\" id=\"et_pb_contact_0_name_0\" class=\"input\" data-required_mark=\"required\" data-field_type=\"input\" data-original_id=\"name\" placeholder=\"Pr\u00e9nom*\" title=\"\" value=\"\" \/><\/div>\n\n<div class=\"et_pb_contact_field_1 et_pb_contact_field et_pb_module et_flex_module et_flex_column_24_24 et_flex_column_24_24_tablet et_flex_column_24_24_phone\" data-id=\"email\" data-type=\"email\"><label class=\"et_pb_contact_form_label\" for=\"et_pb_contact_0_email_1\">Courriel*<\/label><input type=\"text\" name=\"et_pb_contact_0_email_1\" id=\"et_pb_contact_0_email_1\" class=\"input\" data-required_mark=\"required\" data-field_type=\"email\" data-original_id=\"email\" placeholder=\"Courriel*\" title=\"\" value=\"\" \/><\/div>\n\n<div class=\"et_pb_contact_field_2 et_pb_contact_field et_pb_module et_flex_module et_flex_column_24_24 et_flex_column_24_24_tablet et_flex_column_24_24_phone\" data-id=\"message\" data-type=\"text\"><label class=\"et_pb_contact_form_label\" for=\"et_pb_contact_0_message_2\">Veuillez entrer votre message ici. Ne pas fournir d'informations confidentielles ou personnelles sur votre sant\u00e9.<\/label><textarea name=\"et_pb_contact_0_message_2\" id=\"et_pb_contact_0_message_2\" class=\"et_pb_contact_message input\" data-required_mark=\"required\" data-field_type=\"text\" data-original_id=\"message\" placeholder=\"Veuillez entrer votre message ici. Ne pas fournir d&#039;informations confidentielles ou personnelles sur votre sant\u00e9.\"><\/textarea><\/div>\n<input type=\"hidden\" name=\"et_pb_contactform_submit_acfb62f2-1a14-4389-97a0-cdd4f75f5556\" value=\"et_contact_proccess\" \/><div class=\"et_contact_bottom_container\"><div class=\"et_pb_button_wrapper\"><button type=\"submit\" name=\"et_builder_submit_button\" class=\"et_pb_button et_pb_contact_submit\" data-icon=\"v\">Soumettre<\/button><\/div><\/div><input type=\"hidden\" id=\"_wpnonce-et-pb-contact-form-submitted-acfb62f2-1a14-4389-97a0-cdd4f75f5556\" name=\"_wpnonce-et-pb-contact-form-submitted-acfb62f2-1a14-4389-97a0-cdd4f75f5556\" value=\"9c0c343f9d\" \/><input type=\"hidden\" name=\"_wp_http_referer\" value=\"\/fr\/wp-json\/wp\/v2\/pages\/809\" \/><input type=\"hidden\" name=\"trp-form-language\" value=\"fr\"\/><\/form><\/div><\/div>\n<\/div>\n<\/div>\n<div class=\"et_pb_bottom_inside_divider et-no-transition\"><\/div><\/div>","protected":false},"excerpt":{"rendered":"","protected":false},"author":1,"featured_media":0,"parent":0,"menu_order":59,"comment_status":"closed","ping_status":"closed","template":"","meta":{"footnotes":""},"class_list":["post-809","page","type-page","status-publish","hentry"],"_links":{"self":[{"href":"https:\/\/opticalm.ca\/fr\/wp-json\/wp\/v2\/pages\/809","targetHints":{"allow":["GET"]}}],"collection":[{"href":"https:\/\/opticalm.ca\/fr\/wp-json\/wp\/v2\/pages"}],"about":[{"href":"https:\/\/opticalm.ca\/fr\/wp-json\/wp\/v2\/types\/page"}],"author":[{"embeddable":true,"href":"https:\/\/opticalm.ca\/fr\/wp-json\/wp\/v2\/users\/1"}],"replies":[{"embeddable":true,"href":"https:\/\/opticalm.ca\/fr\/wp-json\/wp\/v2\/comments?post=809"}],"version-history":[{"count":11,"href":"https:\/\/opticalm.ca\/fr\/wp-json\/wp\/v2\/pages\/809\/revisions"}],"predecessor-version":[{"id":892,"href":"https:\/\/opticalm.ca\/fr\/wp-json\/wp\/v2\/pages\/809\/revisions\/892"}],"wp:attachment":[{"href":"https:\/\/opticalm.ca\/fr\/wp-json\/wp\/v2\/media?parent=809"}],"curies":[{"name":"wp","href":"https:\/\/api.w.org\/{rel}","templated":true}]}}